{"id":9502,"date":"2022-03-22T12:49:39","date_gmt":"2022-03-22T12:49:39","guid":{"rendered":"https:\/\/sigletos.gr\/?page_id=9502"},"modified":"2025-03-31T14:20:20","modified_gmt":"2025-03-31T11:20:20","slug":"terms-conditions","status":"publish","type":"page","link":"https:\/\/sigletos.gr\/de\/terms-conditions\/","title":{"rendered":"Nutzungsbedingungen"},"content":{"rendered":"<div data-elementor-type=\"wp-page\" data-elementor-id=\"9502\" class=\"elementor elementor-9502\" data-elementor-post-type=\"page\">\n\t\t\t\t\t\t<section class=\"wd-negative-gap elementor-section elementor-top-section elementor-element elementor-element-37900cf elementor-section-stretched elementor-section-boxed elementor-section-height-default elementor-section-height-default\" data-id=\"37900cf\" data-element_type=\"section\" data-e-type=\"section\" data-settings=\"{&quot;stretch_section&quot;:&quot;section-stretched&quot;}\">\n\t\t\t\t\t\t<div class=\"elementor-container elementor-column-gap-default\">\n\t\t\t\t\t<div class=\"elementor-column elementor-col-100 elementor-top-column elementor-element elementor-element-822f5f1\" data-id=\"822f5f1\" data-element_type=\"column\" data-e-type=\"column\">\n\t\t\t<div class=\"elementor-widget-wrap elementor-element-populated\">\n\t\t\t\t\t\t<div class=\"elementor-element elementor-element-9ab4725 color-scheme-inherit text-left elementor-widget elementor-widget-text-editor\" data-id=\"9ab4725\" data-element_type=\"widget\" data-e-type=\"widget\" data-widget_type=\"text-editor.default\">\n\t\t\t\t<div class=\"elementor-widget-container\">\n\t\t\t\t\t\t\t\t\t<div class=\"term-wrapper\"><div class=\"inner\"><p><strong>Import<\/strong><\/p><p>Die Website <strong>sigletos.gr<\/strong><strong>\u00a0<\/strong>ist ein elektronischer Handelsladen, der Produkte und Dienstleistungen \u00fcber das Internet verkauft (nachfolgend Online-Shop oder Website genannt), der von der Firma unter dem Namen <strong>M.Sygletos &amp; Co. OE<\/strong>, mit <b>Umsatzsteuer-Identifikationsnummer 099708469 <\/b>mit Sitz in <strong>Heraklion, Kreta<\/strong> und gesetzlich vertreten ist, mit einer elektronischen Kontaktadresse <strong>info@sigletos.gr<\/strong>, Service-Hotline des Online-Shops: <strong>2810319898<\/strong>, (nachfolgend der K\u00fcrze halber das UNTERNEHMEN).<\/p><p>Der<strong> sigletos.gr<\/strong><strong>, <\/strong>Das Unternehmen, das die Website erstellt hat, bietet seine Dienste unter den folgenden Nutzungsbedingungen an. Der Besucher\/Benutzer der Website-Seiten wird gebeten, diese sorgf\u00e4ltig zu lesen und mit dem Besuch\/der Nutzung der Seiten\/Dienste fortzufahren. <strong>sigletos.gr <\/strong>nur wenn er sie vollst\u00e4ndig akzeptiert.<\/p><p><strong>Allgemein<\/strong><\/p><p>Der <strong>sigletos.gr<\/strong>\u00a0beh\u00e4lt sich das Recht vor, die Nutzungsbedingungen und Transaktionsbedingungen des Online-Shops jederzeit nach eigenem Ermessen zu \u00e4ndern oder zu \u00fcberarbeiten, wenn dies erforderlich erscheint, und verpflichtet sich, die Verbraucher \u00fcber alle \u00c4nderungen auf den Seiten des Online-Shops zu informieren.<\/p><p><strong>Bereitgestellte Informationen und Produkte<\/strong><\/p><p>Das UNTERNEHMEN verpflichtet sich zur Richtigkeit, Wahrhaftigkeit und Vollst\u00e4ndigkeit der im Online-Shop bereitgestellten Informationen hinsichtlich seiner Identit\u00e4t sowie der \u00fcber den Online-Shop abgewickelten Transaktionen. Das Unternehmen haftet nach Treu und Glauben nicht f\u00fcr fehlerhafte oder unterlassene elektronische Dateneingaben und ist berechtigt, diese zu korrigieren, sobald es Kenntnis von deren Existenz erlangt.<\/p><p><strong>Haftungsbeschr\u00e4nkung<\/strong><\/p><p>Das UNTERNEHMEN ist im Rahmen seiner Transaktionen \u00fcber den Online-Shop nicht verantwortlich und haftet nicht f\u00fcr Sch\u00e4den oder Verluste, die aus der Stornierung von Bestellungen, der Nichtausf\u00fchrung oder der Verz\u00f6gerung ihrer Ausf\u00fchrung, aus welchem Grund auch immer, entstehen. Es garantiert nicht die Verf\u00fcgbarkeit der im Online-Shop angezeigten Produkte, informiert den interessierten Kunden jedoch auf der Grundlage der gespeicherten Daten \u00fcber die Verf\u00fcgbarkeit oder Nichtverf\u00fcgbarkeit und verpflichtet sich im Falle einer \u00c4nderung dieser Daten, den Kunden unverz\u00fcglich \u00fcber die Nichtverf\u00fcgbarkeit zu informieren, wobei es in diesem Fall keine weitere Haftung \u00fcbernimmt. Der Online-Shop stellt die Inhalte (Informationen, Namen, Fotos, Illustrationen), die \u00fcber die Website verf\u00fcgbaren Produkte und Dienstleistungen \u201egenau so wie sie sind\u201c zur Verf\u00fcgung. Unter keinen Umst\u00e4nden haftet das UNTERNEHMEN zivil- oder strafrechtlich f\u00fcr Sch\u00e4den (positive, spezielle oder Folgesch\u00e4den, die indikativ und nicht einschr\u00e4nkend, alternativ und\/oder kumulativ aus entgangenem Gewinn, Daten, entgangenem Gewinn, finanzieller Entsch\u00e4digung usw. bestehen), die einem Besucher des Online-Shops oder einem Dritten aus einem Grund entstehen, der mit dem Betrieb oder Nichtbetrieb und\/oder der Nutzung der Website und\/oder der Unm\u00f6glichkeit, Dienste und\/oder Produkte und\/oder die \u00fcber sie verf\u00fcgbaren Informationen bereitzustellen und\/oder mit unbefugten Eingriffen Dritter in Produkte und\/oder Dienste und\/oder die \u00fcber sie verf\u00fcgbaren Informationen zusammenh\u00e4ngt.<\/p><p><strong>Risikotransfer<\/strong><\/p><p>Bei Vertr\u00e4gen, bei denen der Lieferant die Waren an den Verbraucher versendet, geht die Gefahr des Verlusts oder der Besch\u00e4digung der Waren auf den Verbraucher \u00fcber, sobald dieser oder ein von ihm benannter Dritter, der nicht der Bef\u00f6rderer ist, die Waren in Besitz genommen hat. Die Gefahr geht jedoch mit der \u00dcbergabe der Waren an den Bef\u00f6rderer auf den Verbraucher \u00fcber, wenn dieser vom Verbraucher mit der Bef\u00f6rderung beauftragt wurde und der Lieferant ihm diese M\u00f6glichkeit nicht angeboten hat; die Rechte des Verbrauchers gegen\u00fcber dem Bef\u00f6rderer bleiben hiervon unber\u00fchrt.<\/p><p><strong>Geistige Eigentumsrechte<\/strong><\/p><p>Alle Inhalte des Online-Shops, einschlie\u00dflich Marken, Bilder, Grafiken, Fotos, Zeichnungen, Texte usw., stellen geistiges Eigentum des UNTERNEHMENS dar und sind gem\u00e4\u00df den einschl\u00e4gigen Bestimmungen des griechischen Rechts, des europ\u00e4ischen Rechts und internationaler Konventionen gesch\u00fctzt oder stellen geistiges Eigentum Dritter dar, f\u00fcr das das UNTERNEHMEN eine Nutzungslizenz f\u00fcr den eigenen ausschlie\u00dflichen Bedarf und den Betrieb des Online-Shops erhalten hat. Jegliches Kopieren, \u00dcbertragen oder Erstellen abgeleiteter Werke auf Grundlage dieser Inhalte oder die Irref\u00fchrung der \u00d6ffentlichkeit \u00fcber den tats\u00e4chlichen Anbieter des Online-Shops ist untersagt. Die Vervielf\u00e4ltigung, Wiederver\u00f6ffentlichung, das Hochladen, die Ank\u00fcndigung, Verbreitung oder \u00dcbertragung oder jede andere Nutzung der Inhalte in jeglicher Form oder auf jeglichem Medium f\u00fcr kommerzielle oder andere Zwecke ist nur nach vorheriger schriftlicher Zustimmung des UNTERNEHMENS oder eines anderen Urheberrechtsinhabers gestattet. Die Namen, Bilder, Logos und Unterscheidungsmerkmale, die im Online-Shop mit der Marke aufgef\u00fchrt sind und diesen beschreiben, sind <strong>sigletos.gr<\/strong>\u00a0oder die Produkte oder Dienstleistungen des UNTERNEHMENS oder Dritter, sind Eigentum des UNTERNEHMENS bzw. Dritter und durch die entsprechenden Markenrechte gesch\u00fctzt. Ihre Verwendung im Online-Shop gew\u00e4hrt in keiner Weise eine Lizenz oder ein Recht zur Nutzung durch Dritte.<\/p><p><strong>Verantwortung des Benutzers<\/strong><\/p><p>Der Nutzer\/Kunde verpflichtet sich, die Dienste, Informationen und Daten des Online-Shops gem\u00e4\u00df den gesetzlichen Bestimmungen und den Regeln von Treu und Glauben sowie der Gesch\u00e4ftsethik zu nutzen. Er\/sie ist verpflichtet, den Online-Shop nicht mit der Marke <strong>sigletos.gr<\/strong>\u00a0f\u00fcr einen der folgenden Punkte:<\/p><p><strong>&#8211;<\/strong>Senden, Ver\u00f6ffentlichen, Senden per E-Mail oder \u00dcbermitteln auf andere Weise von Inhalten, die aus irgendeinem Grund illegal sind, eine rechtswidrige Straftat darstellen und dem UNTERNEHMEN oder Dritten Schaden zuf\u00fcgen oder die Vertraulichkeit oder Privatsph\u00e4re der Informationen einer Person verletzen<\/p><p><strong>&#8211;<\/strong>Senden, Ver\u00f6ffentlichen, Senden per E-Mail oder \u00dcbermitteln von Inhalten auf andere Weise, die gegen die Moral der Benutzer, soziale Werte, Minderj\u00e4hrige usw. versto\u00dfen.<\/p><p><strong>&#8211;<\/strong>Senden, Posten, E-Mailen oder anderweitiges \u00dcbertragen von Inhalten, zu deren \u00dcbermittlung die Nutzer laut Gesetz oder geltenden Vertr\u00e4gen nicht berechtigt sind (wie etwa Insiderinformationen, gesch\u00fctzte und vertrauliche Informationen, die im Rahmen von Arbeitsverh\u00e4ltnissen erworben oder offengelegt wurden oder unter Vertraulichkeitsvereinbarungen fallen);<\/p><p><strong>&#8211;<\/strong>Senden, Posten, E-Mailen oder anderweitiges \u00dcbertragen von Inhalten, die Patente, Marken, Gesch\u00e4ftsgeheimnisse, Urheberrechte oder andere Eigentumsrechte Dritter verletzen<\/p><p><strong>&#8211;<\/strong>Senden, Posten, E-Mailen oder anderweitiges \u00dcbertragen von Material, das Softwareviren oder anderen Code, Dateien oder Programme enth\u00e4lt, die dazu bestimmt sind, den Betrieb von Computersoftware oder -hardware zu unterbrechen, zu besch\u00e4digen, zu zerst\u00f6ren oder zu deaktivieren\u00a0<span style=\"font-family: var(--tb-text-primary-font);\">vors\u00e4tzliche oder unabsichtliche Verletzung geltender Gesetze oder Bestimmungen<\/span><\/p><p><strong>&#8211;<\/strong>Bel\u00e4stigung Dritter in jeglicher Art und Weise \u2013 Erhebung oder Speicherung personenbezogener Daten anderer Nutzer.<\/p><p><strong>Links zur Website sigletos.gr<\/strong><\/p><p>Die im Online-Shop enthaltenen Links f\u00fchren zu Seiten des Shops oder in einigen F\u00e4llen dazu, dass der Benutzer vom Shop (Online-Shop) zu Websites von Drittanbietern, Unternehmen usw. gelangt. Diese verlinkten Websites unterliegen nicht der Kontrolle des UNTERNEHMENS und das UNTERNEHMEN tr\u00e4gt keine Verantwortung f\u00fcr den Inhalt solcher Websites oder der in verlinkten Websites enthaltenen Links oder f\u00fcr \u00c4nderungen oder Aktualisierungen solcher Websites. Das UNTERNEHMEN ist nicht verantwortlich f\u00fcr Internet\u00fcbertragungen oder f\u00fcr jegliche Form von \u00dcbertragungen, die von verlinkten Websites empfangen werden. Das UNTERNEHMEN stellt diese Links in seinem Online-Shop nur zur Verf\u00fcgung, um die Nutzung des Online-Shops zu erleichtern, ihre Nutzung ist f\u00fcr den Besucher\/Kunden nicht obligatorisch und die Tatsache, dass sie im Online-Shop enthalten sind, bedeutet nicht, dass das UNTERNEHMEN deren Inhalt billigt oder akzeptiert.<\/p><\/div><\/div>\t\t\t\t\t\t\t\t<\/div>\n\t\t\t\t<\/div>\n\t\t\t\t\t<\/div>\n\t\t<\/div>\n\t\t\t\t\t<\/div>\n\t\t<\/section>\n\t\t\t\t<\/div>","protected":false},"excerpt":{"rendered":"<p>\u0395\u03b9\u03c3\u03b1\u03b3\u03c9\u03b3\u03ae O \u03b9\u03c3\u03c4\u03cc\u03c4\u03bf\u03c0\u03bf\u03c2 sigletos.gr\u00a0\u03b5\u03af\u03bd\u03b1\u03b9 \u03ad\u03bd\u03b1 \u03b7\u03bb\u03b5\u03ba\u03c4\u03c1\u03bf\u03bd\u03b9\u03ba\u03cc \u03b5\u03bc\u03c0\u03bf\u03c1\u03b9\u03ba\u03cc \u03ba\u03b1\u03c4\u03ac\u03c3\u03c4\u03b7\u03bc\u03b1 \u03c0\u03ce\u03bb\u03b7\u03c3\u03b7\u03c2 \u03c0\u03c1\u03bf\u03ca\u03cc\u03bd\u03c4\u03c9\u03bd \u03ba\u03b1\u03b9 \u03c5\u03c0\u03b7\u03c1\u03b5\u03c3\u03b9\u03ce\u03bd \u03bc\u03ad\u03c3\u03c9 \u03c4\u03bf\u03c5 \u0394\u03b9\u03b1\u03b4\u03b9\u03ba\u03c4\u03cd\u03bf\u03c5 (\u03c3\u03c4\u03bf \u03b5\u03be\u03ae\u03c2 \u03ba\u03b1\u03bb\u03bf\u03cd\u03bc\u03b5\u03bd\u03bf \u03b7\u03bb\u03b5\u03ba\u03c4\u03c1\u03bf\u03bd\u03b9\u03ba\u03cc \u03ba\u03b1\u03c4\u03ac\u03c3\u03c4\u03b7\u03bc\u03b1<\/p>","protected":false},"author":4,"featured_media":0,"parent":0,"menu_order":0,"comment_status":"closed","ping_status":"closed","template":"elementor_header_footer","meta":{"footnotes":""},"class_list":["post-9502","page","type-page","status-publish","hentry"],"_links":{"self":[{"href":"https:\/\/sigletos.gr\/de\/wp-json\/wp\/v2\/pages\/9502","targetHints":{"allow":["GET"]}}],"collection":[{"href":"https:\/\/sigletos.gr\/de\/wp-json\/wp\/v2\/pages"}],"about":[{"href":"https:\/\/sigletos.gr\/de\/wp-json\/wp\/v2\/types\/page"}],"author":[{"embeddable":true,"href":"https:\/\/sigletos.gr\/de\/wp-json\/wp\/v2\/users\/4"}],"replies":[{"embeddable":true,"href":"https:\/\/sigletos.gr\/de\/wp-json\/wp\/v2\/comments?post=9502"}],"version-history":[{"count":49,"href":"https:\/\/sigletos.gr\/de\/wp-json\/wp\/v2\/pages\/9502\/revisions"}],"predecessor-version":[{"id":35776,"href":"https:\/\/sigletos.gr\/de\/wp-json\/wp\/v2\/pages\/9502\/revisions\/35776"}],"wp:attachment":[{"href":"https:\/\/sigletos.gr\/de\/wp-json\/wp\/v2\/media?parent=9502"}],"curies":[{"name":"wp","href":"https:\/\/api.w.org\/{rel}","templated":true}]}}