{"id":9504,"date":"2022-03-22T12:49:56","date_gmt":"2022-03-22T12:49:56","guid":{"rendered":"https:\/\/sigletos.gr\/?page_id=9504"},"modified":"2025-10-27T16:00:02","modified_gmt":"2025-10-27T13:00:02","slug":"pliromes","status":"publish","type":"page","link":"https:\/\/sigletos.gr\/de\/pliromes\/","title":{"rendered":"Zahlungen"},"content":{"rendered":"<div data-elementor-type=\"wp-page\" data-elementor-id=\"9504\" class=\"elementor elementor-9504\" data-elementor-post-type=\"page\">\n\t\t\t\t\t\t<section class=\"wd-negative-gap elementor-section elementor-top-section elementor-element elementor-element-643f6a8 elementor-section-boxed elementor-section-height-default elementor-section-height-default\" data-id=\"643f6a8\" data-element_type=\"section\" data-e-type=\"section\">\n\t\t\t\t\t\t<div class=\"elementor-container elementor-column-gap-default\">\n\t\t\t\t\t<div class=\"elementor-column elementor-col-50 elementor-top-column elementor-element elementor-element-c15fc0b\" data-id=\"c15fc0b\" data-element_type=\"column\" data-e-type=\"column\">\n\t\t\t<div class=\"elementor-widget-wrap elementor-element-populated\">\n\t\t\t\t\t\t<div class=\"elementor-element elementor-element-1ef73f5 color-scheme-inherit text-left elementor-widget elementor-widget-text-editor\" data-id=\"1ef73f5\" data-element_type=\"widget\" data-e-type=\"widget\" data-widget_type=\"text-editor.default\">\n\t\t\t\t<div class=\"elementor-widget-container\">\n\t\t\t\t\t\t\t\t\t<p>F\u00fcr Ihre bequeme Bezahlung Ihrer Eink\u00e4ufe k\u00f6nnen Sie zwischen folgenden Optionen w\u00e4hlen:<\/p><p>\u2013 <b>Nachnahme<\/b>:<\/p><p>F\u00fcr den Versand per Nachnahme fallen zus\u00e4tzliche Kosten in H\u00f6he von 2,00 \u20ac zzgl. MwSt. an.<\/p><p><span style=\"font-size: 15px;\">\u2013<\/span><span style=\"font-family: Lato, Arial, Helvetica, sans-serif; font-size: 15px; font-style: normal; font-variant-ligatures: normal; font-variant-caps: normal; font-weight: bold;\">\u00a0<\/span><b style=\"font-size: 15px;\">\u00dcber Kredit-, Debit- und Prepaid-Karten<\/b><span style=\"font-family: Lato, Arial, Helvetica, sans-serif; font-size: 15px; font-style: normal; font-variant-ligatures: normal; font-variant-caps: normal; font-weight: 400;\">:<\/span><\/p><div><p style=\"margin-bottom: 20px; font-style: normal; font-variant-ligatures: normal; font-variant-caps: normal; font-weight: 400; font-family: Lato, Arial, Helvetica, sans-serif; font-size: 15px;\"><span style=\"font-size: 15px;\">von Visa, Mastercard, Maestro, Diners, Discover.<\/span><\/p><p style=\"margin-bottom: 20px; font-style: normal; font-variant-ligatures: normal; font-variant-caps: normal; font-weight: 400; font-family: Lato, Arial, Helvetica, sans-serif; font-size: 15px;\">\u2013<span style=\"font-weight: bold; font-size: 15px;\">\u00a0Einzahlung auf ein Bankkonto<\/span>:<\/p><p style=\"margin-bottom: 20px; font-style: normal; font-variant-ligatures: normal; font-variant-caps: normal; font-weight: 400; font-family: Lato, Arial, Helvetica, sans-serif; font-size: 15px;\">Unsere Bankverbindung lautet:<\/p><h4 style=\"margin-bottom: 20px; font-style: normal; font-variant-ligatures: normal; font-variant-caps: normal; font-weight: 600; font-family: Poppins, Arial, Helvetica, sans-serif; color: #242424; text-transform: none;\">EUROBANK<br \/>NAME DES BEG\u00dcNSTIGTEN: M. SYGLETOS &amp; CO. OE<br \/>IBAN: GR9002603300000110200571331<\/h4><\/div><p>Damit Ihre Bestellung bearbeitet werden kann, senden Sie uns in diesem Fall bitte den Einzahlungsbeleg mit der Bestellnummer an folgende E-Mail-Adresse: <b>info@sigletos.gr\u00a0<\/b><\/p><p>Bei Fragen erreichen Sie unser Gesch\u00e4ft telefonisch <b>+030<\/b>\u00a0<b>2810319898<\/b>.<\/p>\t\t\t\t\t\t\t\t<\/div>\n\t\t\t\t<\/div>\n\t\t\t\t\t<\/div>\n\t\t<\/div>\n\t\t\t\t<div class=\"elementor-column elementor-col-50 elementor-top-column elementor-element elementor-element-b13c48f\" data-id=\"b13c48f\" data-element_type=\"column\" data-e-type=\"column\">\n\t\t\t<div class=\"elementor-widget-wrap elementor-element-populated\">\n\t\t\t\t\t\t<div class=\"elementor-element elementor-element-fdd3965 color-scheme-inherit text-left elementor-widget elementor-widget-text-editor\" data-id=\"fdd3965\" data-element_type=\"widget\" data-e-type=\"widget\" data-widget_type=\"text-editor.default\">\n\t\t\t\t<div class=\"elementor-widget-container\">\n\t\t\t\t\t\t\t\t\t<p><strong>TRANSAKTIONSSICHERHEIT<\/strong><\/p><p>Alle mit der Karte get\u00e4tigten Zahlungen werden \u00fcber die elektronische Zahlungsplattform<br \/>\u201eNexi XPay\u201c von Nexi Payments Greece S.A. abgewickelt und verwenden das Verschl\u00fcsselungsprotokoll TLS 1.2 mit 128 Bit (Secure Sockets Layer \u2013 SSL). Verschl\u00fcsselung ist eine Methode, um Informationen zu verschl\u00fcsseln, bis sie den Empf\u00e4nger erreichen, der sie mit dem entsprechenden Schl\u00fcssel entschl\u00fcsseln kann.<\/p>\t\t\t\t\t\t\t\t<\/div>\n\t\t\t\t<\/div>\n\t\t\t\t<div class=\"elementor-element elementor-element-2bbd12c elementor-widget elementor-widget-image\" data-id=\"2bbd12c\" data-element_type=\"widget\" data-e-type=\"widget\" data-widget_type=\"image.default\">\n\t\t\t\t<div class=\"elementor-widget-container\">\n\t\t\t\t\t\t\t\t\t\t\t\t\t\t\t<img fetchpriority=\"high\" decoding=\"async\" width=\"600\" height=\"100\" src=\"https:\/\/sigletos.gr\/wp-content\/uploads\/2025\/10\/Horizontal_Banner_Logos-no-AMEX_new_transparent.png\" class=\"attachment-full size-full wp-image-36673\" alt=\"Horizontal Banner Logos no AMEX new transparent\" srcset=\"https:\/\/sigletos.gr\/wp-content\/uploads\/2025\/10\/Horizontal_Banner_Logos-no-AMEX_new_transparent.png 600w, https:\/\/sigletos.gr\/wp-content\/uploads\/2025\/10\/Horizontal_Banner_Logos-no-AMEX_new_transparent-400x67.png 400w, https:\/\/sigletos.gr\/wp-content\/uploads\/2025\/10\/Horizontal_Banner_Logos-no-AMEX_new_transparent-18x3.png 18w, https:\/\/sigletos.gr\/wp-content\/uploads\/2025\/10\/Horizontal_Banner_Logos-no-AMEX_new_transparent-430x72.png 430w, https:\/\/sigletos.gr\/wp-content\/uploads\/2025\/10\/Horizontal_Banner_Logos-no-AMEX_new_transparent-150x25.png 150w\" sizes=\"(max-width: 600px) 100vw, 600px\" \/>\t\t\t\t\t\t\t\t\t\t\t\t\t\t\t<\/div>\n\t\t\t\t<\/div>\n\t\t\t\t\t<\/div>\n\t\t<\/div>\n\t\t\t\t\t<\/div>\n\t\t<\/section>\n\t\t\t\t<\/div>","protected":false},"excerpt":{"rendered":"<p>\u0393\u03b9\u03b1 \u03c4\u03b7\u03bd \u03b5\u03be\u03c5\u03c0\u03b7\u03c1\u03ad\u03c4\u03b7\u03c3\u03ae \u03c3\u03b1\u03c2 \u03bc\u03c0\u03bf\u03c1\u03b5\u03af\u03c4\u03b5 \u03bd\u03b1 \u03b5\u03c0\u03b9\u03bb\u03ad\u03be\u03b5\u03c4\u03b5 \u03c4\u03b7\u03bd \u03c0\u03bb\u03b7\u03c1\u03c9\u03bc\u03ae \u03c4\u03c9\u03bd \u03b1\u03b3\u03bf\u03c1\u03ce\u03bd \u03c3\u03b1\u03c2 \u03bc\u03b5: \u2013 \u0391\u03bd\u03c4\u03b9\u03ba\u03b1\u03c4\u03b1\u03b2\u03bf\u03bb\u03ae: \u0397 \u03c5\u03c0\u03b7\u03c1\u03b5\u03c3\u03af\u03b1 \u03c4\u03b7\u03c2 \u03b1\u03bd\u03c4\u03b9\u03ba\u03b1\u03c4\u03b1\u03b2\u03bf\u03bb\u03ae\u03c2 \u03c7\u03c1\u03b5\u03ce\u03bd\u03b5\u03c4\u03b1\u03b9<\/p>","protected":false},"author":4,"featured_media":0,"parent":0,"menu_order":0,"comment_status":"closed","ping_status":"closed","template":"elementor_header_footer","meta":{"footnotes":""},"class_list":["post-9504","page","type-page","status-publish","hentry"],"_links":{"self":[{"href":"https:\/\/sigletos.gr\/de\/wp-json\/wp\/v2\/pages\/9504","targetHints":{"allow":["GET"]}}],"collection":[{"href":"https:\/\/sigletos.gr\/de\/wp-json\/wp\/v2\/pages"}],"about":[{"href":"https:\/\/sigletos.gr\/de\/wp-json\/wp\/v2\/types\/page"}],"author":[{"embeddable":true,"href":"https:\/\/sigletos.gr\/de\/wp-json\/wp\/v2\/users\/4"}],"replies":[{"embeddable":true,"href":"https:\/\/sigletos.gr\/de\/wp-json\/wp\/v2\/comments?post=9504"}],"version-history":[{"count":52,"href":"https:\/\/sigletos.gr\/de\/wp-json\/wp\/v2\/pages\/9504\/revisions"}],"predecessor-version":[{"id":36682,"href":"https:\/\/sigletos.gr\/de\/wp-json\/wp\/v2\/pages\/9504\/revisions\/36682"}],"wp:attachment":[{"href":"https:\/\/sigletos.gr\/de\/wp-json\/wp\/v2\/media?parent=9504"}],"curies":[{"name":"wp","href":"https:\/\/api.w.org\/{rel}","templated":true}]}}