{"id":10329,"date":"2022-03-30T10:41:14","date_gmt":"2022-03-30T07:41:14","guid":{"rendered":"https:\/\/sigletos.gr\/?post_type=product&#038;p=10329"},"modified":"2023-05-17T10:10:10","modified_gmt":"2023-05-17T07:10:10","slug":"%ce%ba%ce%b1%cf%81%cf%86%cf%89%cf%84%ce%b9%ce%ba%cf%8c-%ce%b3%ce%b9%ce%b1-%cf%86%ce%b1%cf%81%ce%b4%cf%8d-%cf%83%cf%85%ce%bd%ce%b4%ce%b5%cf%84%ce%ae%cf%81%ce%b1-2","status":"publish","type":"product","link":"https:\/\/sigletos.gr\/de\/produkt\/%ce%ba%ce%b1%cf%81%cf%86%cf%89%cf%84%ce%b9%ce%ba%cf%8c-%ce%b3%ce%b9%ce%b1-%cf%86%ce%b1%cf%81%ce%b4%cf%8d-%cf%83%cf%85%ce%bd%ce%b4%ce%b5%cf%84%ce%ae%cf%81%ce%b1-2\/","title":{"rendered":"Nagler f\u00fcr Breitbefestigung 3M-H40 PREBENA"},"content":{"rendered":"<p>BEFESTIGUNGSELEMENTE TYP:H (Serie 92)<br \/>\nKlammerl\u00e4nge: 15-40 mm<br \/>\nLUFTVERBRAUCH: 1,2 L<br \/>\nBETRIEBSDRUCK: 5-7 bar<br \/>\nANWENDUNGEN: Fertigh\u00e4user, Kastenkonstruktionen, Holzkisten, Gipskartonplatten,<br \/>\nFensterrahmen, M\u00f6bel, Paletten, Holzkonstruktionen usw.<br \/>\nABMESSUNGEN: [L]274 x [B]75 x [H]263 mm<br \/>\nVERPACKUNG: Plastikkoffer<\/p>\n<p>Der Preis versteht sich zzgl. MwSt.<\/p>","protected":false},"excerpt":{"rendered":"<p>Hochleistungsnagler, sehr leistungsstark und leicht mit der F\u00e4higkeit,<br \/>\nNageln in St\u00f6\u00dfen, eingebauter Schalld\u00e4mpfer, einstellbar<br \/>\nEntl\u00fcftung, Abzugssicherung, kein R\u00fccksto\u00df und ergonomisch<br \/>\nGummierter Griff f\u00fcr komfortables Halten und Handling<\/p>","protected":false},"featured_media":10330,"comment_status":"closed","ping_status":"closed","template":"","meta":[],"product_brand":[],"product_cat":[115,705],"product_tag":[],"class_list":{"0":"post-10329","1":"product","2":"type-product","3":"status-publish","4":"has-post-thumbnail","6":"product_cat-115","7":"product_cat-705","8":"pa_brand-prebena","10":"first","11":"instock","12":"featured","13":"taxable","14":"shipping-taxable","15":"purchasable","16":"product-type-simple"},"_links":{"self":[{"href":"https:\/\/sigletos.gr\/de\/wp-json\/wp\/v2\/product\/10329","targetHints":{"allow":["GET"]}}],"collection":[{"href":"https:\/\/sigletos.gr\/de\/wp-json\/wp\/v2\/product"}],"about":[{"href":"https:\/\/sigletos.gr\/de\/wp-json\/wp\/v2\/types\/product"}],"replies":[{"embeddable":true,"href":"https:\/\/sigletos.gr\/de\/wp-json\/wp\/v2\/comments?post=10329"}],"version-history":[{"count":3,"href":"https:\/\/sigletos.gr\/de\/wp-json\/wp\/v2\/product\/10329\/revisions"}],"predecessor-version":[{"id":10873,"href":"https:\/\/sigletos.gr\/de\/wp-json\/wp\/v2\/product\/10329\/revisions\/10873"}],"wp:featuredmedia":[{"embeddable":true,"href":"https:\/\/sigletos.gr\/de\/wp-json\/wp\/v2\/media\/10330"}],"wp:attachment":[{"href":"https:\/\/sigletos.gr\/de\/wp-json\/wp\/v2\/media?parent=10329"}],"wp:term":[{"taxonomy":"product_brand","embeddable":true,"href":"https:\/\/sigletos.gr\/de\/wp-json\/wp\/v2\/product_brand?post=10329"},{"taxonomy":"product_cat","embeddable":true,"href":"https:\/\/sigletos.gr\/de\/wp-json\/wp\/v2\/product_cat?post=10329"},{"taxonomy":"product_tag","embeddable":true,"href":"https:\/\/sigletos.gr\/de\/wp-json\/wp\/v2\/product_tag?post=10329"}],"curies":[{"name":"wp","href":"https:\/\/api.w.org\/{rel}","templated":true}]}}