{"id":10332,"date":"2022-03-30T10:50:21","date_gmt":"2022-03-30T07:50:21","guid":{"rendered":"https:\/\/sigletos.gr\/?post_type=product&#038;p=10332"},"modified":"2023-05-17T10:10:48","modified_gmt":"2023-05-17T07:10:48","slug":"%ce%ba%ce%b1%cf%81%cf%86%cf%89%cf%84%ce%b9%ce%ba%cf%8c-%ce%b3%ce%b9%ce%b1-%cf%86%ce%b1%cf%81%ce%b4%cf%8d-%cf%83%cf%85%ce%bd%ce%b4%ce%b5%cf%84%ce%ae%cf%81%ce%b1-3","status":"publish","type":"product","link":"https:\/\/sigletos.gr\/de\/produkt\/%ce%ba%ce%b1%cf%81%cf%86%cf%89%cf%84%ce%b9%ce%ba%cf%8c-%ce%b3%ce%b9%ce%b1-%cf%86%ce%b1%cf%81%ce%b4%cf%8d-%cf%83%cf%85%ce%bd%ce%b4%ce%b5%cf%84%ce%ae%cf%81%ce%b1-3\/","title":{"rendered":"Nagler f\u00fcr breite Klammern 5X-L50 PREBENA"},"content":{"rendered":"<p>Klammertyp: L (V800-Serie)<br \/>\nKlammerl\u00e4nge: 22-50 mm<br \/>\nLUFTVERBRAUCH: 1,38 L<br \/>\nBETRIEBSDRUCK: 5-7 bar<br \/>\nANWENDUNGEN: Decken, B\u00f6den, Latten, Montage von Teilen, Z\u00e4une, M\u00f6belbau,<br \/>\nKartonherstellung, Paletten, Kisten usw.<br \/>\nABMESSUNGEN: [L]369 x [B]88 x [H]294 mm<br \/>\nVERPACKUNG: Plastikkoffer<\/p>\n<p>Der Preis versteht sich zzgl. MwSt.<\/p>","protected":false},"excerpt":{"rendered":"<p>Sehr leistungsstarker und leichter Nagler mit der F\u00e4higkeit, gegen<br \/>\nR\u00fccksto\u00df, eingebauter Schalld\u00e4mpfer, einstellbare Entl\u00fcftung, Sicherheit<br \/>\nAbzug, ohne R\u00fccksto\u00df und ergonomischer, gummierter Griff<br \/>\nf\u00fcr bequemes Halten und Handhaben<\/p>","protected":false},"featured_media":10333,"comment_status":"closed","ping_status":"closed","template":"","meta":[],"product_brand":[],"product_cat":[115,705],"product_tag":[],"class_list":{"0":"post-10332","1":"product","2":"type-product","3":"status-publish","4":"has-post-thumbnail","6":"product_cat-115","7":"product_cat-705","8":"pa_brand-prebena","10":"first","11":"instock","12":"taxable","13":"shipping-taxable","14":"purchasable","15":"product-type-simple"},"_links":{"self":[{"href":"https:\/\/sigletos.gr\/de\/wp-json\/wp\/v2\/product\/10332","targetHints":{"allow":["GET"]}}],"collection":[{"href":"https:\/\/sigletos.gr\/de\/wp-json\/wp\/v2\/product"}],"about":[{"href":"https:\/\/sigletos.gr\/de\/wp-json\/wp\/v2\/types\/product"}],"replies":[{"embeddable":true,"href":"https:\/\/sigletos.gr\/de\/wp-json\/wp\/v2\/comments?post=10332"}],"version-history":[{"count":3,"href":"https:\/\/sigletos.gr\/de\/wp-json\/wp\/v2\/product\/10332\/revisions"}],"predecessor-version":[{"id":10874,"href":"https:\/\/sigletos.gr\/de\/wp-json\/wp\/v2\/product\/10332\/revisions\/10874"}],"wp:featuredmedia":[{"embeddable":true,"href":"https:\/\/sigletos.gr\/de\/wp-json\/wp\/v2\/media\/10333"}],"wp:attachment":[{"href":"https:\/\/sigletos.gr\/de\/wp-json\/wp\/v2\/media?parent=10332"}],"wp:term":[{"taxonomy":"product_brand","embeddable":true,"href":"https:\/\/sigletos.gr\/de\/wp-json\/wp\/v2\/product_brand?post=10332"},{"taxonomy":"product_cat","embeddable":true,"href":"https:\/\/sigletos.gr\/de\/wp-json\/wp\/v2\/product_cat?post=10332"},{"taxonomy":"product_tag","embeddable":true,"href":"https:\/\/sigletos.gr\/de\/wp-json\/wp\/v2\/product_tag?post=10332"}],"curies":[{"name":"wp","href":"https:\/\/api.w.org\/{rel}","templated":true}]}}