{"id":10372,"date":"2022-03-30T11:29:21","date_gmt":"2022-03-30T08:29:21","guid":{"rendered":"https:\/\/sigletos.gr\/?post_type=product&#038;p=10372"},"modified":"2023-05-17T10:00:45","modified_gmt":"2023-05-17T07:00:45","slug":"%ce%bc%ce%b5%cf%84%ce%b1%ce%bb%ce%bb%ce%b9%ce%ba%cf%8c-%ce%ba%ce%b1%cf%81%cf%86%cf%89%cf%84%ce%b9%ce%ba%cf%8c-%cf%87%ce%b5%ce%b9%cf%81%cf%8c%cf%82-%ce%b3%ce%b9%ce%b1-%cf%86%ce%b1%cf%81%ce%b4%cf%8d","status":"publish","type":"product","link":"https:\/\/sigletos.gr\/de\/produkt\/%ce%bc%ce%b5%cf%84%ce%b1%ce%bb%ce%bb%ce%b9%ce%ba%cf%8c-%ce%ba%ce%b1%cf%81%cf%86%cf%89%cf%84%ce%b9%ce%ba%cf%8c-%cf%87%ce%b5%ce%b9%cf%81%cf%8c%cf%82-%ce%b3%ce%b9%ce%b1-%cf%86%ce%b1%cf%81%ce%b4%cf%8d\/","title":{"rendered":"Metall-Handnagler f\u00fcr breite Klammern HPPF14 PREBENA"},"content":{"rendered":"<p>BEFESTIGUNGSTYP: PF (Serie T50)<br \/>\nKlammerl\u00e4nge: 6-14 mm<br \/>\nANWENDUNGEN: Polsterarbeiten, Einbau von D\u00e4mmstoffen, Verlegen von Teppichen,<br \/>\nwasserdichte Membranen, Poster, M\u00f6belr\u00fcckw\u00e4nde, Drahtgeflecht,<br \/>\nDIY (Do it yourself) usw.<br \/>\nABMESSUNGEN: [L]190 mm x [B]25 mm x [H]155 mm<br \/>\nVERPACKUNG: Blisterpackung<\/p>\n<p>Der Preis versteht sich zzgl. MwSt.<\/p>","protected":false},"excerpt":{"rendered":"<p>Sehr leistungsstarker und leichter Federnagler mit einfacher Zuf\u00fchrung<br \/>\nNagelmaterial, mit der M\u00f6glichkeit, den Griff aus Gr\u00fcnden zu verriegeln<br \/>\nSicherheits- und kunststoffummantelter Griff f\u00fcr bequemes Halten und Handhaben<\/p>","protected":false},"featured_media":10373,"comment_status":"closed","ping_status":"closed","template":"","meta":[],"product_brand":[],"product_cat":[845],"product_tag":[],"class_list":{"0":"post-10372","1":"product","2":"type-product","3":"status-publish","4":"has-post-thumbnail","6":"product_cat-845","7":"pa_brand-prebena","9":"first","10":"instock","11":"taxable","12":"shipping-taxable","13":"purchasable","14":"product-type-simple"},"_links":{"self":[{"href":"https:\/\/sigletos.gr\/de\/wp-json\/wp\/v2\/product\/10372","targetHints":{"allow":["GET"]}}],"collection":[{"href":"https:\/\/sigletos.gr\/de\/wp-json\/wp\/v2\/product"}],"about":[{"href":"https:\/\/sigletos.gr\/de\/wp-json\/wp\/v2\/types\/product"}],"replies":[{"embeddable":true,"href":"https:\/\/sigletos.gr\/de\/wp-json\/wp\/v2\/comments?post=10372"}],"version-history":[{"count":2,"href":"https:\/\/sigletos.gr\/de\/wp-json\/wp\/v2\/product\/10372\/revisions"}],"predecessor-version":[{"id":10893,"href":"https:\/\/sigletos.gr\/de\/wp-json\/wp\/v2\/product\/10372\/revisions\/10893"}],"wp:featuredmedia":[{"embeddable":true,"href":"https:\/\/sigletos.gr\/de\/wp-json\/wp\/v2\/media\/10373"}],"wp:attachment":[{"href":"https:\/\/sigletos.gr\/de\/wp-json\/wp\/v2\/media?parent=10372"}],"wp:term":[{"taxonomy":"product_brand","embeddable":true,"href":"https:\/\/sigletos.gr\/de\/wp-json\/wp\/v2\/product_brand?post=10372"},{"taxonomy":"product_cat","embeddable":true,"href":"https:\/\/sigletos.gr\/de\/wp-json\/wp\/v2\/product_cat?post=10372"},{"taxonomy":"product_tag","embeddable":true,"href":"https:\/\/sigletos.gr\/de\/wp-json\/wp\/v2\/product_tag?post=10372"}],"curies":[{"name":"wp","href":"https:\/\/api.w.org\/{rel}","templated":true}]}}