{"id":10380,"date":"2022-03-30T11:37:53","date_gmt":"2022-03-30T08:37:53","guid":{"rendered":"https:\/\/sigletos.gr\/?post_type=product&#038;p=10380"},"modified":"2023-05-17T09:59:09","modified_gmt":"2023-05-17T06:59:09","slug":"%ce%bc%ce%b5%cf%84%ce%b1%ce%bb%ce%bb%ce%b9%ce%ba%cf%8c-%ce%ba%ce%b1%cf%81%cf%86%cf%89%cf%84%ce%b9%ce%ba%cf%8c-%cf%87%ce%b5%ce%b9%cf%81%cf%8c%cf%82-%ce%b3%ce%b9%ce%b1-%cf%86%ce%b1%cf%81%ce%b4%cf%8d-3","status":"publish","type":"product","link":"https:\/\/sigletos.gr\/de\/produkt\/%ce%bc%ce%b5%cf%84%ce%b1%ce%bb%ce%bb%ce%b9%ce%ba%cf%8c-%ce%ba%ce%b1%cf%81%cf%86%cf%89%cf%84%ce%b9%ce%ba%cf%8c-%cf%87%ce%b5%ce%b9%cf%81%cf%8c%cf%82-%ce%b3%ce%b9%ce%b1-%cf%86%ce%b1%cf%81%ce%b4%cf%8d-3\/","title":{"rendered":"Metall-Handnagler f\u00fcr Breitklammern und Kleinkopfklammern HPJ\/VX16 PREBENA"},"content":{"rendered":"<p>BEFESTIGUNGSART: VX und J (Serie 53 bzw. Serie 12)<br \/>\nHeftmateriall\u00e4nge: VX (6-14 mm) bzw. J-16<br \/>\nANWENDUNGEN: Tapezieren, Einbau von D\u00e4mmstoffen, Verlegen von Teppichen,<br \/>\nwasserdichte Membranen, Poster, M\u00f6belr\u00fcckw\u00e4nde, Drahtgeflecht,<br \/>\nDIY (Do it yourself) usw.<br \/>\nABMESSUNGEN: [L]179 mm x [B]35 mm x [H]150 mm<br \/>\nVERPACKUNG: Blisterpackung<\/p>\n<p>Der Preis versteht sich zzgl. MwSt.<\/p>","protected":false},"excerpt":{"rendered":"<p>Federnagler, robust und leicht mit einfacher Zuf\u00fchrung<br \/>\nvon Nagelmaterial und kunststoffbeschichtetem Griff f\u00fcr bequemen Halt und<br \/>\nHandhabung<\/p>","protected":false},"featured_media":10381,"comment_status":"closed","ping_status":"closed","template":"","meta":[],"product_brand":[],"product_cat":[845],"product_tag":[],"class_list":{"0":"post-10380","1":"product","2":"type-product","3":"status-publish","4":"has-post-thumbnail","6":"product_cat-845","7":"pa_brand-prebena","9":"first","10":"instock","11":"taxable","12":"shipping-taxable","13":"purchasable","14":"product-type-simple"},"_links":{"self":[{"href":"https:\/\/sigletos.gr\/de\/wp-json\/wp\/v2\/product\/10380","targetHints":{"allow":["GET"]}}],"collection":[{"href":"https:\/\/sigletos.gr\/de\/wp-json\/wp\/v2\/product"}],"about":[{"href":"https:\/\/sigletos.gr\/de\/wp-json\/wp\/v2\/types\/product"}],"replies":[{"embeddable":true,"href":"https:\/\/sigletos.gr\/de\/wp-json\/wp\/v2\/comments?post=10380"}],"version-history":[{"count":3,"href":"https:\/\/sigletos.gr\/de\/wp-json\/wp\/v2\/product\/10380\/revisions"}],"predecessor-version":[{"id":10883,"href":"https:\/\/sigletos.gr\/de\/wp-json\/wp\/v2\/product\/10380\/revisions\/10883"}],"wp:featuredmedia":[{"embeddable":true,"href":"https:\/\/sigletos.gr\/de\/wp-json\/wp\/v2\/media\/10381"}],"wp:attachment":[{"href":"https:\/\/sigletos.gr\/de\/wp-json\/wp\/v2\/media?parent=10380"}],"wp:term":[{"taxonomy":"product_brand","embeddable":true,"href":"https:\/\/sigletos.gr\/de\/wp-json\/wp\/v2\/product_brand?post=10380"},{"taxonomy":"product_cat","embeddable":true,"href":"https:\/\/sigletos.gr\/de\/wp-json\/wp\/v2\/product_cat?post=10380"},{"taxonomy":"product_tag","embeddable":true,"href":"https:\/\/sigletos.gr\/de\/wp-json\/wp\/v2\/product_tag?post=10380"}],"curies":[{"name":"wp","href":"https:\/\/api.w.org\/{rel}","templated":true}]}}