{"id":10417,"date":"2022-03-31T09:09:40","date_gmt":"2022-03-31T06:09:40","guid":{"rendered":"https:\/\/sigletos.gr\/?post_type=product&#038;p=10417"},"modified":"2023-05-17T09:53:40","modified_gmt":"2023-05-17T06:53:40","slug":"%ce%ba%ce%b1%cf%81%cf%86%cf%89%cf%84%ce%b9%ce%ba%cf%8c-%ce%b3%ce%b9%ce%b1-%ce%b2%ce%b5%ce%bb%ce%bf%ce%bd%ce%ac%ce%ba%ce%b9-%ce%bc%ce%b5-%ce%bc%ce%b5%ce%b3%ce%ac%ce%bb%ce%bf-%ce%ba%ce%b5%cf%86%ce%ac","status":"publish","type":"product","link":"https:\/\/sigletos.gr\/de\/produkt\/%ce%ba%ce%b1%cf%81%cf%86%cf%89%cf%84%ce%b9%ce%ba%cf%8c-%ce%b3%ce%b9%ce%b1-%ce%b2%ce%b5%ce%bb%ce%bf%ce%bd%ce%ac%ce%ba%ce%b9-%ce%bc%ce%b5-%ce%bc%ce%b5%ce%b3%ce%ac%ce%bb%ce%bf-%ce%ba%ce%b5%cf%86%ce%ac\/","title":{"rendered":"H\u00e4kelnadel mit gro\u00dfem Kopf 3C-N65-S PREBENA"},"content":{"rendered":"<p>BEFESTIGUNGSELEMENTE TYP: N (Serie 14)<br \/>\nL\u00c4NGE DES NAGELMATERIALS: 25-65 mm<br \/>\nLUFTVERBRAUCH: 1,05 L<br \/>\nBETRIEBSDRUCK: 5-8 bar<br \/>\nANWENDUNGEN: Fu\u00dfleisten, Holzz\u00e4une usw.<br \/>\nABMESSUNGEN: [L]300 x [B]74 x [H]283 mm<br \/>\nVERPACKUNG: Plastikkoffer<\/p>\n<p>Der Preis versteht sich zzgl. MwSt.<\/p>","protected":false},"excerpt":{"rendered":"<p>Sehr leistungsstarker und leichter Nagler mit Nagelfunktion<br \/>\nin B\u00f6en, eingebauter Schalld\u00e4mpfer, einstellbare Entl\u00fcftung, einfach<br \/>\nHinterladen von Befestigungselementen, Abzugssicherung, ohne<br \/>\nAnti-Kickback, Spezialgummi zur Vermeidung von Markierungen im Holz<br \/>\nbeim Nageln und ergonomischer Gummigriff<br \/>\nPolsterung f\u00fcr komfortablen Griff und Handhabung<\/p>","protected":false},"featured_media":10418,"comment_status":"closed","ping_status":"closed","template":"","meta":[],"product_brand":[],"product_cat":[115,705],"product_tag":[],"class_list":{"0":"post-10417","1":"product","2":"type-product","3":"status-publish","4":"has-post-thumbnail","6":"product_cat-115","7":"product_cat-705","8":"pa_brand-prebena","10":"first","11":"instock","12":"taxable","13":"shipping-taxable","14":"purchasable","15":"product-type-simple"},"_links":{"self":[{"href":"https:\/\/sigletos.gr\/de\/wp-json\/wp\/v2\/product\/10417","targetHints":{"allow":["GET"]}}],"collection":[{"href":"https:\/\/sigletos.gr\/de\/wp-json\/wp\/v2\/product"}],"about":[{"href":"https:\/\/sigletos.gr\/de\/wp-json\/wp\/v2\/types\/product"}],"replies":[{"embeddable":true,"href":"https:\/\/sigletos.gr\/de\/wp-json\/wp\/v2\/comments?post=10417"}],"version-history":[{"count":3,"href":"https:\/\/sigletos.gr\/de\/wp-json\/wp\/v2\/product\/10417\/revisions"}],"predecessor-version":[{"id":10892,"href":"https:\/\/sigletos.gr\/de\/wp-json\/wp\/v2\/product\/10417\/revisions\/10892"}],"wp:featuredmedia":[{"embeddable":true,"href":"https:\/\/sigletos.gr\/de\/wp-json\/wp\/v2\/media\/10418"}],"wp:attachment":[{"href":"https:\/\/sigletos.gr\/de\/wp-json\/wp\/v2\/media?parent=10417"}],"wp:term":[{"taxonomy":"product_brand","embeddable":true,"href":"https:\/\/sigletos.gr\/de\/wp-json\/wp\/v2\/product_brand?post=10417"},{"taxonomy":"product_cat","embeddable":true,"href":"https:\/\/sigletos.gr\/de\/wp-json\/wp\/v2\/product_cat?post=10417"},{"taxonomy":"product_tag","embeddable":true,"href":"https:\/\/sigletos.gr\/de\/wp-json\/wp\/v2\/product_tag?post=10417"}],"curies":[{"name":"wp","href":"https:\/\/api.w.org\/{rel}","templated":true}]}}