{"id":10429,"date":"2022-03-31T09:26:47","date_gmt":"2022-03-31T06:26:47","guid":{"rendered":"https:\/\/sigletos.gr\/?post_type=product&#038;p=10429"},"modified":"2023-05-17T09:52:22","modified_gmt":"2023-05-17T06:52:22","slug":"%ce%ba%ce%b1%cf%81%cf%86%cf%89%cf%84%ce%b9%ce%ba%cf%8c-%ce%b3%ce%b9%ce%b1-%cf%80%cf%81%cf%8c%ce%ba%ce%b1-t-5x-t65-prevena","status":"publish","type":"product","link":"https:\/\/sigletos.gr\/de\/produkt\/%ce%ba%ce%b1%cf%81%cf%86%cf%89%cf%84%ce%b9%ce%ba%cf%8c-%ce%b3%ce%b9%ce%b1-%cf%80%cf%81%cf%8c%ce%ba%ce%b1-t-5x-t65-prevena\/","title":{"rendered":"Nagler f\u00fcr T-f\u00f6rmige Bolzen 5X-T65 PREBENA"},"content":{"rendered":"<p>BEFESTIGUNGSELEMENTE TYP: T (NT-Serie)<br \/>\nKlammerl\u00e4nge: 32-65 mm<br \/>\nLUFTVERBRAUCH: 1,4 L<br \/>\nBETRIEBSDRUCK: 5-8 bar<br \/>\nANWENDUNGEN: Bodenbel\u00e4ge, Holzkisten, M\u00f6belbau, Kistenbau, vorgefertigte<br \/>\nH\u00e4user, Paletten, Zimmerei, Fensterrahmen usw.<br \/>\nABMESSUNGEN: [L]320 x [B]92,5 x [H]276 mm<br \/>\nVERPACKUNG: Plastikkoffer<\/p>\n<p>Der Preis versteht sich zzgl. MwSt.<\/p>","protected":false},"excerpt":{"rendered":"<p>Extrem leistungsstarker und schneller Nagler mit der F\u00e4higkeit, gegen<br \/>\nR\u00fccksto\u00df, mit integriertem Schalld\u00e4mpfer, einfache Seitenzufuhr<br \/>\nvon Nagelmaterial, Abzugssicherung, kein R\u00fccksto\u00df und<br \/>\nErgonomischer, gummierter Griff f\u00fcr bequemes Halten und Handhaben<\/p>","protected":false},"featured_media":10430,"comment_status":"closed","ping_status":"closed","template":"","meta":[],"product_brand":[],"product_cat":[115,705],"product_tag":[],"class_list":{"0":"post-10429","1":"product","2":"type-product","3":"status-publish","4":"has-post-thumbnail","6":"product_cat-115","7":"product_cat-705","8":"pa_brand-prebena","10":"first","11":"instock","12":"featured","13":"taxable","14":"shipping-taxable","15":"purchasable","16":"product-type-simple"},"_links":{"self":[{"href":"https:\/\/sigletos.gr\/de\/wp-json\/wp\/v2\/product\/10429","targetHints":{"allow":["GET"]}}],"collection":[{"href":"https:\/\/sigletos.gr\/de\/wp-json\/wp\/v2\/product"}],"about":[{"href":"https:\/\/sigletos.gr\/de\/wp-json\/wp\/v2\/types\/product"}],"replies":[{"embeddable":true,"href":"https:\/\/sigletos.gr\/de\/wp-json\/wp\/v2\/comments?post=10429"}],"version-history":[{"count":4,"href":"https:\/\/sigletos.gr\/de\/wp-json\/wp\/v2\/product\/10429\/revisions"}],"predecessor-version":[{"id":10895,"href":"https:\/\/sigletos.gr\/de\/wp-json\/wp\/v2\/product\/10429\/revisions\/10895"}],"wp:featuredmedia":[{"embeddable":true,"href":"https:\/\/sigletos.gr\/de\/wp-json\/wp\/v2\/media\/10430"}],"wp:attachment":[{"href":"https:\/\/sigletos.gr\/de\/wp-json\/wp\/v2\/media?parent=10429"}],"wp:term":[{"taxonomy":"product_brand","embeddable":true,"href":"https:\/\/sigletos.gr\/de\/wp-json\/wp\/v2\/product_brand?post=10429"},{"taxonomy":"product_cat","embeddable":true,"href":"https:\/\/sigletos.gr\/de\/wp-json\/wp\/v2\/product_cat?post=10429"},{"taxonomy":"product_tag","embeddable":true,"href":"https:\/\/sigletos.gr\/de\/wp-json\/wp\/v2\/product_tag?post=10429"}],"curies":[{"name":"wp","href":"https:\/\/api.w.org\/{rel}","templated":true}]}}