{"id":10494,"date":"2022-03-31T11:11:55","date_gmt":"2022-03-31T09:11:55","guid":{"rendered":"https:\/\/sigletos.gr\/?post_type=product&#038;p=10494"},"modified":"2022-07-04T09:13:55","modified_gmt":"2022-07-04T07:13:55","slug":"%ce%b5%ce%bc%ce%b2%ce%bf%ce%bb%ce%bf%cf%86%cf%8c%cf%81%ce%bf%cf%82-%cf%84%cf%81%ce%bf%cf%87%ce%ae%ce%bb%ce%b1%cf%84%ce%bf%cf%82-%ce%b1%ce%b5%cf%81%ce%bf%cf%83%cf%85%ce%bc%cf%80%ce%b9%ce%b5%cf%83-2","status":"publish","type":"product","link":"https:\/\/sigletos.gr\/de\/produkt\/%ce%b5%ce%bc%ce%b2%ce%bf%ce%bb%ce%bf%cf%86%cf%8c%cf%81%ce%bf%cf%82-%cf%84%cf%81%ce%bf%cf%87%ce%ae%ce%bb%ce%b1%cf%84%ce%bf%cf%82-%ce%b1%ce%b5%cf%81%ce%bf%cf%83%cf%85%ce%bc%cf%80%ce%b9%ce%b5%cf%83-2\/","title":{"rendered":"Kolbenkompressor auf R\u00e4dern 50 L VIGON 300 PREBENA"},"content":{"rendered":"<p>LUFTKASTENKAPAZIT\u00c4T: 50 L<br \/>\nLufteinlass: 300 l\/min<br \/>\nEFFIZIENZ: 190 L\/min<br \/>\nLEISTUNG\/SPANNUNG: 1.800 W (2,5 PS) \/ 230 V<br \/>\nABMESSUNGEN: [L]750 mm x [B]400 mm x [H]700 mm<br \/>\nMAXIMALER BETRIEBSDRUCK: 8 bar<br \/>\nLeerlaufdrehzahl: 2.850\/min<br \/>\nGer\u00e4uschpegel: 95 dB<br \/>\nANWENDUNGEN: Ideal f\u00fcr alle einfachen Anwendungen, bei denen kleine<br \/>\nDruckluftmenge. Kann direkt an einen Reifen angeschlossen werden<br \/>\nEinzel- oder Spiralrohr und ist f\u00fcr die Verwendung mit einem Nagler geeignet<br \/>\nLuft-, Farb- oder \u00d6lpistole, Gebl\u00e4se, Luftz\u00e4hler usw.<br \/>\nVERPACKUNG: Karton<\/p>\n<p>Der Preis versteht sich zzgl. MwSt.<\/p>","protected":false},"excerpt":{"rendered":"<p>Kolben-Luftkompressor auf R\u00e4dern mit eingebautem Manometer<br \/>\nLufttankdruck, Druckregler, Reset-Taste,<br \/>\nHochfeste Luftreifen, gummierter Griff f\u00fcr Komfort<br \/>\nGriff und Zusatzhandgriff f\u00fcr einfachen Transport<\/p>","protected":false},"featured_media":10495,"comment_status":"closed","ping_status":"closed","template":"","meta":[],"product_brand":[],"product_cat":[844,130,115],"product_tag":[],"class_list":{"0":"post-10494","1":"product","2":"type-product","3":"status-publish","4":"has-post-thumbnail","6":"product_cat-844","7":"product_cat-130","8":"product_cat-115","9":"product_shipping_class-large-items","10":"pa_brand-prebena","12":"first","13":"instock","14":"taxable","15":"shipping-taxable","16":"purchasable","17":"product-type-simple"},"_links":{"self":[{"href":"https:\/\/sigletos.gr\/de\/wp-json\/wp\/v2\/product\/10494","targetHints":{"allow":["GET"]}}],"collection":[{"href":"https:\/\/sigletos.gr\/de\/wp-json\/wp\/v2\/product"}],"about":[{"href":"https:\/\/sigletos.gr\/de\/wp-json\/wp\/v2\/types\/product"}],"replies":[{"embeddable":true,"href":"https:\/\/sigletos.gr\/de\/wp-json\/wp\/v2\/comments?post=10494"}],"version-history":[{"count":3,"href":"https:\/\/sigletos.gr\/de\/wp-json\/wp\/v2\/product\/10494\/revisions"}],"predecessor-version":[{"id":10905,"href":"https:\/\/sigletos.gr\/de\/wp-json\/wp\/v2\/product\/10494\/revisions\/10905"}],"wp:featuredmedia":[{"embeddable":true,"href":"https:\/\/sigletos.gr\/de\/wp-json\/wp\/v2\/media\/10495"}],"wp:attachment":[{"href":"https:\/\/sigletos.gr\/de\/wp-json\/wp\/v2\/media?parent=10494"}],"wp:term":[{"taxonomy":"product_brand","embeddable":true,"href":"https:\/\/sigletos.gr\/de\/wp-json\/wp\/v2\/product_brand?post=10494"},{"taxonomy":"product_cat","embeddable":true,"href":"https:\/\/sigletos.gr\/de\/wp-json\/wp\/v2\/product_cat?post=10494"},{"taxonomy":"product_tag","embeddable":true,"href":"https:\/\/sigletos.gr\/de\/wp-json\/wp\/v2\/product_tag?post=10494"}],"curies":[{"name":"wp","href":"https:\/\/api.w.org\/{rel}","templated":true}]}}