{"id":13478,"date":"2022-05-30T07:15:32","date_gmt":"2022-05-30T05:15:32","guid":{"rendered":"https:\/\/sigletos.gr\/product\/asturo-k1000-airless-%ce%b7%ce%bb%ce%b5%ce%ba%cf%84%cf%81%ce%b9%ce%ba%ce%b7-%ce%b4%ce%b9%ce%b1%cf%86%cf%81%ce%b1%ce%b3%ce%bc%ce%b1%cf%84%ce%b9%ce%ba%ce%b7-%ce%b1%ce%bd%cf%84%ce%bb%ce%b9%ce%b1-%ce%b2-2\/"},"modified":"2022-07-04T08:34:32","modified_gmt":"2022-07-04T06:34:32","slug":"asturo-k1000-airless-%ce%b7%ce%bb%ce%b5%ce%ba%cf%84%cf%81%ce%b9%ce%ba%ce%b7-%ce%b4%ce%b9%ce%b1%cf%86%cf%81%ce%b1%ce%b3%ce%bc%ce%b1%cf%84%ce%b9%ce%ba%ce%b7-%ce%b1%ce%bd%cf%84%ce%bb%ce%b9%ce%b1-%ce%b2-2","status":"publish","type":"product","link":"https:\/\/sigletos.gr\/de\/produkt\/asturo-k1000-airless-%ce%b7%ce%bb%ce%b5%ce%ba%cf%84%cf%81%ce%b9%ce%ba%ce%b7-%ce%b4%ce%b9%ce%b1%cf%86%cf%81%ce%b1%ce%b3%ce%bc%ce%b1%cf%84%ce%b9%ce%ba%ce%b7-%ce%b1%ce%bd%cf%84%ce%bb%ce%b9%ce%b1-%ce%b2-2\/","title":{"rendered":"ASTURO K1000 AIRLESS ELEKTRISCHE MEMBRAN-FARBPUMPE (2200 W)"},"content":{"rendered":"<p>Hauptmerkmale<br \/>\n\u2022 Elektrische Airless-Pumpe f\u00fcr den Einsatz auch mit 2 Zylindern<br \/>\nFarbschl\u00e4uche und Schl\u00e4uche bis zu 65 m L\u00e4nge.<br \/>\n\u2022 Die Pumpe wird mit einem Farbeimer (37Lt) geliefert und ist geeignet f\u00fcr<br \/>\nf\u00fcr Bootsmaterialien, Latex und Baumaterialien (Kitte)<br \/>\n\u2022 Pumpenabmessungen: 930 x 730 x 820 mm<br \/>\nELEKTRISCHE PUMPE (AIRLESS)<br \/>\nASTURO K-1000<\/p>\n<p>GRUNDAUSR\u00dcSTUNG<br \/>\n\u2022 0109004: Asturo K90 Farbspritzpistole (1\/4 M&#039;&#039;)<br \/>\n\u2022 0201100: Selbstreinigende D\u00fcse MKII<br \/>\n\u2022 0614104: Hochdruckschlauch 10 m (1\/4 F&#039;&#039;)<br \/>\n\u2022 0111304I: Druckmesser (1\/4 F&#039;&#039;)<br \/>\n\u2022 0523000: Beh\u00e4lter mit 37 l (1 Zoll) Fassungsverm\u00f6gen<\/p>\n<p>LEISTUNG: 2200 WATT<br \/>\nSPANNUNG: 230V \/ 50Hz<br \/>\nDRUCK (MAX): 220 BAR<br \/>\nMATERIALFLUSS: 9,0 L\/MIN<\/p>","protected":false},"excerpt":{"rendered":"<p>Hauptmerkmale<br \/>\n\u2022 Elektrische Airless-Pumpe f\u00fcr den Einsatz auch mit 2 Zylindern<br \/>\nFarbschl\u00e4uche und Schl\u00e4uche bis zu 65 m L\u00e4nge.<br \/>\n\u2022 Die Pumpe wird mit einem Farbeimer (37Lt) geliefert und ist geeignet f\u00fcr<br \/>\nf\u00fcr Bootsmaterialien, Latex und Baumaterialien (Kitte)<br \/>\n\u2022 Pumpenabmessungen: 930 x 730 x 820 mm<br \/>\nELEKTRISCHE PUMPE (AIRLESS)<br \/>\nASTURO K-1000<\/p>\n<p>GRUNDAUSR\u00dcSTUNG<br \/>\n\u2022 0109004: Asturo K90 Farbspritzpistole (1\/4 M&#039;&#039;)<br \/>\n\u2022 0201100: Selbstreinigende D\u00fcse MKII<br \/>\n\u2022 0614104: Hochdruckschlauch 10 m (1\/4 F&#039;&#039;)<br \/>\n\u2022 0111304I: Druckmesser (1\/4 F&#039;&#039;)<br \/>\n\u2022 0523000: Beh\u00e4lter mit 37 l (1 Zoll) Fassungsverm\u00f6gen<\/p>\n<p>LEISTUNG: 2200 WATT<br \/>\nSPANNUNG: 230V \/ 50Hz<br \/>\nDRUCK (MAX): 220 BAR<br \/>\nMATERIALFLUSS: 9,0 L\/MIN<\/p>","protected":false},"featured_media":13469,"comment_status":"closed","ping_status":"closed","template":"","meta":[],"product_brand":[],"product_cat":[844,115],"product_tag":[632,633],"class_list":{"0":"post-13478","1":"product","2":"type-product","3":"status-publish","4":"has-post-thumbnail","6":"product_cat-844","7":"product_cat-115","8":"product_tag-airless--","9":"product_tag-finomachine","10":"pa_brand-asturo","12":"first","13":"instock","14":"taxable","15":"shipping-taxable","16":"purchasable","17":"product-type-simple"},"_links":{"self":[{"href":"https:\/\/sigletos.gr\/de\/wp-json\/wp\/v2\/product\/13478","targetHints":{"allow":["GET"]}}],"collection":[{"href":"https:\/\/sigletos.gr\/de\/wp-json\/wp\/v2\/product"}],"about":[{"href":"https:\/\/sigletos.gr\/de\/wp-json\/wp\/v2\/types\/product"}],"replies":[{"embeddable":true,"href":"https:\/\/sigletos.gr\/de\/wp-json\/wp\/v2\/comments?post=13478"}],"version-history":[{"count":1,"href":"https:\/\/sigletos.gr\/de\/wp-json\/wp\/v2\/product\/13478\/revisions"}],"predecessor-version":[{"id":13479,"href":"https:\/\/sigletos.gr\/de\/wp-json\/wp\/v2\/product\/13478\/revisions\/13479"}],"wp:featuredmedia":[{"embeddable":true,"href":"https:\/\/sigletos.gr\/de\/wp-json\/wp\/v2\/media\/13469"}],"wp:attachment":[{"href":"https:\/\/sigletos.gr\/de\/wp-json\/wp\/v2\/media?parent=13478"}],"wp:term":[{"taxonomy":"product_brand","embeddable":true,"href":"https:\/\/sigletos.gr\/de\/wp-json\/wp\/v2\/product_brand?post=13478"},{"taxonomy":"product_cat","embeddable":true,"href":"https:\/\/sigletos.gr\/de\/wp-json\/wp\/v2\/product_cat?post=13478"},{"taxonomy":"product_tag","embeddable":true,"href":"https:\/\/sigletos.gr\/de\/wp-json\/wp\/v2\/product_tag?post=13478"}],"curies":[{"name":"wp","href":"https:\/\/api.w.org\/{rel}","templated":true}]}}