{"id":13560,"date":"2022-05-30T07:15:32","date_gmt":"2022-05-30T05:15:32","guid":{"rendered":"https:\/\/sigletos.gr\/product\/maestro-mac-150pc-a%ce%b5%cf%81%ce%bf%cf%83%cf%85%ce%bc%cf%80%ce%b9%ce%b5%cf%83%cf%84%ce%b7%cf%83-%ce%bc%ce%b5-%ce%b9%ce%bc%ce%b1%ce%bd%cf%84%ce%b1-1-%cf%86-150-lt-3hp-2-2kw-10bar\/"},"modified":"2025-06-10T09:39:33","modified_gmt":"2025-06-10T06:39:33","slug":"maestro-mac-150pc-a%ce%b5%cf%81%ce%bf%cf%83%cf%85%ce%bc%cf%80%ce%b9%ce%b5%cf%83%cf%84%ce%b7%cf%83-%ce%bc%ce%b5-%ce%b9%ce%bc%ce%b1%ce%bd%cf%84%ce%b1-1-%cf%86-150-lt-3hp-2-2kw-10bar","status":"publish","type":"product","link":"https:\/\/sigletos.gr\/de\/produkt\/maestro-mac-150pc-a%ce%b5%cf%81%ce%bf%cf%83%cf%85%ce%bc%cf%80%ce%b9%ce%b5%cf%83%cf%84%ce%b7%cf%83-%ce%bc%ce%b5-%ce%b9%ce%bc%ce%b1%ce%bd%cf%84%ce%b1-1-%cf%86-150-lt-3hp-2-2kw-10bar\/","title":{"rendered":"Maestro MAC-150PC RIEMENLUFTKOMPRESSOR 1\/\u00d8 \u2013 150 LT \u2013 3 PS \u2013 2,2 KW \u2013 10 BAR"},"content":{"rendered":"<p>\u2022 Wirtschaftliche riemengetriebene Luftkompressoren sind f\u00fcr semiprofessionelle Aufgaben mit Einschr\u00e4nkungen gedacht.<br \/>\nF\u00fcr den industriellen und professionellen Einsatz siehe die ABAC Italy-Serie.<br \/>\n\u2022 Mit R\u00e4dern (zwei R\u00e4der hinten, zwei Anti-Roll-St\u00fctzen vorne).<br \/>\n\u2022 Druckschaltercode: MKB-4<br \/>\n\u2022 Schallpegel: 96 dB(A)<br \/>\n\u2022 Gewicht: 92 kg<br \/>\n\u2022 Kopf LWP3008<br \/>\n\u2022 Geschwindigkeit: 1050\u00d72 U\/min<br \/>\n\u2022 Kastenabmessungen (L x B x H mm): 1080 x 480 x 890<br \/>\n\u2022 KAPAZIT\u00c4T 150 L \u2013 PS: kW 3: 2,25 \u2013 L\/min 354 \u2013 BAR\/PSI 8\/116<\/p>\n<p>\u2022 MAC-100PC Gewicht: 69 kg<br \/>\n\u2022 MAC-100PC-Kartonabmessungen (L x B x H mm): 1050 x 380 x 460 \u2022 MAC-150PC-Kartonabmessungen (L x B x H mm): 1080 x 480 x 890<br \/>\n\u2022 Geschwindigkeit: 1050\u00d72 U\/min<br \/>\n\u2022 Kopf LWP3008<br \/>\n\u2022 MAC-150PC Gewicht: 92 kg<\/p>","protected":false},"excerpt":{"rendered":"<p>\u2022 Wirtschaftliche riemengetriebene Luftkompressoren sind f\u00fcr semiprofessionelle Aufgaben mit Einschr\u00e4nkungen gedacht.<br \/>\nF\u00fcr den industriellen und professionellen Einsatz siehe die ABAC Italy-Serie.<br \/>\n\u2022 Mit R\u00e4dern (zwei R\u00e4der hinten, zwei Anti-Roll-St\u00fctzen vorne).<br \/>\n\u2022 Druckschaltercode: MKB-4<br \/>\n\u2022 Schallpegel: 96 dB(A)<br \/>\n\u2022 Gewicht: 92 kg<br \/>\n\u2022 Kopf LWP3008<br \/>\n\u2022 Geschwindigkeit: 1050\u00d72 U\/min<br \/>\n\u2022 Kastenabmessungen (L x B x H mm): 1080 x 480 x 890<br \/>\n\u2022 KAPAZIT\u00c4T 150 L \u2013 PS: kW 3: 2,25 \u2013 L\/min 354 \u2013 BAR\/PSI 8\/116<\/p>\n<p>\u2022 MAC-100PC Gewicht: 69 kg<br \/>\n\u2022 MAC-100PC-Kartonabmessungen (L x B x H mm): 1050 x 380 x 460 \u2022 MAC-150PC-Kartonabmessungen (L x B x H mm): 1080 x 480 x 890<br \/>\n\u2022 Geschwindigkeit: 1050\u00d72 U\/min<br \/>\n\u2022 Kopf LWP3008<br \/>\n\u2022 MAC-150PC Gewicht: 92 kg<\/p>","protected":false},"featured_media":13562,"comment_status":"closed","ping_status":"closed","template":"","meta":[],"product_brand":[],"product_cat":[130,844,115],"product_tag":[633,635],"class_list":{"0":"post-13560","1":"product","2":"type-product","3":"status-publish","4":"has-post-thumbnail","6":"product_cat-130","7":"product_cat-844","8":"product_cat-115","9":"product_tag-finomachine","10":"product_tag-635","11":"product_shipping_class-large-items","12":"pa_brand-maestro","14":"first","15":"instock","16":"taxable","17":"shipping-taxable","18":"purchasable","19":"product-type-simple"},"_links":{"self":[{"href":"https:\/\/sigletos.gr\/de\/wp-json\/wp\/v2\/product\/13560","targetHints":{"allow":["GET"]}}],"collection":[{"href":"https:\/\/sigletos.gr\/de\/wp-json\/wp\/v2\/product"}],"about":[{"href":"https:\/\/sigletos.gr\/de\/wp-json\/wp\/v2\/types\/product"}],"replies":[{"embeddable":true,"href":"https:\/\/sigletos.gr\/de\/wp-json\/wp\/v2\/comments?post=13560"}],"version-history":[{"count":2,"href":"https:\/\/sigletos.gr\/de\/wp-json\/wp\/v2\/product\/13560\/revisions"}],"predecessor-version":[{"id":36485,"href":"https:\/\/sigletos.gr\/de\/wp-json\/wp\/v2\/product\/13560\/revisions\/36485"}],"wp:featuredmedia":[{"embeddable":true,"href":"https:\/\/sigletos.gr\/de\/wp-json\/wp\/v2\/media\/13562"}],"wp:attachment":[{"href":"https:\/\/sigletos.gr\/de\/wp-json\/wp\/v2\/media?parent=13560"}],"wp:term":[{"taxonomy":"product_brand","embeddable":true,"href":"https:\/\/sigletos.gr\/de\/wp-json\/wp\/v2\/product_brand?post=13560"},{"taxonomy":"product_cat","embeddable":true,"href":"https:\/\/sigletos.gr\/de\/wp-json\/wp\/v2\/product_cat?post=13560"},{"taxonomy":"product_tag","embeddable":true,"href":"https:\/\/sigletos.gr\/de\/wp-json\/wp\/v2\/product_tag?post=13560"}],"curies":[{"name":"wp","href":"https:\/\/api.w.org\/{rel}","templated":true}]}}