{"id":14213,"date":"2022-05-30T07:24:44","date_gmt":"2022-05-30T04:24:44","guid":{"rendered":"https:\/\/sigletos.gr\/product\/rupes-slp41a-%cf%81%ce%b1%cf%83%cf%80%ce%b1-%cf%84%cf%81%ce%b9%ce%b2%ce%b7%cf%83-%ce%b1%ce%b5%cf%81%ce%bf%cf%83-%ce%b5%ce%ba%ce%ba%ce%b5%ce%bd%cf%84%cf%81%ce%b7-%cf%80%ce%b1%ce%bb%ce%bc%ce%b9%ce%ba\/"},"modified":"2023-06-22T11:04:51","modified_gmt":"2023-06-22T08:04:51","slug":"rupes-slp41a-%cf%81%ce%b1%cf%83%cf%80%ce%b1-%cf%84%cf%81%ce%b9%ce%b2%ce%b7%cf%83-%ce%b1%ce%b5%cf%81%ce%bf%cf%83-%ce%b5%ce%ba%ce%ba%ce%b5%ce%bd%cf%84%cf%81%ce%b7-%cf%80%ce%b1%ce%bb%ce%bc%ce%b9%ce%ba","status":"publish","type":"product","link":"https:\/\/sigletos.gr\/de\/produkt\/rupes-slp41a-%cf%81%ce%b1%cf%83%cf%80%ce%b1-%cf%84%cf%81%ce%b9%ce%b2%ce%b7%cf%83-%ce%b1%ce%b5%cf%81%ce%bf%cf%83-%ce%b5%ce%ba%ce%ba%ce%b5%ce%bd%cf%84%cf%81%ce%b7-%cf%80%ce%b1%ce%bb%ce%bc%ce%b9%ce%ba\/","title":{"rendered":"RUPES SLP41A AIR RASPER, OCCIDENTAL &amp; IMPACT (70X400) CHROMPLATTEN"},"content":{"rendered":"<p>Luftreibungsraspel f\u00fcr erh\u00f6hte Reibungsproduktion und<br \/>\nAusrichtung gro\u00dfer Fl\u00e4chen. Raspeln sind<br \/>\nideal f\u00fcr die endg\u00fcltige Oberfl\u00e4chenausrichtung im Auto-<br \/>\nFahrzeuge, Boote, Busse und Industriefl\u00e4chen.<br \/>\nM\u00f6glichkeit zur Verwendung von Hookit-Schleifpapier und<br \/>\nkonventionell mit Klemmen.<br \/>\n\u2022 Kennzeichencode (Hookit): 619.153MH<br \/>\n\u2022 F\u00fcr Raspel-Schleifpapier siehe Abschnitt<br \/>\nMIRKA S. 123 (Mirka IRIDIUM)<br \/>\nLUFTSTROM: 400 L\/MIN<br \/>\nGESCHWINDIGKEIT: 4.000 \u2013 10.000 U\/MIN<br \/>\nPLATTENDURCHMESSER: 70 X 400 MM<br \/>\nEXZENTRISCH: 4,8 MM<\/p>","protected":false},"excerpt":{"rendered":"<p>Luftreibungsraspel f\u00fcr erh\u00f6hte Reibungsproduktion und<br \/>\nAusrichtung gro\u00dfer Fl\u00e4chen. Raspeln sind<br \/>\nideal f\u00fcr die endg\u00fcltige Oberfl\u00e4chenausrichtung im Auto-<br \/>\nFahrzeuge, Boote, Busse und Industriefl\u00e4chen.<br \/>\nM\u00f6glichkeit zur Verwendung von Hookit-Schleifpapier und<br \/>\nkonventionell mit Klemmen.<br \/>\n\u2022 Kennzeichencode (Hookit): 619.153MH<br \/>\n\u2022 F\u00fcr Raspel-Schleifpapier siehe Abschnitt<br \/>\nMIRKA S. 123 (Mirka IRIDIUM)<br \/>\nLUFTSTROM: 400 L\/MIN<br \/>\nGESCHWINDIGKEIT: 4.000 \u2013 10.000 U\/MIN<br \/>\nPLATTENDURCHMESSER: 70 X 400 MM<br \/>\nEXZENTRISCH: 4,8 MM<\/p>","protected":false},"featured_media":14216,"comment_status":"closed","ping_status":"closed","template":"","meta":[],"product_brand":[],"product_cat":[712,115],"product_tag":[633,664],"class_list":{"0":"post-14213","1":"product","2":"type-product","3":"status-publish","4":"has-post-thumbnail","6":"product_cat-712","7":"product_cat-115","8":"product_tag-finomachine","9":"product_tag-664","10":"pa_brand-rupes","12":"first","13":"instock","14":"taxable","15":"shipping-taxable","16":"purchasable","17":"product-type-simple"},"_links":{"self":[{"href":"https:\/\/sigletos.gr\/de\/wp-json\/wp\/v2\/product\/14213","targetHints":{"allow":["GET"]}}],"collection":[{"href":"https:\/\/sigletos.gr\/de\/wp-json\/wp\/v2\/product"}],"about":[{"href":"https:\/\/sigletos.gr\/de\/wp-json\/wp\/v2\/types\/product"}],"replies":[{"embeddable":true,"href":"https:\/\/sigletos.gr\/de\/wp-json\/wp\/v2\/comments?post=14213"}],"version-history":[{"count":2,"href":"https:\/\/sigletos.gr\/de\/wp-json\/wp\/v2\/product\/14213\/revisions"}],"predecessor-version":[{"id":15052,"href":"https:\/\/sigletos.gr\/de\/wp-json\/wp\/v2\/product\/14213\/revisions\/15052"}],"wp:featuredmedia":[{"embeddable":true,"href":"https:\/\/sigletos.gr\/de\/wp-json\/wp\/v2\/media\/14216"}],"wp:attachment":[{"href":"https:\/\/sigletos.gr\/de\/wp-json\/wp\/v2\/media?parent=14213"}],"wp:term":[{"taxonomy":"product_brand","embeddable":true,"href":"https:\/\/sigletos.gr\/de\/wp-json\/wp\/v2\/product_brand?post=14213"},{"taxonomy":"product_cat","embeddable":true,"href":"https:\/\/sigletos.gr\/de\/wp-json\/wp\/v2\/product_cat?post=14213"},{"taxonomy":"product_tag","embeddable":true,"href":"https:\/\/sigletos.gr\/de\/wp-json\/wp\/v2\/product_tag?post=14213"}],"curies":[{"name":"wp","href":"https:\/\/api.w.org\/{rel}","templated":true}]}}