{"id":14428,"date":"2022-05-30T07:29:43","date_gmt":"2022-05-30T04:29:43","guid":{"rendered":"https:\/\/sigletos.gr\/product\/rupes-ek150aes-%ce%b7%ce%bb%ce%b5%ce%ba%cf%84%cf%81%ce%b9%ce%ba%ce%bf-%cf%84%cf%81%ce%b9%ce%b2%ce%b5%ce%b9%ce%bf-%ce%b5%ce%ba%ce%ba%ce%b5%ce%bd%cf%84%cf%81%ce%bf-%cf%80%ce%b5%cf%81%ce%b9%cf%83%cf%84\/"},"modified":"2023-06-22T08:40:27","modified_gmt":"2023-06-22T05:40:27","slug":"rupes-ek150aes-%ce%b7%ce%bb%ce%b5%ce%ba%cf%84%cf%81%ce%b9%ce%ba%ce%bf-%cf%84%cf%81%ce%b9%ce%b2%ce%b5%ce%b9%ce%bf-%ce%b5%ce%ba%ce%ba%ce%b5%ce%bd%cf%84%cf%81%ce%bf-%cf%80%ce%b5%cf%81%ce%b9%cf%83%cf%84","status":"publish","type":"product","link":"https:\/\/sigletos.gr\/de\/produkt\/rupes-ek150aes-%ce%b7%ce%bb%ce%b5%ce%ba%cf%84%cf%81%ce%b9%ce%ba%ce%bf-%cf%84%cf%81%ce%b9%ce%b2%ce%b5%ce%b9%ce%bf-%ce%b5%ce%ba%ce%ba%ce%b5%ce%bd%cf%84%cf%81%ce%bf-%cf%80%ce%b5%cf%81%ce%b9%cf%83%cf%84\/","title":{"rendered":"RUPES EK150AES ELEKTRISCHER EXZENTERSCHLEIFER (150MM-5MM) MIT GETRIEBE"},"content":{"rendered":"<p>Elektrische Schleifmaschinen mit Getriebe f\u00fcr hohes Drehmoment und erh\u00f6hte Reibungserzeugung auf anspruchsvollen Untergr\u00fcnden. Schleifmaschinen mit Getriebe sind ideal f\u00fcr aggressiven Abrieb und schnellen Untergrundabtrag. Geeignet f\u00fcr Ameisen, Polyester, Metalluntergr\u00fcnde usw.<br \/>\nEmpfohlen f\u00fcr Busse, Boote und die Industrie<br \/>\n\u2022 Plattencode: 981.100 (mit Schrauben)<br \/>\nLEISTUNG: 550 WATT<br \/>\nGESCHWINDIGKEIT: 200 \u2013 500 U\/MIN<br \/>\nSchl\u00e4ge: 2800 \u2013 7000<br \/>\nPLATTENBREITE: 200 MM<br \/>\nEXZENTRISCH: 5 MM<\/p>","protected":false},"excerpt":{"rendered":"<p>Elektrische Schleifmaschinen mit Getriebe f\u00fcr hohes Drehmoment und erh\u00f6hte Reibungserzeugung auf anspruchsvollen Untergr\u00fcnden. Schleifmaschinen mit Getriebe sind ideal f\u00fcr aggressiven Abrieb und schnellen Untergrundabtrag. Geeignet f\u00fcr Ameisen, Polyester, Metalluntergr\u00fcnde usw.<br \/>\nEmpfohlen f\u00fcr Busse, Boote und die Industrie<br \/>\n\u2022 Plattencode: 981.100 (mit Schrauben)<br \/>\nLEISTUNG: 550 WATT<br \/>\nGESCHWINDIGKEIT: 200 \u2013 500 U\/MIN<br \/>\nSchl\u00e4ge: 2800 \u2013 7000<br \/>\nPLATTENBREITE: 200 MM<br \/>\nEXZENTRISCH: 5 MM<\/p>","protected":false},"featured_media":14430,"comment_status":"closed","ping_status":"closed","template":"","meta":[],"product_brand":[],"product_cat":[612,114],"product_tag":[633,678],"class_list":{"0":"post-14428","1":"product","2":"type-product","3":"status-publish","4":"has-post-thumbnail","6":"product_cat-612","7":"product_cat-114","8":"product_tag-finomachine","9":"product_tag-678","10":"pa_brand-rupes","12":"first","13":"instock","14":"taxable","15":"shipping-taxable","16":"purchasable","17":"product-type-simple"},"_links":{"self":[{"href":"https:\/\/sigletos.gr\/de\/wp-json\/wp\/v2\/product\/14428","targetHints":{"allow":["GET"]}}],"collection":[{"href":"https:\/\/sigletos.gr\/de\/wp-json\/wp\/v2\/product"}],"about":[{"href":"https:\/\/sigletos.gr\/de\/wp-json\/wp\/v2\/types\/product"}],"replies":[{"embeddable":true,"href":"https:\/\/sigletos.gr\/de\/wp-json\/wp\/v2\/comments?post=14428"}],"version-history":[{"count":1,"href":"https:\/\/sigletos.gr\/de\/wp-json\/wp\/v2\/product\/14428\/revisions"}],"predecessor-version":[{"id":14429,"href":"https:\/\/sigletos.gr\/de\/wp-json\/wp\/v2\/product\/14428\/revisions\/14429"}],"wp:featuredmedia":[{"embeddable":true,"href":"https:\/\/sigletos.gr\/de\/wp-json\/wp\/v2\/media\/14430"}],"wp:attachment":[{"href":"https:\/\/sigletos.gr\/de\/wp-json\/wp\/v2\/media?parent=14428"}],"wp:term":[{"taxonomy":"product_brand","embeddable":true,"href":"https:\/\/sigletos.gr\/de\/wp-json\/wp\/v2\/product_brand?post=14428"},{"taxonomy":"product_cat","embeddable":true,"href":"https:\/\/sigletos.gr\/de\/wp-json\/wp\/v2\/product_cat?post=14428"},{"taxonomy":"product_tag","embeddable":true,"href":"https:\/\/sigletos.gr\/de\/wp-json\/wp\/v2\/product_tag?post=14428"}],"curies":[{"name":"wp","href":"https:\/\/api.w.org\/{rel}","templated":true}]}}