{"id":14452,"date":"2022-05-30T07:29:43","date_gmt":"2022-05-30T04:29:43","guid":{"rendered":"https:\/\/sigletos.gr\/product\/rupes-rx253a-scorpio-e-%ce%b7%ce%bb%ce%b5%ce%ba%cf%84%cf%81%ce%b9%ce%ba%ce%bf-%cf%84%cf%81%ce%b9%ce%b2%ce%b5%ce%b9%ce%bf-brushless-150mm-3mm\/"},"modified":"2023-06-22T09:45:12","modified_gmt":"2023-06-22T06:45:12","slug":"rupes-rx253a-scorpio-e-%ce%b7%ce%bb%ce%b5%ce%ba%cf%84%cf%81%ce%b9%ce%ba%ce%bf-%cf%84%cf%81%ce%b9%ce%b2%ce%b5%ce%b9%ce%bf-brushless-150mm-3mm","status":"publish","type":"product","link":"https:\/\/sigletos.gr\/de\/produkt\/rupes-rx253a-scorpio-e-%ce%b7%ce%bb%ce%b5%ce%ba%cf%84%cf%81%ce%b9%ce%ba%ce%bf-%cf%84%cf%81%ce%b9%ce%b2%ce%b5%ce%b9%ce%bf-brushless-150mm-3mm\/","title":{"rendered":"RUPES RX253A SCORPIO E, B\u00dcRSTENLOSER ELEKTRISCHER SCHLEIFER (150 MM \u2013 3 MM)"},"content":{"rendered":"<p>Neuer b\u00fcrstenloser Elektroschleifer von RUPES<br \/>\n\u2022 Der leichteste und leiseste Schleifer seiner Klasse<br \/>\n\u2022 Perfektes Wiegen und Ausrichten f\u00fcr gleichm\u00e4\u00dfige Reibung<br \/>\nmit einer Hand<br \/>\n\u2022 Einstellbare Geschwindigkeiten mit absoluter Ergonomie<br \/>\n\u2022 Elektromotor ohne B\u00fcrsten und Spule<br \/>\n\u2022 Erh\u00e4ltlich in zwei Versionen mit 3 mm oder 6 mm Nocke<br \/>\n\u2022 Einstellbarer Druckausl\u00f6ser f\u00fcr gleichm\u00e4\u00dfige Rotation<br \/>\nbessere Reibungskontrolle<br \/>\nRUPES RX 256A<br \/>\n\u2022 Kennzeichen: 981.600 (5\/16)<br \/>\n\u2022Der Skorpio RX wird auch mit einer 3 mm Nocke f\u00fcr<br \/>\nSubstrate wie Grundierungen und &quot;weiche&quot; Materialien, bei denen<br \/>\nH\u00f6here Verarbeitungsqualit\u00e4t erforderlich<br \/>\n\u2022 F\u00fcr keramische Schleifpapiere<br \/>\nIridium siehe Abschnitt MIRKA<br \/>\nS. 115 (Mirka IRIDIUM)<br \/>\nVERSION: RX 253A<br \/>\nLEISTUNG: 250 WATT<br \/>\nGESCHWINDIGKEIT: 4.000 \u2013 10.000 U\/MIN<br \/>\nPLATTENDURCHMESSER: 150 MM<br \/>\nEXZENTRISCH: 3 MM<\/p>","protected":false},"excerpt":{"rendered":"<p>Neuer b\u00fcrstenloser Elektroschleifer von RUPES<br \/>\n\u2022 Der leichteste und leiseste Schleifer seiner Klasse<br \/>\n\u2022 Perfektes Wiegen und Ausrichten f\u00fcr gleichm\u00e4\u00dfige Reibung<br \/>\nmit einer Hand<br \/>\n\u2022 Einstellbare Geschwindigkeiten mit absoluter Ergonomie<br \/>\n\u2022 Elektromotor ohne B\u00fcrsten und Spule<br \/>\n\u2022 Erh\u00e4ltlich in zwei Versionen mit 3 mm oder 6 mm Nocke<br \/>\n\u2022 Einstellbarer Druckausl\u00f6ser f\u00fcr gleichm\u00e4\u00dfige Rotation<br \/>\nbessere Reibungskontrolle<br \/>\nRUPES RX 256A<br \/>\n\u2022 Kennzeichen: 981.600 (5\/16)<br \/>\n\u2022Der Skorpio RX wird auch mit einer 3 mm Nocke f\u00fcr<br \/>\nSubstrate wie Grundierungen und &quot;weiche&quot; Materialien, bei denen<br \/>\nH\u00f6here Verarbeitungsqualit\u00e4t erforderlich<br \/>\n\u2022 F\u00fcr keramische Schleifpapiere<br \/>\nIridium siehe Abschnitt MIRKA<br \/>\nS. 115 (Mirka IRIDIUM)<br \/>\nVERSION: RX 253A<br \/>\nLEISTUNG: 250 WATT<br \/>\nGESCHWINDIGKEIT: 4.000 \u2013 10.000 U\/MIN<br \/>\nPLATTENDURCHMESSER: 150 MM<br \/>\nEXZENTRISCH: 3 MM<\/p>","protected":false},"featured_media":14454,"comment_status":"closed","ping_status":"closed","template":"","meta":[],"product_brand":[],"product_cat":[114,612],"product_tag":[633,678],"class_list":{"0":"post-14452","1":"product","2":"type-product","3":"status-publish","4":"has-post-thumbnail","6":"product_cat-114","7":"product_cat-612","8":"product_tag-finomachine","9":"product_tag-678","10":"pa_brand-rupes","12":"first","13":"instock","14":"taxable","15":"shipping-taxable","16":"purchasable","17":"product-type-simple"},"_links":{"self":[{"href":"https:\/\/sigletos.gr\/de\/wp-json\/wp\/v2\/product\/14452","targetHints":{"allow":["GET"]}}],"collection":[{"href":"https:\/\/sigletos.gr\/de\/wp-json\/wp\/v2\/product"}],"about":[{"href":"https:\/\/sigletos.gr\/de\/wp-json\/wp\/v2\/types\/product"}],"replies":[{"embeddable":true,"href":"https:\/\/sigletos.gr\/de\/wp-json\/wp\/v2\/comments?post=14452"}],"version-history":[{"count":1,"href":"https:\/\/sigletos.gr\/de\/wp-json\/wp\/v2\/product\/14452\/revisions"}],"predecessor-version":[{"id":14453,"href":"https:\/\/sigletos.gr\/de\/wp-json\/wp\/v2\/product\/14452\/revisions\/14453"}],"wp:featuredmedia":[{"embeddable":true,"href":"https:\/\/sigletos.gr\/de\/wp-json\/wp\/v2\/media\/14454"}],"wp:attachment":[{"href":"https:\/\/sigletos.gr\/de\/wp-json\/wp\/v2\/media?parent=14452"}],"wp:term":[{"taxonomy":"product_brand","embeddable":true,"href":"https:\/\/sigletos.gr\/de\/wp-json\/wp\/v2\/product_brand?post=14452"},{"taxonomy":"product_cat","embeddable":true,"href":"https:\/\/sigletos.gr\/de\/wp-json\/wp\/v2\/product_cat?post=14452"},{"taxonomy":"product_tag","embeddable":true,"href":"https:\/\/sigletos.gr\/de\/wp-json\/wp\/v2\/product_tag?post=14452"}],"curies":[{"name":"wp","href":"https:\/\/api.w.org\/{rel}","templated":true}]}}