{"id":14461,"date":"2022-05-30T07:29:43","date_gmt":"2022-05-30T04:29:43","guid":{"rendered":"https:\/\/sigletos.gr\/product\/rupes-le71te-%ce%b7%ce%bb%ce%b5%ce%ba%cf%84%cf%81%ce%b9%ce%ba%ce%bf-%cf%84%cf%81%ce%b9%ce%b2%ce%b5%ce%b9%ce%bf-%cf%87%ce%bf%cf%85%cf%86%cf%84%ce%b1%cf%83-%ce%b5%ce%ba%ce%ba%ce%b5%ce%bd%cf%84%cf%81\/"},"modified":"2023-06-22T09:49:19","modified_gmt":"2023-06-22T06:49:19","slug":"rupes-le71te-%ce%b7%ce%bb%ce%b5%ce%ba%cf%84%cf%81%ce%b9%ce%ba%ce%bf-%cf%84%cf%81%ce%b9%ce%b2%ce%b5%ce%b9%ce%bf-%cf%87%ce%bf%cf%85%cf%86%cf%84%ce%b1%cf%83-%ce%b5%ce%ba%ce%ba%ce%b5%ce%bd%cf%84%cf%81","status":"publish","type":"product","link":"https:\/\/sigletos.gr\/de\/produkt\/rupes-le71te-%ce%b7%ce%bb%ce%b5%ce%ba%cf%84%cf%81%ce%b9%ce%ba%ce%bf-%cf%84%cf%81%ce%b9%ce%b2%ce%b5%ce%b9%ce%bf-%cf%87%ce%bf%cf%85%cf%86%cf%84%ce%b1%cf%83-%ce%b5%ce%ba%ce%ba%ce%b5%ce%bd%cf%84%cf%81\/","title":{"rendered":"RUPES LE71TE ELEKTRISCHER EXZENTERSCHLEIFER (80X130-2MM) MIT AUTOMATISCHER ABSAUGUNG UND EINSTELLBARER GESCHWINDIGKEIT."},"content":{"rendered":"<p>Mini-Elektro-Handschleifer mit Exzenter- und Oszillationsfunktion von<br \/>\nRUPES<br \/>\n\u2022 Verst\u00e4rkte Aluminiumbasis f\u00fcr zus\u00e4tzliche Stabilit\u00e4t<br \/>\nder Konstruktion<br \/>\n\u2022 Das Werkzeug ist auch in einer Version mit einstellbarer<br \/>\ndreht sich<br \/>\n\u2022 Kennzeichen: 986.012<br \/>\n\u2022 Filtercode: 80.400\/C<br \/>\nLEISTUNG: 200 WATT<br \/>\nDrehzahl: 8000-13000 U\/min<br \/>\nPLATTENDURCHMESSER: 80 X 130 MM<br \/>\nMITTE: 2 MM<\/p>","protected":false},"excerpt":{"rendered":"<p>Mini-Elektro-Handschleifer mit Exzenter- und Oszillationsfunktion von<br \/>\nRUPES<br \/>\n\u2022 Verst\u00e4rkte Aluminiumbasis f\u00fcr zus\u00e4tzliche Stabilit\u00e4t<br \/>\nder Konstruktion<br \/>\n\u2022 Das Werkzeug ist auch in einer Version mit einstellbarer<br \/>\ndreht sich<br \/>\n\u2022 Kennzeichen: 986.012<br \/>\n\u2022 Filtercode: 80.400\/C<br \/>\nLEISTUNG: 200 WATT<br \/>\nDrehzahl: 8000-13000 U\/min<br \/>\nPLATTENDURCHMESSER: 80 X 130 MM<br \/>\nMITTE: 2 MM<\/p>","protected":false},"featured_media":14463,"comment_status":"closed","ping_status":"closed","template":"","meta":[],"product_brand":[],"product_cat":[114,612],"product_tag":[633,678],"class_list":{"0":"post-14461","1":"product","2":"type-product","3":"status-publish","4":"has-post-thumbnail","6":"product_cat-114","7":"product_cat-612","8":"product_tag-finomachine","9":"product_tag-678","10":"pa_brand-rupes","12":"first","13":"instock","14":"taxable","15":"shipping-taxable","16":"purchasable","17":"product-type-simple"},"_links":{"self":[{"href":"https:\/\/sigletos.gr\/de\/wp-json\/wp\/v2\/product\/14461","targetHints":{"allow":["GET"]}}],"collection":[{"href":"https:\/\/sigletos.gr\/de\/wp-json\/wp\/v2\/product"}],"about":[{"href":"https:\/\/sigletos.gr\/de\/wp-json\/wp\/v2\/types\/product"}],"replies":[{"embeddable":true,"href":"https:\/\/sigletos.gr\/de\/wp-json\/wp\/v2\/comments?post=14461"}],"version-history":[{"count":2,"href":"https:\/\/sigletos.gr\/de\/wp-json\/wp\/v2\/product\/14461\/revisions"}],"predecessor-version":[{"id":15042,"href":"https:\/\/sigletos.gr\/de\/wp-json\/wp\/v2\/product\/14461\/revisions\/15042"}],"wp:featuredmedia":[{"embeddable":true,"href":"https:\/\/sigletos.gr\/de\/wp-json\/wp\/v2\/media\/14463"}],"wp:attachment":[{"href":"https:\/\/sigletos.gr\/de\/wp-json\/wp\/v2\/media?parent=14461"}],"wp:term":[{"taxonomy":"product_brand","embeddable":true,"href":"https:\/\/sigletos.gr\/de\/wp-json\/wp\/v2\/product_brand?post=14461"},{"taxonomy":"product_cat","embeddable":true,"href":"https:\/\/sigletos.gr\/de\/wp-json\/wp\/v2\/product_cat?post=14461"},{"taxonomy":"product_tag","embeddable":true,"href":"https:\/\/sigletos.gr\/de\/wp-json\/wp\/v2\/product_tag?post=14461"}],"curies":[{"name":"wp","href":"https:\/\/api.w.org\/{rel}","templated":true}]}}