{"id":14507,"date":"2022-05-30T07:29:43","date_gmt":"2022-05-30T07:29:43","guid":{"rendered":"https:\/\/sigletos.gr\/product\/maestro-wallmac-s-%cf%84%cf%81%ce%b9%ce%b2%ce%b5%ce%b9%ce%bf-%cf%84%ce%bf%ce%b9%cf%87%ce%bf%cf%85-%ce%b3%cf%85%cf%88%ce%bf%cf%83%ce%b1%ce%bd%ce%b9%ce%b4%ce%b1%cf%83-%ce%ba%ce%bf%ce%bd%cf%84%ce%bf\/"},"modified":"2022-06-23T07:54:13","modified_gmt":"2022-06-23T07:54:13","slug":"maestro-wallmac-s-%cf%84%cf%81%ce%b9%ce%b2%ce%b5%ce%b9%ce%bf-%cf%84%ce%bf%ce%b9%cf%87%ce%bf%cf%85-%ce%b3%cf%85%cf%88%ce%bf%cf%83%ce%b1%ce%bd%ce%b9%ce%b4%ce%b1%cf%83-%ce%ba%ce%bf%ce%bd%cf%84%ce%bf","status":"publish","type":"product","link":"https:\/\/sigletos.gr\/de\/produkt\/maestro-wallmac-s-%cf%84%cf%81%ce%b9%ce%b2%ce%b5%ce%b9%ce%bf-%cf%84%ce%bf%ce%b9%cf%87%ce%bf%cf%85-%ce%b3%cf%85%cf%88%ce%bf%cf%83%ce%b1%ce%bd%ce%b9%ce%b4%ce%b1%cf%83-%ce%ba%ce%bf%ce%bd%cf%84%ce%bf\/","title":{"rendered":"Maestro WALLMAC\/S Wandschleifer \u2013 Gipskartonplatten, kurz (225 mm)"},"content":{"rendered":"<p>Hauptmerkmale<br \/>\n\u2022 Leistungsstarker 800-Watt-Motor mit Geschwindigkeitsregelung und Reibungsbasis<br \/>\n230 mm f\u00fcr gro\u00dfe Fl\u00e4chenabdeckung.<br \/>\n\u2022 Integrierte Absaugung zur Verwendung mit einem Staubsauger.<br \/>\n\u2022 Klein und leicht f\u00fcr Arbeiten in engen R\u00e4umen<br \/>\nZugang mit leichter Ausr\u00fcstung erforderlich.<br \/>\n\u2022 F\u00fcr Saugstaubsauger mit<br \/>\nselbstvibrierende Motoren und Kapazit\u00e4ts-<br \/>\nFeinstaubabsorber<br \/>\nsiehe RUPES-Abschnitt S. 39<\/p>\n<p>LEISTUNG: 800 WATT<br \/>\nSCHEIBENBREITE: 230 MM<br \/>\nSCHLEIFL\u00c4NGE: 50 CM<br \/>\nDrehzahl: 650 \u2013 2450 U\/min<\/p>","protected":false},"excerpt":{"rendered":"<p>Hauptmerkmale<br \/>\n\u2022 Leistungsstarker 800-Watt-Motor mit Geschwindigkeitsregelung und Reibungsbasis<br \/>\n230 mm f\u00fcr gro\u00dfe Fl\u00e4chenabdeckung.<br \/>\n\u2022 Integrierte Absaugung zur Verwendung mit einem Staubsauger.<br \/>\n\u2022 Klein und leicht f\u00fcr Arbeiten in engen R\u00e4umen<br \/>\nZugang mit leichter Ausr\u00fcstung erforderlich.<br \/>\n\u2022 F\u00fcr Saugstaubsauger mit<br \/>\nselbstvibrierende Motoren und Kapazit\u00e4ts-<br \/>\nFeinstaubabsorber<br \/>\nsiehe RUPES-Abschnitt S. 39<\/p>\n<p>LEISTUNG: 800 WATT<br \/>\nSCHEIBENBREITE: 230 MM<br \/>\nSCHLEIFL\u00c4NGE: 50 CM<br \/>\nDrehzahl: 650 \u2013 2450 U\/min<\/p>","protected":false},"featured_media":14509,"comment_status":"closed","ping_status":"closed","template":"","meta":[],"product_brand":[],"product_cat":[612,114],"product_tag":[633,678],"class_list":{"0":"post-14507","1":"product","2":"type-product","3":"status-publish","4":"has-post-thumbnail","6":"product_cat-612","7":"product_cat-114","8":"product_tag-finomachine","9":"product_tag-678","10":"pa_brand-maestro","12":"first","13":"instock","14":"taxable","15":"shipping-taxable","16":"purchasable","17":"product-type-simple"},"_links":{"self":[{"href":"https:\/\/sigletos.gr\/de\/wp-json\/wp\/v2\/product\/14507","targetHints":{"allow":["GET"]}}],"collection":[{"href":"https:\/\/sigletos.gr\/de\/wp-json\/wp\/v2\/product"}],"about":[{"href":"https:\/\/sigletos.gr\/de\/wp-json\/wp\/v2\/types\/product"}],"replies":[{"embeddable":true,"href":"https:\/\/sigletos.gr\/de\/wp-json\/wp\/v2\/comments?post=14507"}],"version-history":[{"count":1,"href":"https:\/\/sigletos.gr\/de\/wp-json\/wp\/v2\/product\/14507\/revisions"}],"predecessor-version":[{"id":14508,"href":"https:\/\/sigletos.gr\/de\/wp-json\/wp\/v2\/product\/14507\/revisions\/14508"}],"wp:featuredmedia":[{"embeddable":true,"href":"https:\/\/sigletos.gr\/de\/wp-json\/wp\/v2\/media\/14509"}],"wp:attachment":[{"href":"https:\/\/sigletos.gr\/de\/wp-json\/wp\/v2\/media?parent=14507"}],"wp:term":[{"taxonomy":"product_brand","embeddable":true,"href":"https:\/\/sigletos.gr\/de\/wp-json\/wp\/v2\/product_brand?post=14507"},{"taxonomy":"product_cat","embeddable":true,"href":"https:\/\/sigletos.gr\/de\/wp-json\/wp\/v2\/product_cat?post=14507"},{"taxonomy":"product_tag","embeddable":true,"href":"https:\/\/sigletos.gr\/de\/wp-json\/wp\/v2\/product_tag?post=14507"}],"curies":[{"name":"wp","href":"https:\/\/api.w.org\/{rel}","templated":true}]}}