{"id":14871,"date":"2022-05-30T07:37:34","date_gmt":"2022-05-30T07:37:34","guid":{"rendered":"https:\/\/sigletos.gr\/product\/sata-5000b-hvlp-ns-%cf%83%ce%b5%cf%84-%ce%bc%cf%80%ce%b5%ce%ba-%ce%b3%ce%b9%ce%b1-satajet-5000-b-hvlp\/"},"modified":"2022-06-23T07:49:25","modified_gmt":"2022-06-23T07:49:25","slug":"sata-5000b-hvlp-ns-%cf%83%ce%b5%cf%84-%ce%bc%cf%80%ce%b5%ce%ba-%ce%b3%ce%b9%ce%b1-satajet-5000-b-hvlp","status":"publish","type":"product","link":"https:\/\/sigletos.gr\/de\/produkt\/sata-5000b-hvlp-ns-%cf%83%ce%b5%cf%84-%ce%bc%cf%80%ce%b5%ce%ba-%ce%b3%ce%b9%ce%b1-satajet-5000-b-hvlp\/","title":{"rendered":"SATA 5000B.HVLP.NS D\u00dcSENSATZ F\u00dcR SATAjet 5000 B HVLP"},"content":{"rendered":"<p>VERF\u00dcGBARE D\u00dcSENBEREICHE: 1,0 \u2013 1,2 \u2013 WSB \u2013 1,3 \u2013 1,4 \u2013 1,5 \u2013 1,7 \u2013 1,9 \u2013 2,2<\/p>","protected":false},"excerpt":{"rendered":"<p>VERF\u00dcGBARE D\u00dcSENBEREICHE: 1,0 \u2013 1,2 \u2013 WSB \u2013 1,3 \u2013 1,4 \u2013 1,5 \u2013 1,7 \u2013 1,9 \u2013 2,2<\/p>","protected":false},"featured_media":14873,"comment_status":"closed","ping_status":"closed","template":"","meta":[],"product_brand":[],"product_cat":[132],"product_tag":[633,684],"class_list":{"0":"post-14871","1":"product","2":"type-product","3":"status-publish","4":"has-post-thumbnail","6":"product_cat-132","7":"product_tag-finomachine","8":"product_tag-684","9":"pa_brand-sata","11":"first","12":"instock","13":"taxable","14":"shipping-taxable","15":"purchasable","16":"product-type-simple"},"_links":{"self":[{"href":"https:\/\/sigletos.gr\/de\/wp-json\/wp\/v2\/product\/14871","targetHints":{"allow":["GET"]}}],"collection":[{"href":"https:\/\/sigletos.gr\/de\/wp-json\/wp\/v2\/product"}],"about":[{"href":"https:\/\/sigletos.gr\/de\/wp-json\/wp\/v2\/types\/product"}],"replies":[{"embeddable":true,"href":"https:\/\/sigletos.gr\/de\/wp-json\/wp\/v2\/comments?post=14871"}],"version-history":[{"count":1,"href":"https:\/\/sigletos.gr\/de\/wp-json\/wp\/v2\/product\/14871\/revisions"}],"predecessor-version":[{"id":14872,"href":"https:\/\/sigletos.gr\/de\/wp-json\/wp\/v2\/product\/14871\/revisions\/14872"}],"wp:featuredmedia":[{"embeddable":true,"href":"https:\/\/sigletos.gr\/de\/wp-json\/wp\/v2\/media\/14873"}],"wp:attachment":[{"href":"https:\/\/sigletos.gr\/de\/wp-json\/wp\/v2\/media?parent=14871"}],"wp:term":[{"taxonomy":"product_brand","embeddable":true,"href":"https:\/\/sigletos.gr\/de\/wp-json\/wp\/v2\/product_brand?post=14871"},{"taxonomy":"product_cat","embeddable":true,"href":"https:\/\/sigletos.gr\/de\/wp-json\/wp\/v2\/product_cat?post=14871"},{"taxonomy":"product_tag","embeddable":true,"href":"https:\/\/sigletos.gr\/de\/wp-json\/wp\/v2\/product_tag?post=14871"}],"curies":[{"name":"wp","href":"https:\/\/api.w.org\/{rel}","templated":true}]}}