{"id":17905,"date":"2022-07-05T18:28:36","date_gmt":"2022-07-05T16:28:36","guid":{"rendered":"https:\/\/sigletos.gr\/?post_type=product&#038;p=17905"},"modified":"2022-07-11T09:02:09","modified_gmt":"2022-07-11T07:02:09","slug":"%cf%87%ce%b5%ce%b9%cf%81%ce%bf%ce%bb%ce%b1%ce%b2%ce%b7-%ce%ba%ce%bf%cf%85%cf%86%cf%8e%cf%86%ce%b1%cf%84%ce%bf%cf%82-2005sw","status":"publish","type":"product","link":"https:\/\/sigletos.gr\/de\/produkt\/%cf%87%ce%b5%ce%b9%cf%81%ce%bf%ce%bb%ce%b1%ce%b2%ce%b7-%ce%ba%ce%bf%cf%85%cf%86%cf%8e%cf%86%ce%b1%cf%84%ce%bf%cf%82-2005sw\/","title":{"rendered":"Handlauf f\u00fcr Geh\u00f6rlose 2005SW"},"content":{"rendered":"","protected":false},"excerpt":{"rendered":"<p>Handlauf f\u00fcr Geh\u00f6rlose 2005SW<\/p>","protected":false},"featured_media":17908,"comment_status":"closed","ping_status":"closed","template":"","meta":[],"product_brand":[],"product_cat":[875,966,827],"product_tag":[],"class_list":{"0":"post-17905","1":"product","2":"type-product","3":"status-publish","4":"has-post-thumbnail","6":"product_cat-875","7":"product_cat-966","8":"product_cat-827","9":"pa_brand-convex","10":"pa_colour----s05","11":"pa_colour----s24","12":"pa_colour-----s19","14":"first","15":"instock","16":"taxable","17":"shipping-taxable","18":"purchasable","19":"product-type-variable"},"_links":{"self":[{"href":"https:\/\/sigletos.gr\/de\/wp-json\/wp\/v2\/product\/17905","targetHints":{"allow":["GET"]}}],"collection":[{"href":"https:\/\/sigletos.gr\/de\/wp-json\/wp\/v2\/product"}],"about":[{"href":"https:\/\/sigletos.gr\/de\/wp-json\/wp\/v2\/types\/product"}],"replies":[{"embeddable":true,"href":"https:\/\/sigletos.gr\/de\/wp-json\/wp\/v2\/comments?post=17905"}],"version-history":[{"count":1,"href":"https:\/\/sigletos.gr\/de\/wp-json\/wp\/v2\/product\/17905\/revisions"}],"predecessor-version":[{"id":17912,"href":"https:\/\/sigletos.gr\/de\/wp-json\/wp\/v2\/product\/17905\/revisions\/17912"}],"wp:featuredmedia":[{"embeddable":true,"href":"https:\/\/sigletos.gr\/de\/wp-json\/wp\/v2\/media\/17908"}],"wp:attachment":[{"href":"https:\/\/sigletos.gr\/de\/wp-json\/wp\/v2\/media?parent=17905"}],"wp:term":[{"taxonomy":"product_brand","embeddable":true,"href":"https:\/\/sigletos.gr\/de\/wp-json\/wp\/v2\/product_brand?post=17905"},{"taxonomy":"product_cat","embeddable":true,"href":"https:\/\/sigletos.gr\/de\/wp-json\/wp\/v2\/product_cat?post=17905"},{"taxonomy":"product_tag","embeddable":true,"href":"https:\/\/sigletos.gr\/de\/wp-json\/wp\/v2\/product_tag?post=17905"}],"curies":[{"name":"wp","href":"https:\/\/api.w.org\/{rel}","templated":true}]}}