{"id":19295,"date":"2022-07-11T07:52:59","date_gmt":"2022-07-11T05:52:59","guid":{"rendered":"https:\/\/sigletos.gr\/?post_type=product&#038;p=19295"},"modified":"2022-07-11T08:43:49","modified_gmt":"2022-07-11T06:43:49","slug":"%ce%bb%ce%b1%ce%b2%ce%ae-%ce%b5%ce%be%cf%8e%ce%b8%cf%85%cf%81%ce%b1%cf%82-461","status":"publish","type":"product","link":"https:\/\/sigletos.gr\/de\/produkt\/%ce%bb%ce%b1%ce%b2%ce%ae-%ce%b5%ce%be%cf%8e%ce%b8%cf%85%cf%81%ce%b1%cf%82-461\/","title":{"rendered":"T\u00fcrau\u00dfengriff 461"},"content":{"rendered":"","protected":false},"excerpt":{"rendered":"<p>T\u00fcrau\u00dfengriff 461<\/p>","protected":false},"featured_media":19296,"comment_status":"closed","ping_status":"closed","template":"","meta":[],"product_brand":[],"product_cat":[875,968,827],"product_tag":[],"class_list":{"0":"post-19295","1":"product","2":"type-product","3":"status-publish","4":"has-post-thumbnail","6":"product_cat-875","7":"product_cat-968","8":"product_cat-827","9":"pa_brand-convex","10":"pa_colour-s05-m01","11":"pa_-size-946","12":"pa_-size-942","13":"pa_-size-944","14":"pa_-size-945","15":"pa_-type-p","16":"pa_-type-z","18":"first","19":"instock","20":"taxable","21":"shipping-taxable","22":"purchasable","23":"product-type-variable"},"_links":{"self":[{"href":"https:\/\/sigletos.gr\/de\/wp-json\/wp\/v2\/product\/19295","targetHints":{"allow":["GET"]}}],"collection":[{"href":"https:\/\/sigletos.gr\/de\/wp-json\/wp\/v2\/product"}],"about":[{"href":"https:\/\/sigletos.gr\/de\/wp-json\/wp\/v2\/types\/product"}],"replies":[{"embeddable":true,"href":"https:\/\/sigletos.gr\/de\/wp-json\/wp\/v2\/comments?post=19295"}],"version-history":[{"count":1,"href":"https:\/\/sigletos.gr\/de\/wp-json\/wp\/v2\/product\/19295\/revisions"}],"predecessor-version":[{"id":19305,"href":"https:\/\/sigletos.gr\/de\/wp-json\/wp\/v2\/product\/19295\/revisions\/19305"}],"wp:featuredmedia":[{"embeddable":true,"href":"https:\/\/sigletos.gr\/de\/wp-json\/wp\/v2\/media\/19296"}],"wp:attachment":[{"href":"https:\/\/sigletos.gr\/de\/wp-json\/wp\/v2\/media?parent=19295"}],"wp:term":[{"taxonomy":"product_brand","embeddable":true,"href":"https:\/\/sigletos.gr\/de\/wp-json\/wp\/v2\/product_brand?post=19295"},{"taxonomy":"product_cat","embeddable":true,"href":"https:\/\/sigletos.gr\/de\/wp-json\/wp\/v2\/product_cat?post=19295"},{"taxonomy":"product_tag","embeddable":true,"href":"https:\/\/sigletos.gr\/de\/wp-json\/wp\/v2\/product_tag?post=19295"}],"curies":[{"name":"wp","href":"https:\/\/api.w.org\/{rel}","templated":true}]}}