{"id":20652,"date":"2022-07-14T10:47:21","date_gmt":"2022-07-14T08:47:21","guid":{"rendered":"https:\/\/sigletos.gr\/?post_type=product&#038;p=20652"},"modified":"2023-02-21T13:50:15","modified_gmt":"2023-02-21T10:50:15","slug":"%ce%bc%cf%80%ce%b1%cf%84%ce%b1%cf%81%ce%af%ce%b1-%ce%bd%cf%84%ce%bf%cf%85%cf%82-2-%ce%b5%ce%be%cf%8c%ce%b4%cf%89%ce%bd-%ce%bc%ce%b5-%ce%ba%ce%bf%ce%bb%cf%8e%ce%bd%ce%b1-slim-500065-black-brushed","status":"publish","type":"product","link":"https:\/\/sigletos.gr\/de\/produkt\/%ce%bc%cf%80%ce%b1%cf%84%ce%b1%cf%81%ce%af%ce%b1-%ce%bd%cf%84%ce%bf%cf%85%cf%82-2-%ce%b5%ce%be%cf%8c%ce%b4%cf%89%ce%bd-%ce%bc%ce%b5-%ce%ba%ce%bf%ce%bb%cf%8e%ce%bd%ce%b1-slim-500065-black-brushed\/","title":{"rendered":"2-Wege-Brausemischer mit S\u00e4ule Slim 500065 schwarz geb\u00fcrstet"},"content":{"rendered":"<p><label>Spaltenh\u00f6he<\/label>: einstellbar 83 \u2013 144 cm vom Batteriestand<br \/>\n<label>Kopf<\/label>: \u03b1\u03bd\u03b1\u03ba\u03bb\u03b9\u03bd\u03cc\u03bc\u03b5\u03bd\u03b7, anticalcare \u03a625 \u03b5\u03ba.<br \/>\n<label>Telefon<\/label>: Anti-Kalk<br \/>\n<label>Telefonhalter<\/label>: Ja<br \/>\n<label>Spiral<\/label>: unzerbrechlich, 1,5m<\/p>","protected":false},"excerpt":{"rendered":"<p>2-Wege-Brausemischer mit S\u00e4ule Slim 500065 schwarz geb\u00fcrstet<\/p>","protected":false},"featured_media":20653,"comment_status":"closed","ping_status":"closed","template":"","meta":[],"product_brand":[],"product_cat":[891,965],"product_tag":[],"class_list":{"0":"post-20652","1":"product","2":"type-product","3":"status-publish","4":"has-post-thumbnail","6":"product_cat-891","7":"product_cat-965","8":"pa_brand-armando-vicario","10":"first","11":"instock","12":"sale","13":"taxable","14":"shipping-taxable","15":"purchasable","16":"product-type-simple"},"_links":{"self":[{"href":"https:\/\/sigletos.gr\/de\/wp-json\/wp\/v2\/product\/20652","targetHints":{"allow":["GET"]}}],"collection":[{"href":"https:\/\/sigletos.gr\/de\/wp-json\/wp\/v2\/product"}],"about":[{"href":"https:\/\/sigletos.gr\/de\/wp-json\/wp\/v2\/types\/product"}],"replies":[{"embeddable":true,"href":"https:\/\/sigletos.gr\/de\/wp-json\/wp\/v2\/comments?post=20652"}],"version-history":[{"count":0,"href":"https:\/\/sigletos.gr\/de\/wp-json\/wp\/v2\/product\/20652\/revisions"}],"wp:featuredmedia":[{"embeddable":true,"href":"https:\/\/sigletos.gr\/de\/wp-json\/wp\/v2\/media\/20653"}],"wp:attachment":[{"href":"https:\/\/sigletos.gr\/de\/wp-json\/wp\/v2\/media?parent=20652"}],"wp:term":[{"taxonomy":"product_brand","embeddable":true,"href":"https:\/\/sigletos.gr\/de\/wp-json\/wp\/v2\/product_brand?post=20652"},{"taxonomy":"product_cat","embeddable":true,"href":"https:\/\/sigletos.gr\/de\/wp-json\/wp\/v2\/product_cat?post=20652"},{"taxonomy":"product_tag","embeddable":true,"href":"https:\/\/sigletos.gr\/de\/wp-json\/wp\/v2\/product_tag?post=20652"}],"curies":[{"name":"wp","href":"https:\/\/api.w.org\/{rel}","templated":true}]}}