{"id":21061,"date":"2022-07-20T09:20:09","date_gmt":"2022-07-20T07:20:09","guid":{"rendered":"https:\/\/sigletos.gr\/?post_type=product&#038;p=21061"},"modified":"2022-07-20T09:22:00","modified_gmt":"2022-07-20T07:22:00","slug":"%ce%bc%cf%80%ce%b1%cf%84%ce%b1%cf%81%ce%af%ce%b1-%ce%bd%cf%84%ce%bf%cf%85%cf%82-2-%ce%b5%ce%be%cf%8c%ce%b4%cf%89%ce%bd-%ce%bc%ce%b5-%ce%ba%ce%bf%ce%bb%cf%8e%ce%bd%ce%b1-new-tech-12065-white-matt","status":"publish","type":"product","link":"https:\/\/sigletos.gr\/de\/produkt\/%ce%bc%cf%80%ce%b1%cf%84%ce%b1%cf%81%ce%af%ce%b1-%ce%bd%cf%84%ce%bf%cf%85%cf%82-2-%ce%b5%ce%be%cf%8c%ce%b4%cf%89%ce%bd-%ce%bc%ce%b5-%ce%ba%ce%bf%ce%bb%cf%8e%ce%bd%ce%b1-new-tech-12065-white-matt\/","title":{"rendered":"2-Wege-Brausemischer mit S\u00e4ule New Tech 12065 wei\u00df matt"},"content":{"rendered":"<p><label>Spaltenh\u00f6he<\/label>: einstellbar 83 \u2013 144 cm vom Batteriestand<br \/>\n<label>Kopf<\/label>: Liegend, Antikalk-\u03a620 cm.<br \/>\n<label>Telefon<\/label>: Anti-Kalk<br \/>\n<label>Telefonhalter<\/label>: Ja<br \/>\n<label>Spiral<\/label>: unzerbrechlich, 1,5m<\/p>\n<p>5 Jahre Garantie<\/p>","protected":false},"excerpt":{"rendered":"<p>2-Wege-Brausemischer mit S\u00e4ule New Tech 12065 wei\u00df matt<\/p>","protected":false},"featured_media":21062,"comment_status":"closed","ping_status":"closed","template":"","meta":[],"product_brand":[],"product_cat":[844],"product_tag":[],"class_list":{"0":"post-21061","1":"product","2":"type-product","3":"status-publish","4":"has-post-thumbnail","6":"product_cat-844","7":"pa_brand-la-torre","9":"first","10":"instock","11":"taxable","12":"shipping-taxable","13":"purchasable","14":"product-type-simple"},"_links":{"self":[{"href":"https:\/\/sigletos.gr\/de\/wp-json\/wp\/v2\/product\/21061","targetHints":{"allow":["GET"]}}],"collection":[{"href":"https:\/\/sigletos.gr\/de\/wp-json\/wp\/v2\/product"}],"about":[{"href":"https:\/\/sigletos.gr\/de\/wp-json\/wp\/v2\/types\/product"}],"replies":[{"embeddable":true,"href":"https:\/\/sigletos.gr\/de\/wp-json\/wp\/v2\/comments?post=21061"}],"version-history":[{"count":1,"href":"https:\/\/sigletos.gr\/de\/wp-json\/wp\/v2\/product\/21061\/revisions"}],"predecessor-version":[{"id":21063,"href":"https:\/\/sigletos.gr\/de\/wp-json\/wp\/v2\/product\/21061\/revisions\/21063"}],"wp:featuredmedia":[{"embeddable":true,"href":"https:\/\/sigletos.gr\/de\/wp-json\/wp\/v2\/media\/21062"}],"wp:attachment":[{"href":"https:\/\/sigletos.gr\/de\/wp-json\/wp\/v2\/media?parent=21061"}],"wp:term":[{"taxonomy":"product_brand","embeddable":true,"href":"https:\/\/sigletos.gr\/de\/wp-json\/wp\/v2\/product_brand?post=21061"},{"taxonomy":"product_cat","embeddable":true,"href":"https:\/\/sigletos.gr\/de\/wp-json\/wp\/v2\/product_cat?post=21061"},{"taxonomy":"product_tag","embeddable":true,"href":"https:\/\/sigletos.gr\/de\/wp-json\/wp\/v2\/product_tag?post=21061"}],"curies":[{"name":"wp","href":"https:\/\/api.w.org\/{rel}","templated":true}]}}