{"id":22072,"date":"2022-07-26T08:41:07","date_gmt":"2022-07-26T06:41:07","guid":{"rendered":"https:\/\/sigletos.gr\/?post_type=product&#038;p=22072"},"modified":"2022-07-26T13:27:07","modified_gmt":"2022-07-26T11:27:07","slug":"mamut-glue-high-tack","status":"publish","type":"product","link":"https:\/\/sigletos.gr\/de\/produkt\/mamut-glue-high-tack\/","title":{"rendered":"MAMUT KLEBER MIT HOHER HAFTKLEBERKRAFT"},"content":{"rendered":"","protected":false},"excerpt":{"rendered":"<p>Beschreibung<br \/>\nStarker Sofortkleber, MS-Polymer-Technologie. Durch<br \/>\nseiner Eigenschaften, die Unterst\u00fctzung von Materialien<br \/>\nin der Bewerbung ist nicht erforderlich.<br \/>\nEs bietet sogar bei N\u00e4sse Traktion.<br \/>\nOberfl\u00e4chen. Es ist geruchlos, neutral und<br \/>\nEnth\u00e4lt keine L\u00f6sungsmittel. Beeintr\u00e4chtigt nicht die<br \/>\nempfindliche Oberfl\u00e4chen. Zugfestigkeit nach Aush\u00e4rtung 220kg\/10cm2<br \/>\n.<br \/>\nErsetzt N\u00e4gel und Schrauben.<\/p>","protected":false},"featured_media":26716,"comment_status":"closed","ping_status":"closed","template":"","meta":[],"product_brand":[],"product_cat":[907,905,844],"product_tag":[],"class_list":{"0":"post-22072","1":"product","2":"type-product","3":"status-publish","4":"has-post-thumbnail","6":"product_cat-907","7":"product_cat-905","8":"product_cat-844","9":"pa_brand-den-braven","10":"pa_color-402","11":"pa_litres-25ml","12":"pa_litres-290ml","14":"first","15":"instock","16":"taxable","17":"shipping-taxable","18":"purchasable","19":"product-type-variable"},"_links":{"self":[{"href":"https:\/\/sigletos.gr\/de\/wp-json\/wp\/v2\/product\/22072","targetHints":{"allow":["GET"]}}],"collection":[{"href":"https:\/\/sigletos.gr\/de\/wp-json\/wp\/v2\/product"}],"about":[{"href":"https:\/\/sigletos.gr\/de\/wp-json\/wp\/v2\/types\/product"}],"replies":[{"embeddable":true,"href":"https:\/\/sigletos.gr\/de\/wp-json\/wp\/v2\/comments?post=22072"}],"version-history":[{"count":0,"href":"https:\/\/sigletos.gr\/de\/wp-json\/wp\/v2\/product\/22072\/revisions"}],"wp:featuredmedia":[{"embeddable":true,"href":"https:\/\/sigletos.gr\/de\/wp-json\/wp\/v2\/media\/26716"}],"wp:attachment":[{"href":"https:\/\/sigletos.gr\/de\/wp-json\/wp\/v2\/media?parent=22072"}],"wp:term":[{"taxonomy":"product_brand","embeddable":true,"href":"https:\/\/sigletos.gr\/de\/wp-json\/wp\/v2\/product_brand?post=22072"},{"taxonomy":"product_cat","embeddable":true,"href":"https:\/\/sigletos.gr\/de\/wp-json\/wp\/v2\/product_cat?post=22072"},{"taxonomy":"product_tag","embeddable":true,"href":"https:\/\/sigletos.gr\/de\/wp-json\/wp\/v2\/product_tag?post=22072"}],"curies":[{"name":"wp","href":"https:\/\/api.w.org\/{rel}","templated":true}]}}