{"id":22336,"date":"2022-07-26T10:40:25","date_gmt":"2022-07-26T08:40:25","guid":{"rendered":"https:\/\/sigletos.gr\/?post_type=product&#038;p=22336"},"modified":"2022-08-03T10:29:59","modified_gmt":"2022-08-03T08:29:59","slug":"%cf%80%ce%b9%cf%83%cf%89-%cf%83%cf%84%ce%b7%cf%81%ce%b9%ce%b3%ce%bc%ce%b1ta-%cf%80%ce%bb%ce%b1%cf%84%ce%b7%cf%83-%cf%83%cf%85%cf%81%cf%84%ce%b1%cf%81%ce%b9%ce%bf%cf%85-115mm-%ce%b3%ce%b9%ce%b1-to-m025","status":"publish","type":"product","link":"https:\/\/sigletos.gr\/de\/produkt\/%cf%80%ce%b9%cf%83%cf%89-%cf%83%cf%84%ce%b7%cf%81%ce%b9%ce%b3%ce%bc%ce%b1ta-%cf%80%ce%bb%ce%b1%cf%84%ce%b7%cf%83-%cf%83%cf%85%cf%81%cf%84%ce%b1%cf%81%ce%b9%ce%bf%cf%85-115mm-%ce%b3%ce%b9%ce%b1-to-m025\/","title":{"rendered":"HINTERE SCHUBLADENR\u00dcCKENST\u00dcTZEN 115 mm F\u00dcR M02500A Dragon Box"},"content":{"rendered":"<p>HINTERE SCHUBLADENR\u00dcCKENST\u00dcTZEN 115 mm F\u00dcR M02500A Dragon Box<\/p>","protected":false},"excerpt":{"rendered":"<p>HINTERE SCHUBLADENR\u00dcCKENST\u00dcTZEN 115 mm F\u00dcR M02500A Dragon Box<\/p>","protected":false},"featured_media":22337,"comment_status":"closed","ping_status":"closed","template":"","meta":[],"product_brand":[],"product_cat":[875,886],"product_tag":[1117,1141,1142],"class_list":{"0":"post-22336","1":"product","2":"type-product","3":"status-publish","4":"has-post-thumbnail","6":"product_cat-875","7":"product_cat-886","8":"product_tag-1117","9":"product_tag-1141","10":"product_tag-1142","12":"first","13":"instock","14":"product-type-simple"},"_links":{"self":[{"href":"https:\/\/sigletos.gr\/de\/wp-json\/wp\/v2\/product\/22336","targetHints":{"allow":["GET"]}}],"collection":[{"href":"https:\/\/sigletos.gr\/de\/wp-json\/wp\/v2\/product"}],"about":[{"href":"https:\/\/sigletos.gr\/de\/wp-json\/wp\/v2\/types\/product"}],"replies":[{"embeddable":true,"href":"https:\/\/sigletos.gr\/de\/wp-json\/wp\/v2\/comments?post=22336"}],"version-history":[{"count":0,"href":"https:\/\/sigletos.gr\/de\/wp-json\/wp\/v2\/product\/22336\/revisions"}],"wp:featuredmedia":[{"embeddable":true,"href":"https:\/\/sigletos.gr\/de\/wp-json\/wp\/v2\/media\/22337"}],"wp:attachment":[{"href":"https:\/\/sigletos.gr\/de\/wp-json\/wp\/v2\/media?parent=22336"}],"wp:term":[{"taxonomy":"product_brand","embeddable":true,"href":"https:\/\/sigletos.gr\/de\/wp-json\/wp\/v2\/product_brand?post=22336"},{"taxonomy":"product_cat","embeddable":true,"href":"https:\/\/sigletos.gr\/de\/wp-json\/wp\/v2\/product_cat?post=22336"},{"taxonomy":"product_tag","embeddable":true,"href":"https:\/\/sigletos.gr\/de\/wp-json\/wp\/v2\/product_tag?post=22336"}],"curies":[{"name":"wp","href":"https:\/\/api.w.org\/{rel}","templated":true}]}}