{"id":22950,"date":"2022-07-26T10:48:53","date_gmt":"2022-07-26T08:48:53","guid":{"rendered":"https:\/\/sigletos.gr\/?post_type=product&#038;p=22950"},"modified":"2025-06-09T14:00:32","modified_gmt":"2025-06-09T11:00:32","slug":"%ce%b2%cf%85%cf%83%ce%bc%ce%b1-%ce%bc%ce%b5%cf%84%ce%b1%ce%bb%ce%bb%ce%b9%ce%ba%cf%8c-%ce%bc8x15-%cf%8610","status":"publish","type":"product","link":"https:\/\/sigletos.gr\/de\/produkt\/%ce%b2%cf%85%cf%83%ce%bc%ce%b1-%ce%bc%ce%b5%cf%84%ce%b1%ce%bb%ce%bb%ce%b9%ce%ba%cf%8c-%ce%bc8x15-%cf%8610\/","title":{"rendered":"Metallstopfen M8\u00d715 \u00d810"},"content":{"rendered":"<p>Metallstecker M8\u00d715 \u00d810<\/p>","protected":false},"excerpt":{"rendered":"<p>Metallstecker M8\u00d715 \u00d810<\/p>","protected":false},"featured_media":22951,"comment_status":"closed","ping_status":"closed","template":"","meta":[],"product_brand":[],"product_cat":[875,886],"product_tag":[1130,1131,1117],"class_list":{"0":"post-22950","1":"product","2":"type-product","3":"status-publish","4":"has-post-thumbnail","6":"product_cat-875","7":"product_cat-886","8":"product_tag-1130","9":"product_tag-1131","10":"product_tag-1117","12":"first","13":"instock","14":"product-type-simple"},"_links":{"self":[{"href":"https:\/\/sigletos.gr\/de\/wp-json\/wp\/v2\/product\/22950","targetHints":{"allow":["GET"]}}],"collection":[{"href":"https:\/\/sigletos.gr\/de\/wp-json\/wp\/v2\/product"}],"about":[{"href":"https:\/\/sigletos.gr\/de\/wp-json\/wp\/v2\/types\/product"}],"replies":[{"embeddable":true,"href":"https:\/\/sigletos.gr\/de\/wp-json\/wp\/v2\/comments?post=22950"}],"version-history":[{"count":1,"href":"https:\/\/sigletos.gr\/de\/wp-json\/wp\/v2\/product\/22950\/revisions"}],"predecessor-version":[{"id":36433,"href":"https:\/\/sigletos.gr\/de\/wp-json\/wp\/v2\/product\/22950\/revisions\/36433"}],"wp:featuredmedia":[{"embeddable":true,"href":"https:\/\/sigletos.gr\/de\/wp-json\/wp\/v2\/media\/22951"}],"wp:attachment":[{"href":"https:\/\/sigletos.gr\/de\/wp-json\/wp\/v2\/media?parent=22950"}],"wp:term":[{"taxonomy":"product_brand","embeddable":true,"href":"https:\/\/sigletos.gr\/de\/wp-json\/wp\/v2\/product_brand?post=22950"},{"taxonomy":"product_cat","embeddable":true,"href":"https:\/\/sigletos.gr\/de\/wp-json\/wp\/v2\/product_cat?post=22950"},{"taxonomy":"product_tag","embeddable":true,"href":"https:\/\/sigletos.gr\/de\/wp-json\/wp\/v2\/product_tag?post=22950"}],"curies":[{"name":"wp","href":"https:\/\/api.w.org\/{rel}","templated":true}]}}