{"id":22987,"date":"2022-07-26T10:50:19","date_gmt":"2022-07-26T08:50:19","guid":{"rendered":"https:\/\/sigletos.gr\/?post_type=product&#038;p=22987"},"modified":"2025-06-09T13:59:49","modified_gmt":"2025-06-09T10:59:49","slug":"%ce%bd%cf%84%ce%af%ce%b6%ce%b1-%cf%86%cf%81%ce%b5%ce%b6%ce%ac%cf%84%ce%b7-%cf%867-%cf%83%cf%80%ce%b5%ce%af%cf%81%cf%89%ce%bc%ce%b1-fl6-l45mm","status":"publish","type":"product","link":"https:\/\/sigletos.gr\/de\/produkt\/%ce%bd%cf%84%ce%af%ce%b6%ce%b1-%cf%86%cf%81%ce%b5%ce%b6%ce%ac%cf%84%ce%b7-%cf%867-%cf%83%cf%80%ce%b5%ce%af%cf%81%cf%89%ce%bc%ce%b1-fl6-l45mm\/","title":{"rendered":"Gefr\u00e4stes Kabel \u00d87 Gewinde FL6 L45mm"},"content":{"rendered":"<p>Gefr\u00e4stes Kabel \u00d87 Gewinde FL6 L36mm<\/p>","protected":false},"excerpt":{"rendered":"<p>Gefr\u00e4stes Kabel \u00d87 Gewinde FL6 L36mm<\/p>","protected":false},"featured_media":22988,"comment_status":"closed","ping_status":"closed","template":"","meta":[],"product_brand":[],"product_cat":[875,886],"product_tag":[1117,1139,1184],"class_list":{"0":"post-22987","1":"product","2":"type-product","3":"status-publish","4":"has-post-thumbnail","6":"product_cat-875","7":"product_cat-886","8":"product_tag-1117","9":"product_tag-1139","10":"product_tag-1184","12":"first","13":"instock","14":"product-type-simple"},"_links":{"self":[{"href":"https:\/\/sigletos.gr\/de\/wp-json\/wp\/v2\/product\/22987","targetHints":{"allow":["GET"]}}],"collection":[{"href":"https:\/\/sigletos.gr\/de\/wp-json\/wp\/v2\/product"}],"about":[{"href":"https:\/\/sigletos.gr\/de\/wp-json\/wp\/v2\/types\/product"}],"replies":[{"embeddable":true,"href":"https:\/\/sigletos.gr\/de\/wp-json\/wp\/v2\/comments?post=22987"}],"version-history":[{"count":1,"href":"https:\/\/sigletos.gr\/de\/wp-json\/wp\/v2\/product\/22987\/revisions"}],"predecessor-version":[{"id":36421,"href":"https:\/\/sigletos.gr\/de\/wp-json\/wp\/v2\/product\/22987\/revisions\/36421"}],"wp:featuredmedia":[{"embeddable":true,"href":"https:\/\/sigletos.gr\/de\/wp-json\/wp\/v2\/media\/22988"}],"wp:attachment":[{"href":"https:\/\/sigletos.gr\/de\/wp-json\/wp\/v2\/media?parent=22987"}],"wp:term":[{"taxonomy":"product_brand","embeddable":true,"href":"https:\/\/sigletos.gr\/de\/wp-json\/wp\/v2\/product_brand?post=22987"},{"taxonomy":"product_cat","embeddable":true,"href":"https:\/\/sigletos.gr\/de\/wp-json\/wp\/v2\/product_cat?post=22987"},{"taxonomy":"product_tag","embeddable":true,"href":"https:\/\/sigletos.gr\/de\/wp-json\/wp\/v2\/product_tag?post=22987"}],"curies":[{"name":"wp","href":"https:\/\/api.w.org\/{rel}","templated":true}]}}