{"id":23026,"date":"2022-07-26T10:50:19","date_gmt":"2022-07-26T08:50:19","guid":{"rendered":"https:\/\/sigletos.gr\/?post_type=product&#038;p=23026"},"modified":"2022-08-03T08:37:50","modified_gmt":"2022-08-03T06:37:50","slug":"%cf%80%cf%81%ce%bf%cf%86%ce%b9%ce%bb-%ce%b3%ce%b9%ce%b1-%cf%80%ce%bf%cf%81%cf%84%ce%b1%ce%ba%ce%b9-%ce%bd%cf%84%ce%bf%cf%85%ce%bb%ce%b1%cf%80%ce%b9%ce%bf%cf%85-%cf%86%cf%85%cf%83-%ce%b1%ce%bb%ce%bf","status":"publish","type":"product","link":"https:\/\/sigletos.gr\/de\/produkt\/%cf%80%cf%81%ce%bf%cf%86%ce%b9%ce%bb-%ce%b3%ce%b9%ce%b1-%cf%80%ce%bf%cf%81%cf%84%ce%b1%ce%ba%ce%b9-%ce%bd%cf%84%ce%bf%cf%85%ce%bb%ce%b1%cf%80%ce%b9%ce%bf%cf%85-%cf%86%cf%85%cf%83-%ce%b1%ce%bb%ce%bf\/","title":{"rendered":"PROFIL F\u00dcR SCHRANKT\u00dcR NATURALUMINIUM 45,2\u00d720,5mm"},"content":{"rendered":"<p>PROFIL F\u00dcR SCHRANKT\u00dcR NATURALUMINIUM 45,2\u00d720,5mm<\/p>","protected":false},"excerpt":{"rendered":"<p>PROFIL F\u00dcR SCHRANKT\u00dcR NATURALUMINIUM 45,2\u00d720,5mm<\/p>","protected":false},"featured_media":23027,"comment_status":"closed","ping_status":"closed","template":"","meta":[],"product_brand":[],"product_cat":[875,888],"product_tag":[1187,1188,1186],"class_list":{"0":"post-23026","1":"product","2":"type-product","3":"status-publish","4":"has-post-thumbnail","6":"product_cat-875","7":"product_cat-888","8":"product_tag-1187","9":"product_tag-1188","10":"product_tag-1186","12":"first","13":"instock","14":"product-type-simple"},"_links":{"self":[{"href":"https:\/\/sigletos.gr\/de\/wp-json\/wp\/v2\/product\/23026","targetHints":{"allow":["GET"]}}],"collection":[{"href":"https:\/\/sigletos.gr\/de\/wp-json\/wp\/v2\/product"}],"about":[{"href":"https:\/\/sigletos.gr\/de\/wp-json\/wp\/v2\/types\/product"}],"replies":[{"embeddable":true,"href":"https:\/\/sigletos.gr\/de\/wp-json\/wp\/v2\/comments?post=23026"}],"version-history":[{"count":0,"href":"https:\/\/sigletos.gr\/de\/wp-json\/wp\/v2\/product\/23026\/revisions"}],"wp:featuredmedia":[{"embeddable":true,"href":"https:\/\/sigletos.gr\/de\/wp-json\/wp\/v2\/media\/23027"}],"wp:attachment":[{"href":"https:\/\/sigletos.gr\/de\/wp-json\/wp\/v2\/media?parent=23026"}],"wp:term":[{"taxonomy":"product_brand","embeddable":true,"href":"https:\/\/sigletos.gr\/de\/wp-json\/wp\/v2\/product_brand?post=23026"},{"taxonomy":"product_cat","embeddable":true,"href":"https:\/\/sigletos.gr\/de\/wp-json\/wp\/v2\/product_cat?post=23026"},{"taxonomy":"product_tag","embeddable":true,"href":"https:\/\/sigletos.gr\/de\/wp-json\/wp\/v2\/product_tag?post=23026"}],"curies":[{"name":"wp","href":"https:\/\/api.w.org\/{rel}","templated":true}]}}