{"id":23325,"date":"2022-07-26T10:55:14","date_gmt":"2022-07-26T08:55:14","guid":{"rendered":"https:\/\/sigletos.gr\/?post_type=product&#038;p=23325"},"modified":"2022-08-03T09:31:29","modified_gmt":"2022-08-03T07:31:29","slug":"%ce%b5%ce%be%ce%ac%cf%81%cf%84%ce%b7%ce%bc%ce%b1-%cf%83%ce%b7%ce%bc%ce%b1%ce%b4%ce%ad%ce%bc%ce%b1%cf%84%ce%bf%cf%82-%ce%bc%ce%b5%cf%84%cf%8e%cf%80%ce%b7%cf%82-%ce%b3%ce%b9%ce%b1-%cf%83%cf%85%cf%81","status":"publish","type":"product","link":"https:\/\/sigletos.gr\/de\/produkt\/%ce%b5%ce%be%ce%ac%cf%81%cf%84%ce%b7%ce%bc%ce%b1-%cf%83%ce%b7%ce%bc%ce%b1%ce%b4%ce%ad%ce%bc%ce%b1%cf%84%ce%bf%cf%82-%ce%bc%ce%b5%cf%84%cf%8e%cf%80%ce%b7%cf%82-%ce%b3%ce%b9%ce%b1-%cf%83%cf%85%cf%81\/","title":{"rendered":"Frontmarkierungszubeh\u00f6r f\u00fcr MGS-Schublade"},"content":{"rendered":"<p>Frontmarkierungszubeh\u00f6r f\u00fcr MGS-Schublade<\/p>","protected":false},"excerpt":{"rendered":"<p>Frontmarkierungszubeh\u00f6r f\u00fcr MGS-Schublade<\/p>","protected":false},"featured_media":23326,"comment_status":"closed","ping_status":"closed","template":"","meta":[],"product_brand":[],"product_cat":[875,886],"product_tag":[1117,1141,1142],"class_list":{"0":"post-23325","1":"product","2":"type-product","3":"status-publish","4":"has-post-thumbnail","6":"product_cat-875","7":"product_cat-886","8":"product_tag-1117","9":"product_tag-1141","10":"product_tag-1142","12":"first","13":"instock","14":"product-type-simple"},"_links":{"self":[{"href":"https:\/\/sigletos.gr\/de\/wp-json\/wp\/v2\/product\/23325","targetHints":{"allow":["GET"]}}],"collection":[{"href":"https:\/\/sigletos.gr\/de\/wp-json\/wp\/v2\/product"}],"about":[{"href":"https:\/\/sigletos.gr\/de\/wp-json\/wp\/v2\/types\/product"}],"replies":[{"embeddable":true,"href":"https:\/\/sigletos.gr\/de\/wp-json\/wp\/v2\/comments?post=23325"}],"version-history":[{"count":0,"href":"https:\/\/sigletos.gr\/de\/wp-json\/wp\/v2\/product\/23325\/revisions"}],"wp:featuredmedia":[{"embeddable":true,"href":"https:\/\/sigletos.gr\/de\/wp-json\/wp\/v2\/media\/23326"}],"wp:attachment":[{"href":"https:\/\/sigletos.gr\/de\/wp-json\/wp\/v2\/media?parent=23325"}],"wp:term":[{"taxonomy":"product_brand","embeddable":true,"href":"https:\/\/sigletos.gr\/de\/wp-json\/wp\/v2\/product_brand?post=23325"},{"taxonomy":"product_cat","embeddable":true,"href":"https:\/\/sigletos.gr\/de\/wp-json\/wp\/v2\/product_cat?post=23325"},{"taxonomy":"product_tag","embeddable":true,"href":"https:\/\/sigletos.gr\/de\/wp-json\/wp\/v2\/product_tag?post=23325"}],"curies":[{"name":"wp","href":"https:\/\/api.w.org\/{rel}","templated":true}]}}