{"id":23416,"date":"2022-07-26T10:56:35","date_gmt":"2022-07-26T08:56:35","guid":{"rendered":"https:\/\/sigletos.gr\/?post_type=product&#038;p=23416"},"modified":"2022-08-03T08:37:47","modified_gmt":"2022-08-03T06:37:47","slug":"%cf%84%ce%ad%cf%81%ce%bc%ce%b1%cf%84%ce%b1-%ce%b3%ce%b9%ce%b1-%ce%b3%cf%89%ce%bd%ce%b9%ce%b1%ce%ba%cf%8c-%cf%80%cf%81%ce%bf%cf%86%ce%af%ce%bb-%ce%b1%ce%bb%ce%bf%cf%85%ce%bc","status":"publish","type":"product","link":"https:\/\/sigletos.gr\/de\/produkt\/%cf%84%ce%ad%cf%81%ce%bc%ce%b1%cf%84%ce%b1-%ce%b3%ce%b9%ce%b1-%ce%b3%cf%89%ce%bd%ce%b9%ce%b1%ce%ba%cf%8c-%cf%80%cf%81%ce%bf%cf%86%ce%af%ce%bb-%ce%b1%ce%bb%ce%bf%cf%85%ce%bc\/","title":{"rendered":"Abschl\u00fcsse f\u00fcr Aluminium-Eckprofil."},"content":{"rendered":"<p>Abschl\u00fcsse f\u00fcr Aluminium-Eckprofil.<\/p>","protected":false},"excerpt":{"rendered":"<p>Abschl\u00fcsse f\u00fcr Aluminium-Eckprofil.<\/p>","protected":false},"featured_media":23417,"comment_status":"closed","ping_status":"closed","template":"","meta":[],"product_brand":[],"product_cat":[875,888],"product_tag":[1152,1150],"class_list":{"0":"post-23416","1":"product","2":"type-product","3":"status-publish","4":"has-post-thumbnail","6":"product_cat-875","7":"product_cat-888","8":"product_tag-1152","9":"product_tag-1150","11":"first","12":"instock","13":"product-type-simple"},"_links":{"self":[{"href":"https:\/\/sigletos.gr\/de\/wp-json\/wp\/v2\/product\/23416","targetHints":{"allow":["GET"]}}],"collection":[{"href":"https:\/\/sigletos.gr\/de\/wp-json\/wp\/v2\/product"}],"about":[{"href":"https:\/\/sigletos.gr\/de\/wp-json\/wp\/v2\/types\/product"}],"replies":[{"embeddable":true,"href":"https:\/\/sigletos.gr\/de\/wp-json\/wp\/v2\/comments?post=23416"}],"version-history":[{"count":0,"href":"https:\/\/sigletos.gr\/de\/wp-json\/wp\/v2\/product\/23416\/revisions"}],"wp:featuredmedia":[{"embeddable":true,"href":"https:\/\/sigletos.gr\/de\/wp-json\/wp\/v2\/media\/23417"}],"wp:attachment":[{"href":"https:\/\/sigletos.gr\/de\/wp-json\/wp\/v2\/media?parent=23416"}],"wp:term":[{"taxonomy":"product_brand","embeddable":true,"href":"https:\/\/sigletos.gr\/de\/wp-json\/wp\/v2\/product_brand?post=23416"},{"taxonomy":"product_cat","embeddable":true,"href":"https:\/\/sigletos.gr\/de\/wp-json\/wp\/v2\/product_cat?post=23416"},{"taxonomy":"product_tag","embeddable":true,"href":"https:\/\/sigletos.gr\/de\/wp-json\/wp\/v2\/product_tag?post=23416"}],"curies":[{"name":"wp","href":"https:\/\/api.w.org\/{rel}","templated":true}]}}