{"id":23457,"date":"2022-07-26T10:56:35","date_gmt":"2022-07-26T08:56:35","guid":{"rendered":"https:\/\/sigletos.gr\/?post_type=product&#038;p=23457"},"modified":"2025-06-09T13:57:45","modified_gmt":"2025-06-09T10:57:45","slug":"%ce%ba%ce%b1%ce%bc%cf%80%ce%b1%cf%81%ce%ac%cf%82-%cf%83%cf%84%cf%81%cf%8c%ce%b3%ce%b3%cf%85%ce%bb%ce%bf-%ce%ba%ce%b5%cf%86%ce%ac%ce%bb%ce%b9-%ce%ba%cf%85%cf%88%ce%b5%ce%bb%cf%89%cf%84%ce%bf-%ce%bc-3","status":"publish","type":"product","link":"https:\/\/sigletos.gr\/de\/produkt\/%ce%ba%ce%b1%ce%bc%cf%80%ce%b1%cf%81%ce%ac%cf%82-%cf%83%cf%84%cf%81%cf%8c%ce%b3%ce%b3%cf%85%ce%bb%ce%bf-%ce%ba%ce%b5%cf%86%ce%ac%ce%bb%ce%b9-%ce%ba%cf%85%cf%88%ce%b5%ce%bb%cf%89%cf%84%ce%bf-%ce%bc-3\/","title":{"rendered":"Schwarze Wabent\u00fcrklingel mit rundem Kopf, \u00d830mm"},"content":{"rendered":"<p>T\u00fcrknauf mit rundem Kopf und schwarzer Wabenstruktur, \u00d830 mm<\/p>","protected":false},"excerpt":{"rendered":"<p>T\u00fcrknauf mit rundem Kopf und schwarzer Wabenstruktur, \u00d830 mm<\/p>","protected":false},"featured_media":23458,"comment_status":"closed","ping_status":"closed","template":"","meta":[],"product_brand":[],"product_cat":[875,886],"product_tag":[1130,1117,1171],"class_list":{"0":"post-23457","1":"product","2":"type-product","3":"status-publish","4":"has-post-thumbnail","6":"product_cat-875","7":"product_cat-886","8":"product_tag-1130","9":"product_tag-1117","10":"product_tag-1171","12":"first","13":"instock","14":"product-type-simple"},"_links":{"self":[{"href":"https:\/\/sigletos.gr\/de\/wp-json\/wp\/v2\/product\/23457","targetHints":{"allow":["GET"]}}],"collection":[{"href":"https:\/\/sigletos.gr\/de\/wp-json\/wp\/v2\/product"}],"about":[{"href":"https:\/\/sigletos.gr\/de\/wp-json\/wp\/v2\/types\/product"}],"replies":[{"embeddable":true,"href":"https:\/\/sigletos.gr\/de\/wp-json\/wp\/v2\/comments?post=23457"}],"version-history":[{"count":1,"href":"https:\/\/sigletos.gr\/de\/wp-json\/wp\/v2\/product\/23457\/revisions"}],"predecessor-version":[{"id":36400,"href":"https:\/\/sigletos.gr\/de\/wp-json\/wp\/v2\/product\/23457\/revisions\/36400"}],"wp:featuredmedia":[{"embeddable":true,"href":"https:\/\/sigletos.gr\/de\/wp-json\/wp\/v2\/media\/23458"}],"wp:attachment":[{"href":"https:\/\/sigletos.gr\/de\/wp-json\/wp\/v2\/media?parent=23457"}],"wp:term":[{"taxonomy":"product_brand","embeddable":true,"href":"https:\/\/sigletos.gr\/de\/wp-json\/wp\/v2\/product_brand?post=23457"},{"taxonomy":"product_cat","embeddable":true,"href":"https:\/\/sigletos.gr\/de\/wp-json\/wp\/v2\/product_cat?post=23457"},{"taxonomy":"product_tag","embeddable":true,"href":"https:\/\/sigletos.gr\/de\/wp-json\/wp\/v2\/product_tag?post=23457"}],"curies":[{"name":"wp","href":"https:\/\/api.w.org\/{rel}","templated":true}]}}