{"id":23672,"date":"2022-07-26T10:59:49","date_gmt":"2022-07-26T08:59:49","guid":{"rendered":"https:\/\/sigletos.gr\/?post_type=product&#038;p=23672"},"modified":"2025-06-09T13:56:20","modified_gmt":"2025-06-09T10:56:20","slug":"%cf%84%ce%ac%cf%80%ce%b1-%ce%ba%ce%b1%ce%bb%cf%89%ce%b4%ce%af%cf%89%ce%bd-%ce%b3%cf%81%ce%b1%cf%86%ce%b5%ce%af%ce%bf%cf%85-eco-%cf%8660-bsn-%ce%bc%ce%b5%cf%84%ce%b1%ce%bb%ce%bb%ce%b9%ce%ba%ce%ae","status":"publish","type":"product","link":"https:\/\/sigletos.gr\/de\/produkt\/%cf%84%ce%ac%cf%80%ce%b1-%ce%ba%ce%b1%ce%bb%cf%89%ce%b4%ce%af%cf%89%ce%bd-%ce%b3%cf%81%ce%b1%cf%86%ce%b5%ce%af%ce%bf%cf%85-eco-%cf%8660-bsn-%ce%bc%ce%b5%cf%84%ce%b1%ce%bb%ce%bb%ce%b9%ce%ba%ce%ae\/","title":{"rendered":"B\u00fcro-Kabelstecker \u00d6ko \u00d860 BSN Metall"},"content":{"rendered":"<p>\u00d6ko-B\u00fcrokabelstecker \u03a660 BSN Metall<\/p>","protected":false},"excerpt":{"rendered":"<p>\u00d6ko-B\u00fcrokabelstecker \u03a660 BSN Metall<\/p>","protected":false},"featured_media":23673,"comment_status":"closed","ping_status":"closed","template":"","meta":[],"product_brand":[],"product_cat":[875,886],"product_tag":[1158,1159,1160],"class_list":{"0":"post-23672","1":"product","2":"type-product","3":"status-publish","4":"has-post-thumbnail","6":"product_cat-875","7":"product_cat-886","8":"product_tag-1158","9":"product_tag-1159","10":"product_tag-1160","12":"first","13":"instock","14":"product-type-simple"},"_links":{"self":[{"href":"https:\/\/sigletos.gr\/de\/wp-json\/wp\/v2\/product\/23672","targetHints":{"allow":["GET"]}}],"collection":[{"href":"https:\/\/sigletos.gr\/de\/wp-json\/wp\/v2\/product"}],"about":[{"href":"https:\/\/sigletos.gr\/de\/wp-json\/wp\/v2\/types\/product"}],"replies":[{"embeddable":true,"href":"https:\/\/sigletos.gr\/de\/wp-json\/wp\/v2\/comments?post=23672"}],"version-history":[{"count":1,"href":"https:\/\/sigletos.gr\/de\/wp-json\/wp\/v2\/product\/23672\/revisions"}],"predecessor-version":[{"id":36393,"href":"https:\/\/sigletos.gr\/de\/wp-json\/wp\/v2\/product\/23672\/revisions\/36393"}],"wp:featuredmedia":[{"embeddable":true,"href":"https:\/\/sigletos.gr\/de\/wp-json\/wp\/v2\/media\/23673"}],"wp:attachment":[{"href":"https:\/\/sigletos.gr\/de\/wp-json\/wp\/v2\/media?parent=23672"}],"wp:term":[{"taxonomy":"product_brand","embeddable":true,"href":"https:\/\/sigletos.gr\/de\/wp-json\/wp\/v2\/product_brand?post=23672"},{"taxonomy":"product_cat","embeddable":true,"href":"https:\/\/sigletos.gr\/de\/wp-json\/wp\/v2\/product_cat?post=23672"},{"taxonomy":"product_tag","embeddable":true,"href":"https:\/\/sigletos.gr\/de\/wp-json\/wp\/v2\/product_tag?post=23672"}],"curies":[{"name":"wp","href":"https:\/\/api.w.org\/{rel}","templated":true}]}}