{"id":23720,"date":"2022-07-26T11:01:37","date_gmt":"2022-07-26T09:01:37","guid":{"rendered":"https:\/\/sigletos.gr\/?post_type=product&#038;p=23720"},"modified":"2022-08-03T09:15:47","modified_gmt":"2022-08-03T07:15:47","slug":"%ce%b5%cf%80%ce%b9%cf%83%cf%84%cf%8c%ce%bc%ce%b9%ce%bf-%cf%86%ce%b9%ce%be-%ce%b1%ce%bd%cf%84%ce%b9%ce%ba%ce%ad-%ce%b3%ce%b9%ce%b1-%cf%87%ce%b5%cf%81%ce%bf%cf%8d%ce%bb%ce%b9-0141","status":"publish","type":"product","link":"https:\/\/sigletos.gr\/de\/produkt\/%ce%b5%cf%80%ce%b9%cf%83%cf%84%cf%8c%ce%bc%ce%b9%ce%bf-%cf%86%ce%b9%ce%be-%ce%b1%ce%bd%cf%84%ce%b9%ce%ba%ce%ad-%ce%b3%ce%b9%ce%b1-%cf%87%ce%b5%cf%81%ce%bf%cf%8d%ce%bb%ce%b9-0141\/","title":{"rendered":"Antikes festes Mundst\u00fcck f\u00fcr Griff 0141"},"content":{"rendered":"<p>Antikes festes Mundst\u00fcck f\u00fcr Griff 0141<\/p>","protected":false},"excerpt":{"rendered":"<p>Antikes festes Mundst\u00fcck f\u00fcr Griff 0141<\/p>","protected":false},"featured_media":23721,"comment_status":"closed","ping_status":"closed","template":"","meta":[],"product_brand":[],"product_cat":[875,971,827],"product_tag":[1117,1189,1196],"class_list":{"0":"post-23720","1":"product","2":"type-product","3":"status-publish","4":"has-post-thumbnail","6":"product_cat-875","7":"product_cat-971","8":"product_cat-827","9":"product_tag-1117","10":"product_tag-1189","11":"product_tag-1196","13":"first","14":"instock","15":"product-type-simple"},"_links":{"self":[{"href":"https:\/\/sigletos.gr\/de\/wp-json\/wp\/v2\/product\/23720","targetHints":{"allow":["GET"]}}],"collection":[{"href":"https:\/\/sigletos.gr\/de\/wp-json\/wp\/v2\/product"}],"about":[{"href":"https:\/\/sigletos.gr\/de\/wp-json\/wp\/v2\/types\/product"}],"replies":[{"embeddable":true,"href":"https:\/\/sigletos.gr\/de\/wp-json\/wp\/v2\/comments?post=23720"}],"version-history":[{"count":0,"href":"https:\/\/sigletos.gr\/de\/wp-json\/wp\/v2\/product\/23720\/revisions"}],"wp:featuredmedia":[{"embeddable":true,"href":"https:\/\/sigletos.gr\/de\/wp-json\/wp\/v2\/media\/23721"}],"wp:attachment":[{"href":"https:\/\/sigletos.gr\/de\/wp-json\/wp\/v2\/media?parent=23720"}],"wp:term":[{"taxonomy":"product_brand","embeddable":true,"href":"https:\/\/sigletos.gr\/de\/wp-json\/wp\/v2\/product_brand?post=23720"},{"taxonomy":"product_cat","embeddable":true,"href":"https:\/\/sigletos.gr\/de\/wp-json\/wp\/v2\/product_cat?post=23720"},{"taxonomy":"product_tag","embeddable":true,"href":"https:\/\/sigletos.gr\/de\/wp-json\/wp\/v2\/product_tag?post=23720"}],"curies":[{"name":"wp","href":"https:\/\/api.w.org\/{rel}","templated":true}]}}