{"id":23794,"date":"2022-07-26T11:03:02","date_gmt":"2022-07-26T09:03:02","guid":{"rendered":"https:\/\/sigletos.gr\/?post_type=product&#038;p=23794"},"modified":"2025-06-10T09:31:24","modified_gmt":"2025-06-10T06:31:24","slug":"%cf%80%ce%b1%ce%b9%ce%b4%ce%b9%ce%ba%ce%ae-%ce%ba%cf%81%ce%b5%ce%bc%ce%ac%cf%83%cf%84%cf%81%ce%b1-tondino-%ce%ba%cf%8c%ce%ba%ce%ba%ce%b9%ce%bd%ce%b7-%cf%86120mm-%ce%b235mm","status":"publish","type":"product","link":"https:\/\/sigletos.gr\/de\/produkt\/%cf%80%ce%b1%ce%b9%ce%b4%ce%b9%ce%ba%ce%ae-%ce%ba%cf%81%ce%b5%ce%bc%ce%ac%cf%83%cf%84%cf%81%ce%b1-tondino-%ce%ba%cf%8c%ce%ba%ce%ba%ce%b9%ce%bd%ce%b7-%cf%86120mm-%ce%b235mm\/","title":{"rendered":"Kinderkleiderb\u00fcgel TONDINO rot \u00d8120mm B:35mm"},"content":{"rendered":"<p>Kinderkleiderb\u00fcgel TONDINO rot \u03a6120mm D:35mm<\/p>","protected":false},"excerpt":{"rendered":"<p>Kinderkleiderb\u00fcgel TONDINO rot \u03a6120mm D:35mm<\/p>","protected":false},"featured_media":23795,"comment_status":"closed","ping_status":"closed","template":"","meta":[],"product_brand":[],"product_cat":[1350,900],"product_tag":[1117,1141,1216],"class_list":{"0":"post-23794","1":"product","2":"type-product","3":"status-publish","4":"has-post-thumbnail","6":"product_cat-1350","7":"product_cat-900","8":"product_tag-1117","9":"product_tag-1141","10":"product_tag-1216","12":"first","13":"instock","14":"product-type-simple"},"_links":{"self":[{"href":"https:\/\/sigletos.gr\/de\/wp-json\/wp\/v2\/product\/23794","targetHints":{"allow":["GET"]}}],"collection":[{"href":"https:\/\/sigletos.gr\/de\/wp-json\/wp\/v2\/product"}],"about":[{"href":"https:\/\/sigletos.gr\/de\/wp-json\/wp\/v2\/types\/product"}],"replies":[{"embeddable":true,"href":"https:\/\/sigletos.gr\/de\/wp-json\/wp\/v2\/comments?post=23794"}],"version-history":[{"count":1,"href":"https:\/\/sigletos.gr\/de\/wp-json\/wp\/v2\/product\/23794\/revisions"}],"predecessor-version":[{"id":36478,"href":"https:\/\/sigletos.gr\/de\/wp-json\/wp\/v2\/product\/23794\/revisions\/36478"}],"wp:featuredmedia":[{"embeddable":true,"href":"https:\/\/sigletos.gr\/de\/wp-json\/wp\/v2\/media\/23795"}],"wp:attachment":[{"href":"https:\/\/sigletos.gr\/de\/wp-json\/wp\/v2\/media?parent=23794"}],"wp:term":[{"taxonomy":"product_brand","embeddable":true,"href":"https:\/\/sigletos.gr\/de\/wp-json\/wp\/v2\/product_brand?post=23794"},{"taxonomy":"product_cat","embeddable":true,"href":"https:\/\/sigletos.gr\/de\/wp-json\/wp\/v2\/product_cat?post=23794"},{"taxonomy":"product_tag","embeddable":true,"href":"https:\/\/sigletos.gr\/de\/wp-json\/wp\/v2\/product_tag?post=23794"}],"curies":[{"name":"wp","href":"https:\/\/api.w.org\/{rel}","templated":true}]}}