{"id":23829,"date":"2022-07-26T11:03:02","date_gmt":"2022-07-26T09:03:02","guid":{"rendered":"https:\/\/sigletos.gr\/?post_type=product&#038;p=23829"},"modified":"2022-08-03T09:05:56","modified_gmt":"2022-08-03T07:05:56","slug":"%ce%b5%ce%be%cf%89%cf%84%ce%b5%cf%81%ce%b9%ce%ba%ce%b7-%cf%80%ce%bb%ce%b1%cf%83%cf%84%ce%b9%ce%ba%ce%b7-%ce%b3%cf%89%ce%bd%ce%b9%ce%b1-%ce%b3%ce%b9%ce%b1-gola-c-volpato","status":"publish","type":"product","link":"https:\/\/sigletos.gr\/de\/produkt\/%ce%b5%ce%be%cf%89%cf%84%ce%b5%cf%81%ce%b9%ce%ba%ce%b7-%cf%80%ce%bb%ce%b1%cf%83%cf%84%ce%b9%ce%ba%ce%b7-%ce%b3%cf%89%ce%bd%ce%b9%ce%b1-%ce%b3%ce%b9%ce%b1-gola-c-volpato\/","title":{"rendered":"\u00c4USSERE KUNSTSTOFFECKE F\u00dcR GOLA &#039;C&#039; VOLPATO"},"content":{"rendered":"<p>\u00c4USSERE KUNSTSTOFFECKE F\u00dcR GOLA &#039;C&#039; VOLPATO<\/p>","protected":false},"excerpt":{"rendered":"<p>\u00c4USSERE KUNSTSTOFFECKE F\u00dcR GOLA &#039;C&#039; VOLPATO<\/p>","protected":false},"featured_media":23830,"comment_status":"closed","ping_status":"closed","template":"","meta":[],"product_brand":[],"product_cat":[899,1347,152],"product_tag":[1120,1136,1137],"class_list":{"0":"post-23829","1":"product","2":"type-product","3":"status-publish","4":"has-post-thumbnail","6":"product_cat-899","7":"product_cat-1347","8":"product_cat-152","9":"product_tag-1120","10":"product_tag-1136","11":"product_tag-1137","13":"first","14":"instock","15":"product-type-simple"},"_links":{"self":[{"href":"https:\/\/sigletos.gr\/de\/wp-json\/wp\/v2\/product\/23829","targetHints":{"allow":["GET"]}}],"collection":[{"href":"https:\/\/sigletos.gr\/de\/wp-json\/wp\/v2\/product"}],"about":[{"href":"https:\/\/sigletos.gr\/de\/wp-json\/wp\/v2\/types\/product"}],"replies":[{"embeddable":true,"href":"https:\/\/sigletos.gr\/de\/wp-json\/wp\/v2\/comments?post=23829"}],"version-history":[{"count":0,"href":"https:\/\/sigletos.gr\/de\/wp-json\/wp\/v2\/product\/23829\/revisions"}],"wp:featuredmedia":[{"embeddable":true,"href":"https:\/\/sigletos.gr\/de\/wp-json\/wp\/v2\/media\/23830"}],"wp:attachment":[{"href":"https:\/\/sigletos.gr\/de\/wp-json\/wp\/v2\/media?parent=23829"}],"wp:term":[{"taxonomy":"product_brand","embeddable":true,"href":"https:\/\/sigletos.gr\/de\/wp-json\/wp\/v2\/product_brand?post=23829"},{"taxonomy":"product_cat","embeddable":true,"href":"https:\/\/sigletos.gr\/de\/wp-json\/wp\/v2\/product_cat?post=23829"},{"taxonomy":"product_tag","embeddable":true,"href":"https:\/\/sigletos.gr\/de\/wp-json\/wp\/v2\/product_tag?post=23829"}],"curies":[{"name":"wp","href":"https:\/\/api.w.org\/{rel}","templated":true}]}}