{"id":24501,"date":"2022-07-26T11:13:46","date_gmt":"2022-07-26T09:13:46","guid":{"rendered":"https:\/\/sigletos.gr\/?post_type=product&#038;p=24501"},"modified":"2025-06-09T13:54:35","modified_gmt":"2025-06-09T10:54:35","slug":"%cf%86%cf%89%ce%bb%ce%b9%ce%ac-%cf%83%cf%84%ce%ae%cf%81%ce%b9%ce%be%ce%b7%cf%82-%cf%81%ce%b1%cf%86%ce%b9%cf%8e%ce%bd-%ce%bc%ce%b5-%ce%ba%ce%b1%cf%80%ce%ac%ce%ba%ce%b9-%ce%bb%ce%b5%cf%85%ce%ba%cf%8c","status":"publish","type":"product","link":"https:\/\/sigletos.gr\/de\/produkt\/%cf%86%cf%89%ce%bb%ce%b9%ce%ac-%cf%83%cf%84%ce%ae%cf%81%ce%b9%ce%be%ce%b7%cf%82-%cf%81%ce%b1%cf%86%ce%b9%cf%8e%ce%bd-%ce%bc%ce%b5-%ce%ba%ce%b1%cf%80%ce%ac%ce%ba%ce%b9-%ce%bb%ce%b5%cf%85%ce%ba%cf%8c\/","title":{"rendered":"Bodentr\u00e4gernest mit wei\u00dfem Deckel \u00d814mm"},"content":{"rendered":"<p>Regaltr\u00e4gernest mit wei\u00dfem Deckel \u03a614mm<\/p>","protected":false},"excerpt":{"rendered":"<p>Regaltr\u00e4gernest mit wei\u00dfem Deckel \u03a614mm<\/p>","protected":false},"featured_media":24502,"comment_status":"closed","ping_status":"closed","template":"","meta":[],"product_brand":[],"product_cat":[875,886],"product_tag":[1117,1139,1140],"class_list":{"0":"post-24501","1":"product","2":"type-product","3":"status-publish","4":"has-post-thumbnail","6":"product_cat-875","7":"product_cat-886","8":"product_tag-1117","9":"product_tag-1139","10":"product_tag-1140","12":"first","13":"instock","14":"product-type-simple"},"_links":{"self":[{"href":"https:\/\/sigletos.gr\/de\/wp-json\/wp\/v2\/product\/24501","targetHints":{"allow":["GET"]}}],"collection":[{"href":"https:\/\/sigletos.gr\/de\/wp-json\/wp\/v2\/product"}],"about":[{"href":"https:\/\/sigletos.gr\/de\/wp-json\/wp\/v2\/types\/product"}],"replies":[{"embeddable":true,"href":"https:\/\/sigletos.gr\/de\/wp-json\/wp\/v2\/comments?post=24501"}],"version-history":[{"count":1,"href":"https:\/\/sigletos.gr\/de\/wp-json\/wp\/v2\/product\/24501\/revisions"}],"predecessor-version":[{"id":36377,"href":"https:\/\/sigletos.gr\/de\/wp-json\/wp\/v2\/product\/24501\/revisions\/36377"}],"wp:featuredmedia":[{"embeddable":true,"href":"https:\/\/sigletos.gr\/de\/wp-json\/wp\/v2\/media\/24502"}],"wp:attachment":[{"href":"https:\/\/sigletos.gr\/de\/wp-json\/wp\/v2\/media?parent=24501"}],"wp:term":[{"taxonomy":"product_brand","embeddable":true,"href":"https:\/\/sigletos.gr\/de\/wp-json\/wp\/v2\/product_brand?post=24501"},{"taxonomy":"product_cat","embeddable":true,"href":"https:\/\/sigletos.gr\/de\/wp-json\/wp\/v2\/product_cat?post=24501"},{"taxonomy":"product_tag","embeddable":true,"href":"https:\/\/sigletos.gr\/de\/wp-json\/wp\/v2\/product_tag?post=24501"}],"curies":[{"name":"wp","href":"https:\/\/api.w.org\/{rel}","templated":true}]}}