{"id":24726,"date":"2022-07-26T11:17:22","date_gmt":"2022-07-26T09:17:22","guid":{"rendered":"https:\/\/sigletos.gr\/?post_type=product&#038;p=24726"},"modified":"2025-06-09T13:53:26","modified_gmt":"2025-06-09T10:53:26","slug":"%ce%b5%cf%80%ce%b9%cf%83%cf%84%cf%8c%ce%bc%ce%b9%ce%bf-%cf%86%ce%b9%ce%be-%cf%8650-%cf%87%cf%81%cf%85%cf%83%cf%8c-%ce%bc%ce%b1%cf%84","status":"publish","type":"product","link":"https:\/\/sigletos.gr\/de\/produkt\/%ce%b5%cf%80%ce%b9%cf%83%cf%84%cf%8c%ce%bc%ce%b9%ce%bf-%cf%86%ce%b9%ce%be-%cf%8650-%cf%87%cf%81%cf%85%cf%83%cf%8c-%ce%bc%ce%b1%cf%84\/","title":{"rendered":"Festes Mundst\u00fcck \u00d850 mattgold"},"content":{"rendered":"<p>Festes Mundst\u00fcck \u00d850 Mattgold<\/p>","protected":false},"excerpt":{"rendered":"<p>Festes Mundst\u00fcck \u00d850 Mattgold<\/p>","protected":false},"featured_media":24727,"comment_status":"closed","ping_status":"closed","template":"","meta":[],"product_brand":[],"product_cat":[875,971,827],"product_tag":[1389,1117,1189,1388],"class_list":{"0":"post-24726","1":"product","2":"type-product","3":"status-publish","4":"has-post-thumbnail","6":"product_cat-875","7":"product_cat-971","8":"product_cat-827","9":"product_tag-1389","10":"product_tag-1117","11":"product_tag-1189","12":"product_tag-1388","14":"first","15":"instock","16":"product-type-simple"},"_links":{"self":[{"href":"https:\/\/sigletos.gr\/de\/wp-json\/wp\/v2\/product\/24726","targetHints":{"allow":["GET"]}}],"collection":[{"href":"https:\/\/sigletos.gr\/de\/wp-json\/wp\/v2\/product"}],"about":[{"href":"https:\/\/sigletos.gr\/de\/wp-json\/wp\/v2\/types\/product"}],"replies":[{"embeddable":true,"href":"https:\/\/sigletos.gr\/de\/wp-json\/wp\/v2\/comments?post=24726"}],"version-history":[{"count":1,"href":"https:\/\/sigletos.gr\/de\/wp-json\/wp\/v2\/product\/24726\/revisions"}],"predecessor-version":[{"id":36364,"href":"https:\/\/sigletos.gr\/de\/wp-json\/wp\/v2\/product\/24726\/revisions\/36364"}],"wp:featuredmedia":[{"embeddable":true,"href":"https:\/\/sigletos.gr\/de\/wp-json\/wp\/v2\/media\/24727"}],"wp:attachment":[{"href":"https:\/\/sigletos.gr\/de\/wp-json\/wp\/v2\/media?parent=24726"}],"wp:term":[{"taxonomy":"product_brand","embeddable":true,"href":"https:\/\/sigletos.gr\/de\/wp-json\/wp\/v2\/product_brand?post=24726"},{"taxonomy":"product_cat","embeddable":true,"href":"https:\/\/sigletos.gr\/de\/wp-json\/wp\/v2\/product_cat?post=24726"},{"taxonomy":"product_tag","embeddable":true,"href":"https:\/\/sigletos.gr\/de\/wp-json\/wp\/v2\/product_tag?post=24726"}],"curies":[{"name":"wp","href":"https:\/\/api.w.org\/{rel}","templated":true}]}}