{"id":24952,"date":"2022-07-26T11:20:32","date_gmt":"2022-07-26T09:20:32","guid":{"rendered":"https:\/\/sigletos.gr\/?post_type=product&#038;p=24952"},"modified":"2022-08-03T08:04:21","modified_gmt":"2022-08-03T06:04:21","slug":"%cf%84%ce%ac%cf%80%ce%b1-%ce%b5%cf%80%ce%af%cf%80%ce%bb%cf%89%ce%bd-%ce%bc%ce%b1%cf%8d%cf%81%ce%b7-%cf%84%ce%b5%cf%84%cf%81%ce%ac%ce%b3%cf%89%ce%bd%ce%b7-%cf%87%cf%89%ce%bd%ce%b5%cf%85%cf%84%ce%ae-27m","status":"publish","type":"product","link":"https:\/\/sigletos.gr\/de\/produkt\/%cf%84%ce%ac%cf%80%ce%b1-%ce%b5%cf%80%ce%af%cf%80%ce%bb%cf%89%ce%bd-%ce%bc%ce%b1%cf%8d%cf%81%ce%b7-%cf%84%ce%b5%cf%84%cf%81%ce%ac%ce%b3%cf%89%ce%bd%ce%b7-%cf%87%cf%89%ce%bd%ce%b5%cf%85%cf%84%ce%ae-27m\/","title":{"rendered":"M\u00f6beld\u00fcbel schwarz eckig versenkt 27mm"},"content":{"rendered":"<p>M\u00f6beld\u00fcbel schwarz eckig versenkt 27mm<\/p>","protected":false},"excerpt":{"rendered":"<p>M\u00f6beld\u00fcbel schwarz eckig versenkt 27mm<\/p>","protected":false},"featured_media":24953,"comment_status":"closed","ping_status":"closed","template":"","meta":[],"product_brand":[],"product_cat":[875,886],"product_tag":[1117,1166,1167],"class_list":{"0":"post-24952","1":"product","2":"type-product","3":"status-publish","4":"has-post-thumbnail","6":"product_cat-875","7":"product_cat-886","8":"product_tag-1117","9":"product_tag-1166","10":"product_tag-1167","12":"first","13":"instock","14":"product-type-simple"},"_links":{"self":[{"href":"https:\/\/sigletos.gr\/de\/wp-json\/wp\/v2\/product\/24952","targetHints":{"allow":["GET"]}}],"collection":[{"href":"https:\/\/sigletos.gr\/de\/wp-json\/wp\/v2\/product"}],"about":[{"href":"https:\/\/sigletos.gr\/de\/wp-json\/wp\/v2\/types\/product"}],"replies":[{"embeddable":true,"href":"https:\/\/sigletos.gr\/de\/wp-json\/wp\/v2\/comments?post=24952"}],"version-history":[{"count":0,"href":"https:\/\/sigletos.gr\/de\/wp-json\/wp\/v2\/product\/24952\/revisions"}],"wp:featuredmedia":[{"embeddable":true,"href":"https:\/\/sigletos.gr\/de\/wp-json\/wp\/v2\/media\/24953"}],"wp:attachment":[{"href":"https:\/\/sigletos.gr\/de\/wp-json\/wp\/v2\/media?parent=24952"}],"wp:term":[{"taxonomy":"product_brand","embeddable":true,"href":"https:\/\/sigletos.gr\/de\/wp-json\/wp\/v2\/product_brand?post=24952"},{"taxonomy":"product_cat","embeddable":true,"href":"https:\/\/sigletos.gr\/de\/wp-json\/wp\/v2\/product_cat?post=24952"},{"taxonomy":"product_tag","embeddable":true,"href":"https:\/\/sigletos.gr\/de\/wp-json\/wp\/v2\/product_tag?post=24952"}],"curies":[{"name":"wp","href":"https:\/\/api.w.org\/{rel}","templated":true}]}}