{"id":25725,"date":"2022-07-26T11:38:23","date_gmt":"2022-07-26T09:38:23","guid":{"rendered":"https:\/\/sigletos.gr\/?post_type=product&#038;p=25725"},"modified":"2022-08-02T09:19:22","modified_gmt":"2022-08-02T07:19:22","slug":"%cf%84%ce%b5%ce%bb%ce%b5%ce%b9%cf%89%ce%bc%ce%b1-%cf%80%ce%bb%ce%b1%cf%83%cf%84%ce%b9%ce%ba%ce%bf-%ce%b3%ce%b9%ce%b1-%cf%80%cf%81%ce%bf%cf%86-%ce%b1%ce%bb%ce%bf%cf%85%ce%bc-%ce%b3%ce%b9%ce%b1-%ce%b5","status":"publish","type":"product","link":"https:\/\/sigletos.gr\/de\/produkt\/%cf%84%ce%b5%ce%bb%ce%b5%ce%b9%cf%89%ce%bc%ce%b1-%cf%80%ce%bb%ce%b1%cf%83%cf%84%ce%b9%ce%ba%ce%bf-%ce%b3%ce%b9%ce%b1-%cf%80%cf%81%ce%bf%cf%86-%ce%b1%ce%bb%ce%bf%cf%85%ce%bc-%ce%b3%ce%b9%ce%b1-%ce%b5\/","title":{"rendered":"KUNSTSTOFFABSCHLUSS F\u00dcR ALUMINIUMPROFIL F\u00dcR INNENK\u00c4STEN."},"content":{"rendered":"<p>KUNSTSTOFFABSCHLUSS F\u00dcR ALUMINIUMPROFIL F\u00dcR INNENK\u00c4STEN.<\/p>","protected":false},"excerpt":{"rendered":"<p>KUNSTSTOFFABSCHLUSS F\u00dcR ALUMINIUMPROFIL F\u00dcR INNENK\u00c4STEN.<\/p>","protected":false},"featured_media":25726,"comment_status":"closed","ping_status":"closed","template":"","meta":[],"product_brand":[],"product_cat":[875,886],"product_tag":[1187,1188,1186],"class_list":{"0":"post-25725","1":"product","2":"type-product","3":"status-publish","4":"has-post-thumbnail","6":"product_cat-875","7":"product_cat-886","8":"product_tag-1187","9":"product_tag-1188","10":"product_tag-1186","12":"first","13":"instock","14":"product-type-simple"},"_links":{"self":[{"href":"https:\/\/sigletos.gr\/de\/wp-json\/wp\/v2\/product\/25725","targetHints":{"allow":["GET"]}}],"collection":[{"href":"https:\/\/sigletos.gr\/de\/wp-json\/wp\/v2\/product"}],"about":[{"href":"https:\/\/sigletos.gr\/de\/wp-json\/wp\/v2\/types\/product"}],"replies":[{"embeddable":true,"href":"https:\/\/sigletos.gr\/de\/wp-json\/wp\/v2\/comments?post=25725"}],"version-history":[{"count":0,"href":"https:\/\/sigletos.gr\/de\/wp-json\/wp\/v2\/product\/25725\/revisions"}],"wp:featuredmedia":[{"embeddable":true,"href":"https:\/\/sigletos.gr\/de\/wp-json\/wp\/v2\/media\/25726"}],"wp:attachment":[{"href":"https:\/\/sigletos.gr\/de\/wp-json\/wp\/v2\/media?parent=25725"}],"wp:term":[{"taxonomy":"product_brand","embeddable":true,"href":"https:\/\/sigletos.gr\/de\/wp-json\/wp\/v2\/product_brand?post=25725"},{"taxonomy":"product_cat","embeddable":true,"href":"https:\/\/sigletos.gr\/de\/wp-json\/wp\/v2\/product_cat?post=25725"},{"taxonomy":"product_tag","embeddable":true,"href":"https:\/\/sigletos.gr\/de\/wp-json\/wp\/v2\/product_tag?post=25725"}],"curies":[{"name":"wp","href":"https:\/\/api.w.org\/{rel}","templated":true}]}}