{"id":26300,"date":"2022-07-26T11:49:27","date_gmt":"2022-07-26T09:49:27","guid":{"rendered":"https:\/\/sigletos.gr\/?post_type=product&#038;p=26300"},"modified":"2025-06-09T13:47:02","modified_gmt":"2025-06-09T10:47:02","slug":"%cf%80%cf%8c%ce%b4%ce%b9%ce%b1-%cf%84%cf%81%ce%b1%cf%80%ce%b5%ce%b6%ce%b9%ce%bf%cf%8d-%cf%8660x870mm-brushed-%ce%bd%ce%af%ce%ba%ce%b5%ce%bb-%cf%83%ce%b5%cf%84-4-%cf%84%ce%b5%ce%bc","status":"publish","type":"product","link":"https:\/\/sigletos.gr\/de\/produkt\/%cf%80%cf%8c%ce%b4%ce%b9%ce%b1-%cf%84%cf%81%ce%b1%cf%80%ce%b5%ce%b6%ce%b9%ce%bf%cf%8d-%cf%8660x870mm-brushed-%ce%bd%ce%af%ce%ba%ce%b5%ce%bb-%cf%83%ce%b5%cf%84-4-%cf%84%ce%b5%ce%bc\/","title":{"rendered":"Tischbeine \u00d860x870mm Nickel geb\u00fcrstet (4er Set)"},"content":{"rendered":"<p>Tischbeine \u00d860x870mm geb\u00fcrstetes Nickel (4er-Set)<\/p>","protected":false},"excerpt":{"rendered":"<p>Tischbeine \u00d860x870mm geb\u00fcrstetes Nickel (4er-Set)<\/p>","protected":false},"featured_media":26301,"comment_status":"closed","ping_status":"closed","template":"","meta":[],"product_brand":[],"product_cat":[875,1397,886],"product_tag":[1117,1166,1195],"class_list":{"0":"post-26300","1":"product","2":"type-product","3":"status-publish","4":"has-post-thumbnail","6":"product_cat-875","7":"product_cat-1397","8":"product_cat-886","9":"product_tag-1117","10":"product_tag-1166","11":"product_tag-1195","13":"first","14":"instock","15":"product-type-simple"},"_links":{"self":[{"href":"https:\/\/sigletos.gr\/de\/wp-json\/wp\/v2\/product\/26300","targetHints":{"allow":["GET"]}}],"collection":[{"href":"https:\/\/sigletos.gr\/de\/wp-json\/wp\/v2\/product"}],"about":[{"href":"https:\/\/sigletos.gr\/de\/wp-json\/wp\/v2\/types\/product"}],"replies":[{"embeddable":true,"href":"https:\/\/sigletos.gr\/de\/wp-json\/wp\/v2\/comments?post=26300"}],"version-history":[{"count":1,"href":"https:\/\/sigletos.gr\/de\/wp-json\/wp\/v2\/product\/26300\/revisions"}],"predecessor-version":[{"id":36288,"href":"https:\/\/sigletos.gr\/de\/wp-json\/wp\/v2\/product\/26300\/revisions\/36288"}],"wp:featuredmedia":[{"embeddable":true,"href":"https:\/\/sigletos.gr\/de\/wp-json\/wp\/v2\/media\/26301"}],"wp:attachment":[{"href":"https:\/\/sigletos.gr\/de\/wp-json\/wp\/v2\/media?parent=26300"}],"wp:term":[{"taxonomy":"product_brand","embeddable":true,"href":"https:\/\/sigletos.gr\/de\/wp-json\/wp\/v2\/product_brand?post=26300"},{"taxonomy":"product_cat","embeddable":true,"href":"https:\/\/sigletos.gr\/de\/wp-json\/wp\/v2\/product_cat?post=26300"},{"taxonomy":"product_tag","embeddable":true,"href":"https:\/\/sigletos.gr\/de\/wp-json\/wp\/v2\/product_tag?post=26300"}],"curies":[{"name":"wp","href":"https:\/\/api.w.org\/{rel}","templated":true}]}}