{"id":26304,"date":"2022-07-26T11:49:27","date_gmt":"2022-07-26T09:49:27","guid":{"rendered":"https:\/\/sigletos.gr\/?post_type=product&#038;p=26304"},"modified":"2025-06-09T13:46:54","modified_gmt":"2025-06-09T10:46:54","slug":"%cf%80%cf%8c%ce%b4%ce%b9%ce%b1-%cf%84%cf%81%ce%b1%cf%80%ce%b5%ce%b6%ce%b9%ce%bf%cf%8d-%cf%8660x710mm-%ce%bc%ce%b1%cf%8d%cf%81%ce%bf-%cf%83%ce%b5%cf%84-4-%cf%84%ce%b5%ce%bc","status":"publish","type":"product","link":"https:\/\/sigletos.gr\/de\/produkt\/%cf%80%cf%8c%ce%b4%ce%b9%ce%b1-%cf%84%cf%81%ce%b1%cf%80%ce%b5%ce%b6%ce%b9%ce%bf%cf%8d-%cf%8660x710mm-%ce%bc%ce%b1%cf%8d%cf%81%ce%bf-%cf%83%ce%b5%cf%84-4-%cf%84%ce%b5%ce%bc\/","title":{"rendered":"Tischbeine \u00d860x710mm schwarz (Set mit 4 St\u00fcck)"},"content":{"rendered":"<p>Tischbeine \u00d860x710mm schwarz (Set mit 4 St\u00fcck)<\/p>","protected":false},"excerpt":{"rendered":"<p>Tischbeine \u00d860x710mm schwarz (Set mit 4 St\u00fcck)<\/p>","protected":false},"featured_media":26305,"comment_status":"closed","ping_status":"closed","template":"","meta":[],"product_brand":[],"product_cat":[875,1397,886],"product_tag":[1117,1166,1195],"class_list":{"0":"post-26304","1":"product","2":"type-product","3":"status-publish","4":"has-post-thumbnail","6":"product_cat-875","7":"product_cat-1397","8":"product_cat-886","9":"product_tag-1117","10":"product_tag-1166","11":"product_tag-1195","13":"first","14":"instock","15":"product-type-simple"},"_links":{"self":[{"href":"https:\/\/sigletos.gr\/de\/wp-json\/wp\/v2\/product\/26304","targetHints":{"allow":["GET"]}}],"collection":[{"href":"https:\/\/sigletos.gr\/de\/wp-json\/wp\/v2\/product"}],"about":[{"href":"https:\/\/sigletos.gr\/de\/wp-json\/wp\/v2\/types\/product"}],"replies":[{"embeddable":true,"href":"https:\/\/sigletos.gr\/de\/wp-json\/wp\/v2\/comments?post=26304"}],"version-history":[{"count":1,"href":"https:\/\/sigletos.gr\/de\/wp-json\/wp\/v2\/product\/26304\/revisions"}],"predecessor-version":[{"id":36286,"href":"https:\/\/sigletos.gr\/de\/wp-json\/wp\/v2\/product\/26304\/revisions\/36286"}],"wp:featuredmedia":[{"embeddable":true,"href":"https:\/\/sigletos.gr\/de\/wp-json\/wp\/v2\/media\/26305"}],"wp:attachment":[{"href":"https:\/\/sigletos.gr\/de\/wp-json\/wp\/v2\/media?parent=26304"}],"wp:term":[{"taxonomy":"product_brand","embeddable":true,"href":"https:\/\/sigletos.gr\/de\/wp-json\/wp\/v2\/product_brand?post=26304"},{"taxonomy":"product_cat","embeddable":true,"href":"https:\/\/sigletos.gr\/de\/wp-json\/wp\/v2\/product_cat?post=26304"},{"taxonomy":"product_tag","embeddable":true,"href":"https:\/\/sigletos.gr\/de\/wp-json\/wp\/v2\/product_tag?post=26304"}],"curies":[{"name":"wp","href":"https:\/\/api.w.org\/{rel}","templated":true}]}}