{"id":26490,"date":"2022-07-26T11:52:45","date_gmt":"2022-07-26T09:52:45","guid":{"rendered":"https:\/\/sigletos.gr\/?post_type=product&#038;p=26490"},"modified":"2022-08-01T10:53:48","modified_gmt":"2022-08-01T08:53:48","slug":"%ce%bc%cf%80%ce%ac%cf%81%ce%b1-%ce%b1%ce%bd%ce%ac%cf%81%cf%84%ce%b7%cf%83%ce%b7%cf%82-%ce%bd%cf%84%ce%bf%cf%85%ce%bb%ce%b1%cf%80%ce%b9%ce%bf%cf%8d-%ce%ba%ce%bf%cf%85%ce%b6%ce%af%ce%bd%ce%b1%cf%82-2000","status":"publish","type":"product","link":"https:\/\/sigletos.gr\/de\/produkt\/%ce%bc%cf%80%ce%ac%cf%81%ce%b1-%ce%b1%ce%bd%ce%ac%cf%81%cf%84%ce%b7%cf%83%ce%b7%cf%82-%ce%bd%cf%84%ce%bf%cf%85%ce%bb%ce%b1%cf%80%ce%b9%ce%bf%cf%8d-%ce%ba%ce%bf%cf%85%ce%b6%ce%af%ce%bd%ce%b1%cf%82-2000\/","title":{"rendered":"H\u00e4ngestange f\u00fcr K\u00fcchenschr\u00e4nke 2000 mm"},"content":{"rendered":"<p>H\u00e4ngestange f\u00fcr K\u00fcchenschr\u00e4nke 2000 mm<\/p>","protected":false},"excerpt":{"rendered":"<p>H\u00e4ngestange f\u00fcr K\u00fcchenschr\u00e4nke 2000 mm<\/p>","protected":false},"featured_media":26491,"comment_status":"closed","ping_status":"closed","template":"","meta":[],"product_brand":[],"product_cat":[875,886],"product_tag":[1117,1139,1168],"class_list":{"0":"post-26490","1":"product","2":"type-product","3":"status-publish","4":"has-post-thumbnail","6":"product_cat-875","7":"product_cat-886","8":"product_tag-1117","9":"product_tag-1139","10":"product_tag-1168","12":"first","13":"instock","14":"product-type-simple"},"_links":{"self":[{"href":"https:\/\/sigletos.gr\/de\/wp-json\/wp\/v2\/product\/26490","targetHints":{"allow":["GET"]}}],"collection":[{"href":"https:\/\/sigletos.gr\/de\/wp-json\/wp\/v2\/product"}],"about":[{"href":"https:\/\/sigletos.gr\/de\/wp-json\/wp\/v2\/types\/product"}],"replies":[{"embeddable":true,"href":"https:\/\/sigletos.gr\/de\/wp-json\/wp\/v2\/comments?post=26490"}],"version-history":[{"count":0,"href":"https:\/\/sigletos.gr\/de\/wp-json\/wp\/v2\/product\/26490\/revisions"}],"wp:featuredmedia":[{"embeddable":true,"href":"https:\/\/sigletos.gr\/de\/wp-json\/wp\/v2\/media\/26491"}],"wp:attachment":[{"href":"https:\/\/sigletos.gr\/de\/wp-json\/wp\/v2\/media?parent=26490"}],"wp:term":[{"taxonomy":"product_brand","embeddable":true,"href":"https:\/\/sigletos.gr\/de\/wp-json\/wp\/v2\/product_brand?post=26490"},{"taxonomy":"product_cat","embeddable":true,"href":"https:\/\/sigletos.gr\/de\/wp-json\/wp\/v2\/product_cat?post=26490"},{"taxonomy":"product_tag","embeddable":true,"href":"https:\/\/sigletos.gr\/de\/wp-json\/wp\/v2\/product_tag?post=26490"}],"curies":[{"name":"wp","href":"https:\/\/api.w.org\/{rel}","templated":true}]}}