{"id":27526,"date":"2022-07-26T12:11:03","date_gmt":"2022-07-26T10:11:03","guid":{"rendered":"https:\/\/sigletos.gr\/?post_type=product&#038;p=27526"},"modified":"2025-06-09T13:42:14","modified_gmt":"2025-06-09T10:42:14","slug":"%cf%83%cf%84%ce%b7%cf%81%ce%b9%ce%b3%ce%bc%ce%b1-%cf%81%ce%b1%cf%86%ce%b9%cf%8e%ce%bd-%ce%bc%ce%b5%cf%84%ce%b1%ce%bb%ce%bb%ce%b9%ce%ba%cf%8c-%ce%bd%ce%af%ce%ba%ce%b5%ce%bb-%cf%865","status":"publish","type":"product","link":"https:\/\/sigletos.gr\/de\/produkt\/%cf%83%cf%84%ce%b7%cf%81%ce%b9%ce%b3%ce%bc%ce%b1-%cf%81%ce%b1%cf%86%ce%b9%cf%8e%ce%bd-%ce%bc%ce%b5%cf%84%ce%b1%ce%bb%ce%bb%ce%b9%ce%ba%cf%8c-%ce%bd%ce%af%ce%ba%ce%b5%ce%bb-%cf%865\/","title":{"rendered":"Regaltr\u00e4ger aus vernickeltem Metall \u00d85"},"content":{"rendered":"<p>Regaltr\u00e4ger aus Nickelmetall \u00d85<\/p>","protected":false},"excerpt":{"rendered":"<p>Regaltr\u00e4ger aus Nickelmetall \u00d85<\/p>","protected":false},"featured_media":27527,"comment_status":"closed","ping_status":"closed","template":"","meta":[],"product_brand":[],"product_cat":[875,886],"product_tag":[1117,1139,1140],"class_list":{"0":"post-27526","1":"product","2":"type-product","3":"status-publish","4":"has-post-thumbnail","6":"product_cat-875","7":"product_cat-886","8":"product_tag-1117","9":"product_tag-1139","10":"product_tag-1140","12":"first","13":"instock","14":"product-type-simple"},"_links":{"self":[{"href":"https:\/\/sigletos.gr\/de\/wp-json\/wp\/v2\/product\/27526","targetHints":{"allow":["GET"]}}],"collection":[{"href":"https:\/\/sigletos.gr\/de\/wp-json\/wp\/v2\/product"}],"about":[{"href":"https:\/\/sigletos.gr\/de\/wp-json\/wp\/v2\/types\/product"}],"replies":[{"embeddable":true,"href":"https:\/\/sigletos.gr\/de\/wp-json\/wp\/v2\/comments?post=27526"}],"version-history":[{"count":1,"href":"https:\/\/sigletos.gr\/de\/wp-json\/wp\/v2\/product\/27526\/revisions"}],"predecessor-version":[{"id":36227,"href":"https:\/\/sigletos.gr\/de\/wp-json\/wp\/v2\/product\/27526\/revisions\/36227"}],"wp:featuredmedia":[{"embeddable":true,"href":"https:\/\/sigletos.gr\/de\/wp-json\/wp\/v2\/media\/27527"}],"wp:attachment":[{"href":"https:\/\/sigletos.gr\/de\/wp-json\/wp\/v2\/media?parent=27526"}],"wp:term":[{"taxonomy":"product_brand","embeddable":true,"href":"https:\/\/sigletos.gr\/de\/wp-json\/wp\/v2\/product_brand?post=27526"},{"taxonomy":"product_cat","embeddable":true,"href":"https:\/\/sigletos.gr\/de\/wp-json\/wp\/v2\/product_cat?post=27526"},{"taxonomy":"product_tag","embeddable":true,"href":"https:\/\/sigletos.gr\/de\/wp-json\/wp\/v2\/product_tag?post=27526"}],"curies":[{"name":"wp","href":"https:\/\/api.w.org\/{rel}","templated":true}]}}