{"id":27564,"date":"2022-07-26T12:12:36","date_gmt":"2022-07-26T09:12:36","guid":{"rendered":"https:\/\/sigletos.gr\/?post_type=product&#038;p=27564"},"modified":"2022-11-04T11:55:23","modified_gmt":"2022-11-04T08:55:23","slug":"%ce%ba%cf%81%ce%b5%ce%bc%ce%ac%cf%83%cf%84%cf%81%ce%b1-%cf%83%cf%87%ce%ad%ce%b4%ce%b9%ce%bf-%cf%80%ce%bb%ce%b1%cf%84%ce%b1%ce%bd%ce%bf%cf%86%cf%8d%ce%bb%ce%bb%ce%bf-%cf%80%cf%81%ce%b1%cf%83%ce%b9","status":"publish","type":"product","link":"https:\/\/sigletos.gr\/de\/produkt\/%ce%ba%cf%81%ce%b5%ce%bc%ce%ac%cf%83%cf%84%cf%81%ce%b1-%cf%83%cf%87%ce%ad%ce%b4%ce%b9%ce%bf-%cf%80%ce%bb%ce%b1%cf%84%ce%b1%ce%bd%ce%bf%cf%86%cf%8d%ce%bb%ce%bb%ce%bf-%cf%80%cf%81%ce%b1%cf%83%ce%b9\/","title":{"rendered":"Kleiderb\u00fcgel mit Ahornblattmuster (gr\u00fcn + braun)"},"content":{"rendered":"<p>Kleiderb\u00fcgel mit Ahornblattmuster (gr\u00fcn + braun)<\/p>","protected":false},"excerpt":{"rendered":"<p>Kleiderb\u00fcgel mit Ahornblattmuster (gr\u00fcn + braun)<\/p>","protected":false},"featured_media":27565,"comment_status":"closed","ping_status":"closed","template":"","meta":[],"product_brand":[],"product_cat":[875,2223],"product_tag":[1117,1141,1216],"class_list":{"0":"post-27564","1":"product","2":"type-product","3":"status-publish","4":"has-post-thumbnail","6":"product_cat-875","7":"product_cat-2223","8":"product_tag-1117","9":"product_tag-1141","10":"product_tag-1216","12":"first","13":"instock","14":"product-type-simple"},"_links":{"self":[{"href":"https:\/\/sigletos.gr\/de\/wp-json\/wp\/v2\/product\/27564","targetHints":{"allow":["GET"]}}],"collection":[{"href":"https:\/\/sigletos.gr\/de\/wp-json\/wp\/v2\/product"}],"about":[{"href":"https:\/\/sigletos.gr\/de\/wp-json\/wp\/v2\/types\/product"}],"replies":[{"embeddable":true,"href":"https:\/\/sigletos.gr\/de\/wp-json\/wp\/v2\/comments?post=27564"}],"version-history":[{"count":0,"href":"https:\/\/sigletos.gr\/de\/wp-json\/wp\/v2\/product\/27564\/revisions"}],"wp:featuredmedia":[{"embeddable":true,"href":"https:\/\/sigletos.gr\/de\/wp-json\/wp\/v2\/media\/27565"}],"wp:attachment":[{"href":"https:\/\/sigletos.gr\/de\/wp-json\/wp\/v2\/media?parent=27564"}],"wp:term":[{"taxonomy":"product_brand","embeddable":true,"href":"https:\/\/sigletos.gr\/de\/wp-json\/wp\/v2\/product_brand?post=27564"},{"taxonomy":"product_cat","embeddable":true,"href":"https:\/\/sigletos.gr\/de\/wp-json\/wp\/v2\/product_cat?post=27564"},{"taxonomy":"product_tag","embeddable":true,"href":"https:\/\/sigletos.gr\/de\/wp-json\/wp\/v2\/product_tag?post=27564"}],"curies":[{"name":"wp","href":"https:\/\/api.w.org\/{rel}","templated":true}]}}