{"id":27801,"date":"2022-07-26T12:17:19","date_gmt":"2022-07-26T10:17:19","guid":{"rendered":"https:\/\/sigletos.gr\/?post_type=product&#038;p=27801"},"modified":"2025-06-10T09:45:20","modified_gmt":"2025-06-10T06:45:20","slug":"%ce%b1%cf%85%cf%84%ce%bf%ce%ba%cf%8c%ce%bb%ce%bb%ce%b7%cf%84%ce%b7-%cf%84%ce%ac%cf%80%ce%b1-%ce%bf%cf%80%cf%8e%ce%bd-%cf%8614-%ce%b3%cf%85%ce%b1%ce%bb%ce%b9%cf%83%cf%84%ce%b5%cf%81%cf%8c-%ce%ba%ce%b5","status":"publish","type":"product","link":"https:\/\/sigletos.gr\/de\/produkt\/%ce%b1%cf%85%cf%84%ce%bf%ce%ba%cf%8c%ce%bb%ce%bb%ce%b7%cf%84%ce%b7-%cf%84%ce%ac%cf%80%ce%b1-%ce%bf%cf%80%cf%8e%ce%bd-%cf%8614-%ce%b3%cf%85%ce%b1%ce%bb%ce%b9%cf%83%cf%84%ce%b5%cf%81%cf%8c-%ce%ba%ce%b5\/","title":{"rendered":"Selbstklebender Lochstopfen \u00d814 Glossy Cherry 6"},"content":{"rendered":"<p>Selbstklebende Lochabdeckung \u00d814 Gl\u00e4nzend Kirsche 6<\/p>","protected":false},"excerpt":{"rendered":"<p>Selbstklebende Lochabdeckung \u00d814 Gl\u00e4nzend Kirsche 6<\/p>","protected":false},"featured_media":27802,"comment_status":"closed","ping_status":"closed","template":"","meta":[],"product_brand":[],"product_cat":[875,886],"product_tag":[1130,1117,1149],"class_list":{"0":"post-27801","1":"product","2":"type-product","3":"status-publish","4":"has-post-thumbnail","6":"product_cat-875","7":"product_cat-886","8":"product_tag-1130","9":"product_tag-1117","10":"product_tag-1149","12":"first","13":"instock","14":"product-type-simple"},"_links":{"self":[{"href":"https:\/\/sigletos.gr\/de\/wp-json\/wp\/v2\/product\/27801","targetHints":{"allow":["GET"]}}],"collection":[{"href":"https:\/\/sigletos.gr\/de\/wp-json\/wp\/v2\/product"}],"about":[{"href":"https:\/\/sigletos.gr\/de\/wp-json\/wp\/v2\/types\/product"}],"replies":[{"embeddable":true,"href":"https:\/\/sigletos.gr\/de\/wp-json\/wp\/v2\/comments?post=27801"}],"version-history":[{"count":1,"href":"https:\/\/sigletos.gr\/de\/wp-json\/wp\/v2\/product\/27801\/revisions"}],"predecessor-version":[{"id":36503,"href":"https:\/\/sigletos.gr\/de\/wp-json\/wp\/v2\/product\/27801\/revisions\/36503"}],"wp:featuredmedia":[{"embeddable":true,"href":"https:\/\/sigletos.gr\/de\/wp-json\/wp\/v2\/media\/27802"}],"wp:attachment":[{"href":"https:\/\/sigletos.gr\/de\/wp-json\/wp\/v2\/media?parent=27801"}],"wp:term":[{"taxonomy":"product_brand","embeddable":true,"href":"https:\/\/sigletos.gr\/de\/wp-json\/wp\/v2\/product_brand?post=27801"},{"taxonomy":"product_cat","embeddable":true,"href":"https:\/\/sigletos.gr\/de\/wp-json\/wp\/v2\/product_cat?post=27801"},{"taxonomy":"product_tag","embeddable":true,"href":"https:\/\/sigletos.gr\/de\/wp-json\/wp\/v2\/product_tag?post=27801"}],"curies":[{"name":"wp","href":"https:\/\/api.w.org\/{rel}","templated":true}]}}