{"id":28257,"date":"2022-07-26T12:25:29","date_gmt":"2022-07-26T10:25:29","guid":{"rendered":"https:\/\/sigletos.gr\/?post_type=product&#038;p=28257"},"modified":"2022-07-29T11:41:05","modified_gmt":"2022-07-29T09:41:05","slug":"%ce%bf%ce%b4%ce%b7%ce%b3%cf%8c%cf%82-%cf%83%cf%80%ce%b1%cf%83%cf%84%ce%ae%cf%82-%ce%ba%cf%81%ce%b5%ce%bc%ce%b1%cf%83%cf%84%ce%ae%cf%82-%cf%80%cf%8c%cf%81%cf%84%ce%b1%cf%82","status":"publish","type":"product","link":"https:\/\/sigletos.gr\/de\/produkt\/%ce%bf%ce%b4%ce%b7%ce%b3%cf%8c%cf%82-%cf%83%cf%80%ce%b1%cf%83%cf%84%ce%ae%cf%82-%ce%ba%cf%81%ce%b5%ce%bc%ce%b1%cf%83%cf%84%ce%ae%cf%82-%cf%80%cf%8c%cf%81%cf%84%ce%b1%cf%82\/","title":{"rendered":"Schiebet\u00fcrf\u00fchrung"},"content":{"rendered":"<p>Schiebet\u00fcrf\u00fchrung<\/p>","protected":false},"excerpt":{"rendered":"<p>Schiebet\u00fcrf\u00fchrung<\/p>","protected":false},"featured_media":28258,"comment_status":"closed","ping_status":"closed","template":"","meta":[],"product_brand":[],"product_cat":[875,1346],"product_tag":[1117,1259,1189],"class_list":{"0":"post-28257","1":"product","2":"type-product","3":"status-publish","4":"has-post-thumbnail","6":"product_cat-875","7":"product_cat-1346","8":"product_tag-1117","9":"product_tag-1259","10":"product_tag-1189","12":"first","13":"instock","14":"product-type-simple"},"_links":{"self":[{"href":"https:\/\/sigletos.gr\/de\/wp-json\/wp\/v2\/product\/28257","targetHints":{"allow":["GET"]}}],"collection":[{"href":"https:\/\/sigletos.gr\/de\/wp-json\/wp\/v2\/product"}],"about":[{"href":"https:\/\/sigletos.gr\/de\/wp-json\/wp\/v2\/types\/product"}],"replies":[{"embeddable":true,"href":"https:\/\/sigletos.gr\/de\/wp-json\/wp\/v2\/comments?post=28257"}],"version-history":[{"count":0,"href":"https:\/\/sigletos.gr\/de\/wp-json\/wp\/v2\/product\/28257\/revisions"}],"wp:featuredmedia":[{"embeddable":true,"href":"https:\/\/sigletos.gr\/de\/wp-json\/wp\/v2\/media\/28258"}],"wp:attachment":[{"href":"https:\/\/sigletos.gr\/de\/wp-json\/wp\/v2\/media?parent=28257"}],"wp:term":[{"taxonomy":"product_brand","embeddable":true,"href":"https:\/\/sigletos.gr\/de\/wp-json\/wp\/v2\/product_brand?post=28257"},{"taxonomy":"product_cat","embeddable":true,"href":"https:\/\/sigletos.gr\/de\/wp-json\/wp\/v2\/product_cat?post=28257"},{"taxonomy":"product_tag","embeddable":true,"href":"https:\/\/sigletos.gr\/de\/wp-json\/wp\/v2\/product_tag?post=28257"}],"curies":[{"name":"wp","href":"https:\/\/api.w.org\/{rel}","templated":true}]}}