{"id":28697,"date":"2022-07-28T08:46:17","date_gmt":"2022-07-28T06:46:17","guid":{"rendered":"https:\/\/sigletos.gr\/?post_type=product&#038;p=28697"},"modified":"2022-07-28T13:09:38","modified_gmt":"2022-07-28T11:09:38","slug":"db-silicone-no","status":"publish","type":"product","link":"https:\/\/sigletos.gr\/de\/produkt\/db-silicone-no\/","title":{"rendered":"DB SILIKON-NR"},"content":{"rendered":"","protected":false},"excerpt":{"rendered":"<p><span class=\"markedContent\"><span dir=\"ltr\" role=\"presentation\">Beschreibung<\/span><br role=\"presentation\" \/><span dir=\"ltr\" role=\"presentation\">Neutrales, schimmelhemmendes, geruchloses Silikon von ausgezeichneter<\/span><br role=\"presentation\" \/><span dir=\"ltr\" role=\"presentation\">Qualit\u00e4t mit dauerhafter Elastizit\u00e4t. Hervorragende Haftung<\/span><br role=\"presentation\" \/><span dir=\"ltr\" role=\"presentation\">auf vielen Oberfl\u00e4chen ohne Verwendung einer Grundierung.<\/span><br role=\"presentation\" \/><span dir=\"ltr\" role=\"presentation\">Best\u00e4ndigkeit gegen UV-Strahlung, Rissbildung,<\/span><br role=\"presentation\" \/><span dir=\"ltr\" role=\"presentation\">Chlorwasser, Feuchtigkeit. Mit Primer DB U12<\/span><br role=\"presentation\" \/><span dir=\"ltr\" role=\"presentation\">ist f\u00fcr das dauerhafte Eintauchen in Wasser geeignet. Es<\/span><br role=\"presentation\" \/><span dir=\"ltr\" role=\"presentation\">Schrumpft. Greift empfindliche Oberfl\u00e4chen nicht an.<\/span><br role=\"presentation\" \/><span dir=\"ltr\" role=\"presentation\">F\u00fcr den Innen- und Au\u00dfenbereich. Zertifiziert f\u00fcr<\/span><br role=\"presentation\" \/><span dir=\"ltr\" role=\"presentation\">Anwendungen in Bereichen der Lebensmittelzubereitung.<\/span><\/span><\/p>","protected":false},"featured_media":28990,"comment_status":"closed","ping_status":"closed","template":"","meta":[],"product_brand":[],"product_cat":[907,905],"product_tag":[],"class_list":{"0":"post-28697","1":"product","2":"type-product","3":"status-publish","4":"has-post-thumbnail","6":"product_cat-907","7":"product_cat-905","8":"pa_brand-den-braven","9":"pa_color-683","10":"pa_color-402","12":"first","13":"instock","14":"taxable","15":"shipping-taxable","16":"purchasable","17":"product-type-variable"},"_links":{"self":[{"href":"https:\/\/sigletos.gr\/de\/wp-json\/wp\/v2\/product\/28697","targetHints":{"allow":["GET"]}}],"collection":[{"href":"https:\/\/sigletos.gr\/de\/wp-json\/wp\/v2\/product"}],"about":[{"href":"https:\/\/sigletos.gr\/de\/wp-json\/wp\/v2\/types\/product"}],"replies":[{"embeddable":true,"href":"https:\/\/sigletos.gr\/de\/wp-json\/wp\/v2\/comments?post=28697"}],"version-history":[{"count":0,"href":"https:\/\/sigletos.gr\/de\/wp-json\/wp\/v2\/product\/28697\/revisions"}],"wp:featuredmedia":[{"embeddable":true,"href":"https:\/\/sigletos.gr\/de\/wp-json\/wp\/v2\/media\/28990"}],"wp:attachment":[{"href":"https:\/\/sigletos.gr\/de\/wp-json\/wp\/v2\/media?parent=28697"}],"wp:term":[{"taxonomy":"product_brand","embeddable":true,"href":"https:\/\/sigletos.gr\/de\/wp-json\/wp\/v2\/product_brand?post=28697"},{"taxonomy":"product_cat","embeddable":true,"href":"https:\/\/sigletos.gr\/de\/wp-json\/wp\/v2\/product_cat?post=28697"},{"taxonomy":"product_tag","embeddable":true,"href":"https:\/\/sigletos.gr\/de\/wp-json\/wp\/v2\/product_tag?post=28697"}],"curies":[{"name":"wp","href":"https:\/\/api.w.org\/{rel}","templated":true}]}}