{"id":29045,"date":"2022-08-02T10:47:59","date_gmt":"2022-08-02T08:47:59","guid":{"rendered":"https:\/\/sigletos.gr\/?post_type=product&#038;p=29045"},"modified":"2023-03-13T13:26:07","modified_gmt":"2023-03-13T10:26:07","slug":"bostik-fix-flash-pen","status":"publish","type":"product","link":"https:\/\/sigletos.gr\/de\/produkt\/bostik-fix-flash-pen\/","title":{"rendered":"BOSTIK FIX &amp; FLASH STIFT"},"content":{"rendered":"","protected":false},"excerpt":{"rendered":"<p>Beschreibung<\/p>\n<p>Bostik Fix &amp; Flash Pen ist ein neuer Sekundenkleber ohne<br \/>\nl\u00f6sungsmittelfrei, geruchsneutral, nicht hautreizend<br \/>\nHaut, die durch UV-Licht aktiviert wird und bietet<br \/>\nEine neue Art, kleine Objekte zu schwei\u00dfen und zu reparieren! On-Demand-Schwei\u00dfen (UV-Licht-aktiviertes Schwei\u00dfen), die Flexibilit\u00e4t der Schwei\u00dfnaht und die<br \/>\nF\u00e4higkeit, L\u00fccken zu f\u00fcllen, sowie die Gestaltung derselben<br \/>\ndas Objektiv, das Sie \u00fcberallhin mitnehmen k\u00f6nnen<br \/>\nMachen Sie Fix &amp; Flash zu einer Innovation seiner Art!<br \/>\nIm Gegensatz zu den meisten Klebstoffen, FIX &amp; FLASH<br \/>\nSie k\u00f6nnen es vor dem Anz\u00fcnden in die richtige Position bringen<br \/>\nden Brenner f\u00fcr eine vollst\u00e4ndige Verklebung. Der Fix &amp; Flash Pen<br \/>\ntr\u00e4gt keine gef\u00e4hrlichen Markierungen und hat die F\u00e4higkeit<br \/>\nErsatztube (5g Fix &amp; Flash Refill). Die Batterien sind ebenfalls austauschbar (2 x CR2016).<\/p>","protected":false},"featured_media":29046,"comment_status":"closed","ping_status":"closed","template":"","meta":[],"product_brand":[],"product_cat":[907,905],"product_tag":[],"class_list":{"0":"post-29045","1":"product","2":"type-product","3":"status-publish","4":"has-post-thumbnail","6":"product_cat-907","7":"product_cat-905","8":"pa_brand-bostik","9":"pa_color-683","11":"first","12":"instock","13":"taxable","14":"shipping-taxable","15":"purchasable","16":"product-type-simple"},"_links":{"self":[{"href":"https:\/\/sigletos.gr\/de\/wp-json\/wp\/v2\/product\/29045","targetHints":{"allow":["GET"]}}],"collection":[{"href":"https:\/\/sigletos.gr\/de\/wp-json\/wp\/v2\/product"}],"about":[{"href":"https:\/\/sigletos.gr\/de\/wp-json\/wp\/v2\/types\/product"}],"replies":[{"embeddable":true,"href":"https:\/\/sigletos.gr\/de\/wp-json\/wp\/v2\/comments?post=29045"}],"version-history":[{"count":0,"href":"https:\/\/sigletos.gr\/de\/wp-json\/wp\/v2\/product\/29045\/revisions"}],"wp:featuredmedia":[{"embeddable":true,"href":"https:\/\/sigletos.gr\/de\/wp-json\/wp\/v2\/media\/29046"}],"wp:attachment":[{"href":"https:\/\/sigletos.gr\/de\/wp-json\/wp\/v2\/media?parent=29045"}],"wp:term":[{"taxonomy":"product_brand","embeddable":true,"href":"https:\/\/sigletos.gr\/de\/wp-json\/wp\/v2\/product_brand?post=29045"},{"taxonomy":"product_cat","embeddable":true,"href":"https:\/\/sigletos.gr\/de\/wp-json\/wp\/v2\/product_cat?post=29045"},{"taxonomy":"product_tag","embeddable":true,"href":"https:\/\/sigletos.gr\/de\/wp-json\/wp\/v2\/product_tag?post=29045"}],"curies":[{"name":"wp","href":"https:\/\/api.w.org\/{rel}","templated":true}]}}