{"id":29113,"date":"2022-08-05T09:44:06","date_gmt":"2022-08-05T07:44:06","guid":{"rendered":"https:\/\/sigletos.gr\/?post_type=product&#038;p=29113"},"modified":"2022-08-05T10:07:40","modified_gmt":"2022-08-05T08:07:40","slug":"%cf%85%ce%b3%cf%81%cf%8c-%ce%b3%cf%85%ce%b1%ce%bb%ce%af-liquid-glass-4k","status":"publish","type":"product","link":"https:\/\/sigletos.gr\/de\/produkt\/%cf%85%ce%b3%cf%81%cf%8c-%ce%b3%cf%85%ce%b1%ce%bb%ce%af-liquid-glass-4k\/","title":{"rendered":"Fl\u00fcssiges Glas FL\u00dcSSIGGLAS 4K"},"content":{"rendered":"<p>VORTEILE<br \/>\n\u2022 \u0391\u03c0\u03af\u03c3\u03c4\u03b5\u03c5\u03c4\u03b7 \u03b4\u03b9\u03b1\u03c6\u03ac\u03bd\u03b5\u03b9\u03b1 \u03cc\u03c0\u03c9\u03c2 \u03c4\u03bf\u03c5 \u03ba\u03c1\u03c5\u03c3\u03c4\u03ac\u03bb\u03bb\u03b9\u03bd\u03bf\u03c5 \u03bd\u03b5\u03c1\u03bf\u03cd.<br \/>\n\u2022 \u039a\u03b1\u03c4\u03b1\u03c0\u03bb\u03b7\u03ba\u03c4\u03b9\u03ba\u03ae \u03b5\u03c5\u03ba\u03c1\u03af\u03bd\u03b5\u03b9\u03b1.<br \/>\n\u2022 \u0391\u03c1\u03b3\u03ae \u03c9\u03c1\u03af\u03bc\u03b1\u03bd\u03c3\u03b7.<br \/>\n\u2022 \u0399\u03b4\u03b1\u03bd\u03b9\u03ba\u03cc \u03b3\u03b9\u03b1 \u03c7\u03cd\u03c4\u03b5\u03c5\u03c3\u03b7 \u03c3\u03c4\u03c1\u03ce\u03c3\u03b5\u03c9\u03bd \u03ad\u03c9\u03c2 25mm.<br \/>\n\u2022 \u03a7\u03b1\u03bc\u03b7\u03bb\u03ae \u03b5\u03be\u03ce\u03b8\u03b5\u03c1\u03bc\u03b7 \u03b1\u03bd\u03c4\u03af\u03b4\u03c1\u03b1\u03c3\u03b7.<br \/>\nANWENDUNGEN<br \/>\n\u2022 \u03a3\u03c5\u03bd\u03b9\u03c3\u03c4\u03ac\u03c4\u03b1\u03b9 \u03b9\u03b4\u03b9\u03b1\u03af\u03c4\u03b5\u03c1\u03b1 \u03b3\u03b9\u03b1 \u03ba\u03b1\u03c4\u03b1\u03c3\u03ba\u03b5\u03c5\u03ae \u03b5\u03c0\u03af\u03c0\u03bb\u03c9\u03bd (\u03be\u03cd\u03bb\u03b9\u03bd\u03c9\u03bd \u03c4\u03c1\u03b1\u03c0\u03b5\u03b6\u03b9\u03ce\u03bd \u03bc\u03b5<br \/>\n\u03c0\u03bf\u03c4\u03ac\u03bc\u03b9, \u03c0\u03bb\u03ae\u03c1\u03c9\u03c3\u03b7 \u03c1\u03c9\u03b3\u03bc\u03ce\u03bd, \u03c1\u03cc\u03b6\u03c9\u03bd \u03ba\u03bb\u03c0).<br \/>\n\u2022 \u0388\u03c1\u03b3\u03b1 \u03be\u03cd\u03bb\u03bf\u03c5 \u03ba\u03b1\u03b9 \u03c1\u03b7\u03c4\u03af\u03bd\u03b7\u03c2 \u03cc\u03c0\u03c9\u03c2 \u03c6\u03c9\u03c4\u03b9\u03c3\u03c4\u03b9\u03ba\u03ac, \u03b4\u03af\u03c3\u03ba\u03bf\u03b9 \u03c3\u03b5\u03c1\u03b2\u03b9\u03c1\u03af\u03c3\u03bc\u03b1\u03c4\u03bf\u03c2, \u03bc\u03c0\u03bf\u03bb,<br \/>\n\u03c3\u03c5\u03bc\u03c0\u03b1\u03b3\u03b5\u03af\u03c2 \u03c7\u03c5\u03c4\u03ad\u03c2 \u03b4\u03bf\u03bc\u03ad\u03c2 \u03b1\u03c0\u03cc \u03be\u03cd\u03bb\u03bf \u03ba\u03b1\u03b9 \u03c1\u03b7\u03c4\u03af\u03bd\u03b7.<br \/>\n\u2022 \u039a\u03b1\u03c4\u03b1\u03c3\u03ba\u03b5\u03c5\u03ad\u03c2 \u03ba\u03b1\u03b8\u03b1\u03c1\u03ae\u03c2 \u03c7\u03cd\u03c4\u03b5\u03c5\u03c3\u03b7\u03c2 \u03cc\u03c0\u03c9\u03c2 \u03b3\u03bb\u03c5\u03c0\u03c4\u03ac, \u03b5\u03b9\u03b4\u03ce\u03bb\u03b9\u03b1 \u03ba\u03bb\u03c0.<br \/>\n\u2022 \u0395\u03b3\u03ba\u03b9\u03b2\u03c9\u03c4\u03b9\u03c3\u03bc\u03cc \u03b1\u03bd\u03c4\u03b9\u03ba\u03b5\u03b9\u03bc\u03ad\u03bd\u03c9\u03bd \u03cc\u03c0\u03c9\u03c2 \u03b1\u03c0\u03bf\u03be\u03b7\u03c1\u03b1\u03bc\u03ad\u03bd\u03b1 \u03bb\u03bf\u03c5\u03bb\u03bf\u03cd\u03b4\u03b9\u03b1, \u03c0\u03ad\u03c4\u03c1\u03b5\u03c2,<br \/>\n\u03bc\u03bf\u03bd\u03c4\u03ad\u03bb\u03b1 \u03ba\u03b1\u03b9 \u03c0\u03bf\u03bb\u03bb\u03ac \u03ac\u03bb\u03bb\u03b1.<\/p>","protected":false},"excerpt":{"rendered":"<p>LIQUID GLASS 4K ist ein neues, einzigartiges Produkt von den Pionieren der<br \/>\nFL\u00dcSSIGGLAS. Das System der modifizierten<br \/>\nSpezialharze LIQUID GLASS 4K bietet unglaubliche Transparenz wie<br \/>\nvon kristallklarem Wasser, erstaunlicher Klarheit und langsamer Reifung. Es ist<br \/>\nideal zum Gie\u00dfen von Schichten bis zu 25 mm mit geringer exothermer Reaktion.<br \/>\nEs weist eine ausgezeichnete Haftung auf den meisten Substraten und eine hervorragende Koh\u00e4sion auf<br \/>\nin mehreren Schichten. Enth\u00e4lt UV-Filter zum Schutz vor Vergilbung-<br \/>\nEin wesentlicher Vorteil besteht darin, dass es kaum von Feuchtigkeit beeinflusst wird.<br \/>\nder Atmosph\u00e4re. Es l\u00e4sst sich leicht in erstaunlichen Farben f\u00e4rben<br \/>\nmit LIQUID GLASS COLOUR Pigmenten.<br \/>\nLIQUID GLASS 4K bietet Ihnen ein einzigartiges neues Casting-Erlebnis.<br \/>\naus fl\u00fcssigem Glas.<\/p>","protected":false},"featured_media":29117,"comment_status":"closed","ping_status":"closed","template":"","meta":[],"product_brand":[],"product_cat":[570,86],"product_tag":[],"class_list":{"0":"post-29113","1":"product","2":"type-product","3":"status-publish","4":"has-post-thumbnail","6":"product_cat-570","7":"product_cat-xromata","8":"pa_brand-mercola","9":"pa_litres-1kg","10":"pa_litres-24kg","11":"pa_litres-285gr","12":"pa_litres-3kg","14":"first","15":"instock","16":"taxable","17":"shipping-taxable","18":"purchasable","19":"product-type-variable"},"_links":{"self":[{"href":"https:\/\/sigletos.gr\/de\/wp-json\/wp\/v2\/product\/29113","targetHints":{"allow":["GET"]}}],"collection":[{"href":"https:\/\/sigletos.gr\/de\/wp-json\/wp\/v2\/product"}],"about":[{"href":"https:\/\/sigletos.gr\/de\/wp-json\/wp\/v2\/types\/product"}],"replies":[{"embeddable":true,"href":"https:\/\/sigletos.gr\/de\/wp-json\/wp\/v2\/comments?post=29113"}],"version-history":[{"count":0,"href":"https:\/\/sigletos.gr\/de\/wp-json\/wp\/v2\/product\/29113\/revisions"}],"wp:featuredmedia":[{"embeddable":true,"href":"https:\/\/sigletos.gr\/de\/wp-json\/wp\/v2\/media\/29117"}],"wp:attachment":[{"href":"https:\/\/sigletos.gr\/de\/wp-json\/wp\/v2\/media?parent=29113"}],"wp:term":[{"taxonomy":"product_brand","embeddable":true,"href":"https:\/\/sigletos.gr\/de\/wp-json\/wp\/v2\/product_brand?post=29113"},{"taxonomy":"product_cat","embeddable":true,"href":"https:\/\/sigletos.gr\/de\/wp-json\/wp\/v2\/product_cat?post=29113"},{"taxonomy":"product_tag","embeddable":true,"href":"https:\/\/sigletos.gr\/de\/wp-json\/wp\/v2\/product_tag?post=29113"}],"curies":[{"name":"wp","href":"https:\/\/api.w.org\/{rel}","templated":true}]}}