{"id":29391,"date":"2022-08-08T10:37:34","date_gmt":"2022-08-08T08:37:34","guid":{"rendered":"https:\/\/sigletos.gr\/?post_type=product&#038;p=29391"},"modified":"2022-08-08T10:37:35","modified_gmt":"2022-08-08T08:37:35","slug":"%cf%83%cf%85%ce%bd%cf%84%ce%b7%cf%81%ce%b7%cf%84%ce%b9%ce%ba%cf%8c-%ce%be%cf%8d%ce%bb%ce%bf%cf%85-%ce%b4%ce%b9%ce%b1%ce%bb%cf%8d%cf%84%ce%bf%cf%85-%ce%b3%ce%b9%ce%b1-%cf%80%cf%81%ce%bf%cf%83%cf%84","status":"publish","type":"product","link":"https:\/\/sigletos.gr\/de\/produkt\/%cf%83%cf%85%ce%bd%cf%84%ce%b7%cf%81%ce%b7%cf%84%ce%b9%ce%ba%cf%8c-%ce%be%cf%8d%ce%bb%ce%bf%cf%85-%ce%b4%ce%b9%ce%b1%ce%bb%cf%8d%cf%84%ce%bf%cf%85-%ce%b3%ce%b9%ce%b1-%cf%80%cf%81%ce%bf%cf%83%cf%84\/","title":{"rendered":"L\u00f6semittelhaltiges Holzschutzmittel zum Schutz vor Pilzen, W\u00fcrmern, Parasiten und holzzerst\u00f6renden Insekten XYLOFARM EXTRA"},"content":{"rendered":"<p>VORTEILE<br \/>\n\u2022 \u0395\u03be\u03b1\u03b9\u03c1\u03b5\u03c4\u03b9\u03ba\u03ae \u03b4\u03b9\u03b5\u03af\u03c3\u03b4\u03c5\u03c3\u03b7 \u03bc\u03ad\u03c3\u03b1 \u03c3\u03c4\u03bf \u03be\u03cd\u03bb\u03bf (\u03c3\u03b5 \u03ad\u03ba\u03c4\u03b1\u03c3\u03b7 \u03ba\u03b1\u03b9 \u03c4\u03b1\u03c7\u03cd\u03c4\u03b7\u03c4\u03b1)<br \/>\n\u2022 \u0391\u03c0\u03bf\u03c4\u03b5\u03bb\u03b5\u03c3\u03bc\u03b1\u03c4\u03b9\u03ba\u03cc \u03b5\u03bd\u03ac\u03bd\u03c4\u03b9\u03b1 \u03c3\u03b5 \u03cc\u03bb\u03b1 \u03c4\u03b1 \u03ad\u03bd\u03c4\u03bf\u03bc\u03b1 \u03c0\u03bf\u03c5 \u03c0\u03c1\u03bf\u03c3\u03b2\u03ac\u03bb\u03bb\u03bf\u03c5\u03bd \u03c4\u03bf \u03be\u03cd\u03bb\u03bf<br \/>\n\u2022 \u039c\u03b1\u03ba\u03c1\u03bf\u03c7\u03c1\u03cc\u03bd\u03b9\u03b1 \u03c0\u03c1\u03bf\u03c3\u03c4\u03b1\u03c3\u03af\u03b1<br \/>\n\u2022 \u03a0\u03c1\u03bf\u03c3\u03c4\u03b1\u03c3\u03af\u03b1 \u03b1\u03c0\u03cc \u03c4\u03b7\u03bd \u03ba\u03c5\u03ac\u03bd\u03c9\u03c3\u03b7<br \/>\n\u2022 Hervorragende Alterungsbest\u00e4ndigkeit<br \/>\nANWENDUNGEN<br \/>\n\u2022 \u03a0\u03c1\u03bf\u03c3\u03c4\u03b1\u03c3\u03af\u03b1 \u03c3\u03b5 \u03ba\u03b1\u03b9\u03bd\u03bf\u03cd\u03c1\u03b3\u03b9\u03b5\u03c2 \u03be\u03cd\u03bb\u03b9\u03bd\u03b5\u03c2 \u03ba\u03b1\u03c4\u03b1\u03c3\u03ba\u03b5\u03c5\u03ad\u03c2 \u03cc\u03c0\u03c9\u03c2 \u03be\u03c5\u03bb\u03b5\u03af\u03b1 \u03c3\u03c4\u03ad\u03b3\u03b7\u03c2,<br \/>\n\u03c0\u03cc\u03c1\u03c4\u03b5\u03c2, \u03c0\u03b1\u03c1\u03ac\u03b8\u03c5\u03c1\u03b1, \u03ba\u03b1\u03b4\u03c1\u03cc\u03bd\u03b9\u03b1 \u03c3\u03c4\u03ae\u03c1\u03b9\u03be\u03b7\u03c2, \u03be\u03cd\u03bb\u03b9\u03bd\u03bf\u03c5\u03c2 \u03c6\u03c1\u03ac\u03ba\u03c4\u03b5\u03c2, \u03c0\u03ad\u03c1\u03b3\u03ba\u03bf\u03bb\u03b5\u03c2,<br \/>\n\u03be\u03c5\u03bb\u03b5\u03c0\u03b5\u03bd\u03b4\u03cd\u03c3\u03b5\u03b9\u03c2 \u03ba\u03bb\u03c0.<br \/>\n\u2022 \u03a0\u03c1\u03bf\u03c3\u03c4\u03b1\u03c3\u03af\u03b1 \u03c5\u03c6\u03b9\u03c3\u03c4\u03ac\u03bc\u03b5\u03bd\u03c9\u03bd \u03be\u03cd\u03bb\u03b9\u03bd\u03c9\u03bd \u03ba\u03b1\u03c4\u03b1\u03c3\u03ba\u03b5\u03c5\u03ce\u03bd \u03ba\u03b1\u03b9 \u03b5\u03c0\u03af\u03c0\u03bb\u03c9\u03bd<br \/>\n\u2022 \u039a\u03b1\u03c4\u03ac\u03bb\u03bb\u03b7\u03bb\u03bf \u03b3\u03b9\u03b1 \u03b5\u03be\u03c9\u03c4\u03b5\u03c1\u03b9\u03ba\u03ad\u03c2 \u03be\u03cd\u03bb\u03b9\u03bd\u03b5\u03c2 \u03b5\u03c0\u03b9\u03c6\u03ac\u03bd\u03b5\u03b9\u03b5\u03c2 \u03c0\u03bf\u03c5 \u03b4\u03b5\u03bd \u03b2\u03c1\u03af\u03c3\u03ba\u03bf\u03bd\u03c4\u03b1\u03b9<br \/>\n\u03c3\u03b5 \u03b5\u03c0\u03b1\u03c6\u03ae \u03bc\u03b5 \u03c4\u03bf \u03ad\u03b4\u03b1\u03c6\u03bf\u03c2 \u03ba\u03b1\u03b9 \u03c4\u03bf \u03bd\u03b5\u03c1\u03cc. \u0393\u03b9\u03b1 \u03c0\u03c1\u03bf\u03c3\u03b2\u03b5\u03b2\u03bb\u03b7\u03bc\u03ad\u03bd\u03b1 \u03b1\u03c0\u03cc \u03c3\u03b1\u03c1\u03ac\u03ba\u03b9<br \/>\n\u03be\u03cd\u03bb\u03b1 \u03c3\u03c5\u03bd\u03b9\u03c3\u03c4\u03ac\u03c4\u03b1\u03b9 \u03c4\u03bf XYLOFARM AQUA KILLER<\/p>","protected":false},"excerpt":{"rendered":"<p>XYLOFARM EXTRA ist ein transparentes Holzschutzmittel auf L\u00f6semittelbasis, von besonderer<br \/>\nZusammensetzung, die eindringt und tief wirkt, um vor Pilzen zu sch\u00fctzen,<br \/>\nW\u00fcrmer, Parasiten und Insekten, die Holz zerst\u00f6ren (einschlie\u00dflich<br \/>\n(einschlie\u00dflich Termiten). Sch\u00fctzt Holz vor F\u00e4ulnis und Bl\u00e4ue<br \/>\nFlecken. Die Oberfl\u00e4chen, auf die XYLOFARM EXTRA aufgetragen wurde,<br \/>\nmuss vor der Witterungseinwirkung mit einer Schlussbeschichtung gesch\u00fctzt werden<br \/>\nBedingungen. Wir empfehlen die Anwendung von D\u00c9COR XYLOFARM Lacken<br \/>\noder D\u00c9COR XYLOFARM AQUA f\u00fcr umfassenden Schutz und Farbgebung.<br \/>\nAlternativ k\u00f6nnen Sie aus einer gro\u00dfen Auswahl an Holzlacken w\u00e4hlen.<br \/>\nSchutz, den unser Unternehmen genie\u00dft.<\/p>","protected":false},"featured_media":29392,"comment_status":"closed","ping_status":"closed","template":"","meta":[],"product_brand":[],"product_cat":[570,86],"product_tag":[],"class_list":{"0":"post-29391","1":"product","2":"type-product","3":"status-publish","4":"has-post-thumbnail","6":"product_cat-570","7":"product_cat-xromata","8":"pa_brand-mercola","9":"pa_--19lt","10":"pa_--5-lt","11":"pa_--750ml","13":"first","14":"instock","15":"taxable","16":"shipping-taxable","17":"purchasable","18":"product-type-variable"},"_links":{"self":[{"href":"https:\/\/sigletos.gr\/de\/wp-json\/wp\/v2\/product\/29391","targetHints":{"allow":["GET"]}}],"collection":[{"href":"https:\/\/sigletos.gr\/de\/wp-json\/wp\/v2\/product"}],"about":[{"href":"https:\/\/sigletos.gr\/de\/wp-json\/wp\/v2\/types\/product"}],"replies":[{"embeddable":true,"href":"https:\/\/sigletos.gr\/de\/wp-json\/wp\/v2\/comments?post=29391"}],"version-history":[{"count":0,"href":"https:\/\/sigletos.gr\/de\/wp-json\/wp\/v2\/product\/29391\/revisions"}],"wp:featuredmedia":[{"embeddable":true,"href":"https:\/\/sigletos.gr\/de\/wp-json\/wp\/v2\/media\/29392"}],"wp:attachment":[{"href":"https:\/\/sigletos.gr\/de\/wp-json\/wp\/v2\/media?parent=29391"}],"wp:term":[{"taxonomy":"product_brand","embeddable":true,"href":"https:\/\/sigletos.gr\/de\/wp-json\/wp\/v2\/product_brand?post=29391"},{"taxonomy":"product_cat","embeddable":true,"href":"https:\/\/sigletos.gr\/de\/wp-json\/wp\/v2\/product_cat?post=29391"},{"taxonomy":"product_tag","embeddable":true,"href":"https:\/\/sigletos.gr\/de\/wp-json\/wp\/v2\/product_tag?post=29391"}],"curies":[{"name":"wp","href":"https:\/\/api.w.org\/{rel}","templated":true}]}}