{"id":29438,"date":"2022-08-08T11:26:10","date_gmt":"2022-08-08T09:26:10","guid":{"rendered":"https:\/\/sigletos.gr\/?post_type=product&#038;p=29438"},"modified":"2022-08-08T11:26:47","modified_gmt":"2022-08-08T09:26:47","slug":"%ce%b4%ce%b9%cf%80%ce%bb%ce%ac-%ce%b2%cf%81%ce%b1%cf%83%ce%bc%ce%ad%ce%bd%ce%bf-%ce%bb%ce%b9%ce%bd%ce%ad%ce%bb%ce%b1%ce%b9%ce%bf-%ce%b3%ce%b9%ce%b1-%cf%80%ce%b1%cf%81%ce%b1%ce%b4%ce%bf%cf%83%ce%b9","status":"publish","type":"product","link":"https:\/\/sigletos.gr\/de\/produkt\/%ce%b4%ce%b9%cf%80%ce%bb%ce%ac-%ce%b2%cf%81%ce%b1%cf%83%ce%bc%ce%ad%ce%bd%ce%bf-%ce%bb%ce%b9%ce%bd%ce%ad%ce%bb%ce%b1%ce%b9%ce%bf-%ce%b3%ce%b9%ce%b1-%cf%80%ce%b1%cf%81%ce%b1%ce%b4%ce%bf%cf%83%ce%b9\/","title":{"rendered":"Doppelt gekochtes Lein\u00f6l f\u00fcr den traditionellen Massivholzschutz DOPPELT GEKOCHTES LEIN\u00d6L"},"content":{"rendered":"<p>VORTEILE<br \/>\n\u2022 \u0395\u03b9\u03b4\u03b9\u03ba\u03ae \u03ba\u03b1\u03c4\u03b5\u03c1\u03b3\u03b1\u03c3\u03af\u03b1 \u03b4\u03b9\u03c0\u03bb\u03bf\u03cd \u03b2\u03c1\u03b1\u03c3\u03bc\u03bf\u03cd<br \/>\n\u2022 \u0394\u03af\u03bd\u03b5\u03b9 \u03c3\u03c4\u03bf \u03be\u03cd\u03bb\u03bf \u03c4\u03b7 \u03c6\u03c5\u03c3\u03b9\u03ba\u03ae \u03c4\u03bf\u03c5 \u03bb\u03ac\u03bc\u03c8\u03b7<br \/>\n\u2022 \u03a0\u03c1\u03bf\u03c3\u03c6\u03ad\u03c1\u03b5\u03b9 \u03c0\u03b1\u03c1\u03b1\u03b4\u03bf\u03c3\u03b9\u03b1\u03ba\u03cc \u03c3\u03ba\u03bb\u03b7\u03c1\u03cc \u03c6\u03b9\u03bd\u03af\u03c1\u03b9\u03c3\u03bc\u03b1<br \/>\n\u2022 \u0394\u03b9\u03b5\u03b9\u03c3\u03b4\u03cd\u03b5\u03b9 \u03b2\u03b1\u03b8\u03b9\u03ac \u03bc\u03ad\u03c3\u03b1 \u03c3\u03c4\u03bf \u03be\u03cd\u03bb\u03bf \u03ba\u03b1\u03b9 \u03b1\u03bd\u03c4\u03b9\u03ba\u03b1\u03b8\u03b9\u03c3\u03c4\u03ac \u03c4\u03b1 \u03c6\u03c5\u03c3\u03b9\u03ba\u03ac \u03ad\u03bb\u03b1\u03b9\u03b1 \u03c0\u03bf\u03c5<br \/>\n\u03c7\u03ac\u03bd\u03bf\u03bd\u03c4\u03b1\u03b9 \u03bc\u03b5 \u03c4\u03bf \u03c0\u03ad\u03c1\u03b1\u03c3\u03bc\u03b1 \u03c4\u03bf\u03c5 \u03c7\u03c1\u03cc\u03bd\u03bf\u03c5<br \/>\n\u2022 \u0388\u03c7\u03b5\u03b9 \u03bc\u03b5\u03b3\u03ac\u03bb\u03b7 \u03b5\u03bb\u03b1\u03c3\u03c4\u03b9\u03ba\u03cc\u03c4\u03b7\u03c4\u03b1 \u03c0\u03bf\u03c5 \u03c4\u03bf\u03c5 \u03b5\u03c0\u03b9\u03c4\u03c1\u03ad\u03c0\u03b5\u03b9 \u03bd\u03b1 \u03b1\u03ba\u03bf\u03bb\u03bf\u03c5\u03b8\u03b5\u03af \u03c4\u03b9\u03c2 \u03c3\u03c5\u03c3\u03c4\u03bf\u03bb\u03ad\u03c2 \u03ba\u03b1\u03b9<br \/>\n\u03b4\u03b9\u03b1\u03c3\u03c4\u03bf\u03bb\u03ad\u03c2 \u03c4\u03bf\u03c5 \u03be\u03cd\u03bb\u03bf\u03c5 \u03c7\u03c9\u03c1\u03af\u03c2 \u03bd\u03b1 \u03be\u03b5\u03c6\u03bb\u03bf\u03c5\u03b4\u03af\u03b6\u03b5\u03b9, \u03bd\u03b1 \u03c6\u03bf\u03c5\u03c3\u03ba\u03ce\u03bd\u03b5\u03b9 \u03ae \u03bd\u03b1 \u03c3\u03c0\u03ac\u03b5\u03b9.<br \/>\n\u2022 \u03a5\u03b4\u03b1\u03c4\u03bf\u03b1\u03c0\u03c9\u03b8\u03b7\u03c4\u03b9\u03ba\u03cc<br \/>\n\u2022 \u0399\u03b4\u03b9\u03b1\u03af\u03c4\u03b5\u03c1\u03b1 \u03b1\u03c0\u03bf\u03b4\u03bf\u03c4\u03b9\u03ba\u03cc \u03ba\u03b1\u03b9 \u03bf\u03b9\u03ba\u03bf\u03bd\u03bf\u03bc\u03b9\u03ba\u03cc<br \/>\nANWENDUNGEN<br \/>\n\u2022 \u03a6\u03b9\u03bd\u03af\u03c1\u03b9\u03c3\u03bc\u03b1 \u03ba\u03ac\u03b8\u03b5 \u03ba\u03b1\u03b9\u03bd\u03bf\u03cd\u03c1\u03b3\u03b9\u03b1\u03c2 \u03be\u03cd\u03bb\u03b9\u03bd\u03b7\u03c2 \u03ba\u03b1\u03c4\u03b1\u03c3\u03ba\u03b5\u03c5\u03ae\u03c2 \u03c0\u03bf\u03c5 \u03b8\u03ad\u03bb\u03bf\u03c5\u03bc\u03b5 \u03bd\u03b1<br \/>\n\u03b4\u03ce\u03c3\u03bf\u03c5\u03bc\u03b5 \u03c6\u03c5\u03c3\u03b9\u03ba\u03ae \u03cc\u03c8\u03b7 \u03b1\u03c0\u03bf\u03c6\u03b5\u03cd\u03b3\u03bf\u03bd\u03c4\u03b1\u03c2 \u03c4\u03bf \u03b2\u03b5\u03c1\u03bd\u03af\u03ba\u03b9 \u03cc\u03c0\u03c9\u03c2 \u03ba\u03bf\u03c5\u03c6\u03ce\u03bc\u03b1\u03c4\u03b1, \u03bf\u03c1\u03bf\u03c6\u03ad\u03c2,<br \/>\n\u03c0\u03b1\u03bd\u03c4\u03b6\u03bf\u03cd\u03c1\u03b9\u03b1, \u03ba\u03bf\u03c5\u03c0\u03b1\u03c3\u03c4\u03ad\u03c2, \u03c0\u03b1\u03c1\u03b1\u03b8\u03b1\u03bb\u03ac\u03c3\u03c3\u03b9\u03b5\u03c2 \u03ba\u03b1\u03c4\u03b1\u03c3\u03ba\u03b5\u03c5\u03ad\u03c2, \u03c3\u03ba\u03ac\u03c6\u03b7, \u03ba\u03ac\u03b3\u03ba\u03b5\u03bb\u03b1 \u03ba\u03bb\u03c0.<br \/>\n\u2022 \u0399\u03b4\u03b1\u03bd\u03b9\u03ba\u03cc \u03b3\u03b9\u03b1 \u03ad\u03c0\u03b9\u03c0\u03bb\u03b1 \u03b5\u03c3\u03c9\u03c4\u03b5\u03c1\u03b9\u03ba\u03ce\u03bd \u03c7\u03ce\u03c1\u03c9\u03bd.<br \/>\n\u2022 \u039a\u03b1\u03c4\u03ac\u03bb\u03bb\u03b7\u03bb\u03bf \u03b3\u03b9\u03b1 \u03bc\u03b1\u03bb\u03b1\u03ba\u03ac \u03ba\u03b1\u03b9 \u03c3\u03ba\u03bb\u03b7\u03c1\u03ac \u03bc\u03b1\u03c3\u03af\u03c6 \u03be\u03cd\u03bb\u03b1.<br \/>\n\u2022 \u0395\u03c6\u03b1\u03c1\u03bc\u03cc\u03b6\u03b5\u03c4\u03b1\u03b9 \u03bc\u03cc\u03bd\u03bf \u03c3\u03b5 \u03bd\u03ad\u03b1 \u03ae \u03b3\u03c5\u03bc\u03bd\u03ac \u03be\u03cd\u03bb\u03b1 \u03bc\u03b5\u03c4\u03ac \u03c4\u03b7\u03bd \u03b1\u03c0\u03bf\u03bc\u03ac\u03ba\u03c1\u03c5\u03bd\u03c3\u03b7 \u03c0\u03b1\u03bb\u03b1\u03b9\u03ce\u03bd<br \/>\n\u03c7\u03c1\u03c9\u03bc\u03ac\u03c4\u03c9\u03bd \u03ba\u03b1\u03b9 \u03b2\u03b5\u03c1\u03bd\u03b9\u03ba\u03b9\u03ce\u03bd.<br \/>\n\u2022 \u03a7\u03c1\u03b7\u03c3\u03b9\u03bc\u03bf\u03c0\u03bf\u03b9\u03b5\u03af\u03c4\u03b1\u03b9 \u03b3\u03b9\u03b1 \u03c4\u03b7\u03bd \u03b1\u03c1\u03b1\u03af\u03c9\u03c3\u03b7 \u03c7\u03c1\u03c9\u03bc\u03ac\u03c4\u03c9\u03bd \u03ba\u03b1\u03b9 \u03b2\u03b5\u03c1\u03bd\u03b9\u03ba\u03b9\u03ce\u03bd \u03ba\u03b1\u03b9<br \/>\n\u03c0\u03b1\u03c1\u03b1\u03b4\u03bf\u03c3\u03b9\u03b1\u03ba\u03bf\u03cd \u03bb\u03b1\u03b4\u03cc\u03c3\u03c4\u03bf\u03ba\u03bf\u03c5.<br \/>\n\u2022 \u03a7\u03c1\u03b7\u03c3\u03b9\u03bc\u03bf\u03c0\u03bf\u03b9\u03b5\u03af\u03c4\u03b1\u03b9 \u03b3\u03b9\u03b1 \u03c4\u03b7\u03bd \u03c0\u03b1\u03c1\u03b1\u03b3\u03c9\u03b3\u03ae \u03bf\u03b9\u03ba\u03bf\u03bb\u03bf\u03b3\u03b9\u03ba\u03ce\u03bd \u03b2\u03b5\u03c1\u03bd\u03b9\u03ba\u03bf\u03c7\u03c1\u03c9\u03bc\u03ac\u03c4\u03c9\u03bd \u03bb\u03b1\u03b4\u03b9\u03bf\u03cd<br \/>\n\u2022 \u039a\u03b1\u03c4\u03ac\u03bb\u03bb\u03b7\u03bb\u03bf \u03c9\u03c2 \u03c3\u03c6\u03c1\u03b1\u03b3\u03b9\u03c3\u03c4\u03b9\u03ba\u03cc \u03c3\u03b5 \u03c0\u03bb\u03b1\u03ba\u03af\u03b4\u03b9\u03b1 \u03c4\u03b5\u03c1\u03b1\u03ba\u03cc\u03c4\u03b1\u03c2 \u03ba\u03b1\u03b9 \u03ac\u03bb\u03bb\u03b5\u03c2 \u03c0\u03bf\u03c1\u03ce\u03b4\u03b5\u03b9\u03c2<br \/>\n\u03b5\u03c0\u03b9\u03c6\u03ac\u03bd\u03b5\u03b9\u03b5\u03c2 \u03cc\u03c0\u03c9\u03c2 \u03c3\u03ba\u03c5\u03c1\u03cc\u03b4\u03b5\u03bc\u03b1 \u03c0\u03c1\u03b9\u03bd \u03b1\u03c0\u03cc \u03c4\u03b7\u03bd \u03b5\u03c6\u03b1\u03c1\u03bc\u03bf\u03b3\u03ae \u03ba\u03b5\u03c1\u03b9\u03bf\u03cd.<br \/>\n\u0391\u03a0\u039f\u0394\u039f\u03a3\u0397: 10 &#8211; 14m2\/Lt \u03b1\u03bd\u03ac\u03bb\u03bf\u03b3\u03b1 \u03bc\u03b5 \u03c4\u03b7\u03bd \u03b1\u03c0\u03bf\u03c1\u03c1\u03bf\u03c6\u03b7\u03c4\u03b9\u03ba\u03cc\u03c4\u03b7\u03c4\u03b1 \u03c4\u03bf\u03c5 \u03be\u03cd\u03bb\u03bf\u03c5<\/p>","protected":false},"excerpt":{"rendered":"<p>DOPPELT GEKOCHTES LEIN\u00d6L ist ein \u00d6l h\u00f6chster Qualit\u00e4t, das<br \/>\nwird aus den gereiften und getrockneten Samen der Pflanze hergestellt<br \/>\nvon Flachs. Nach dem traditionellen Filterprozess<br \/>\nund die Doppelkochmethode erreicht eine schnellere Zeit<br \/>\nTrocknung und h\u00f6here Festigkeit im Vergleich zu Rohleinen-<br \/>\n\u00d6l. Dringt tief in das Holz ein und sorgt f\u00fcr ein hervorragendes nat\u00fcrliches Satin-Finish<br \/>\nOberfl\u00e4che \u2013 Patina. Es ist f\u00fcr alle Holzarten geeignet,<br \/>\nau\u00dfer Eiche. Es kann auch als traditionelles<br \/>\nVersiegelung auf Terrakottafliesen und anderen por\u00f6sen Oberfl\u00e4chen vor<br \/>\ndas Auftragen von Wachs.<\/p>","protected":false},"featured_media":29439,"comment_status":"closed","ping_status":"closed","template":"","meta":[],"product_brand":[],"product_cat":[570,86],"product_tag":[],"class_list":{"0":"post-29438","1":"product","2":"type-product","3":"status-publish","4":"has-post-thumbnail","6":"product_cat-570","7":"product_cat-xromata","8":"pa_brand-mercola","9":"pa_-1lt","10":"pa_-25lt","11":"pa_-500ml","13":"first","14":"instock","15":"taxable","16":"shipping-taxable","17":"purchasable","18":"product-type-variable"},"_links":{"self":[{"href":"https:\/\/sigletos.gr\/de\/wp-json\/wp\/v2\/product\/29438","targetHints":{"allow":["GET"]}}],"collection":[{"href":"https:\/\/sigletos.gr\/de\/wp-json\/wp\/v2\/product"}],"about":[{"href":"https:\/\/sigletos.gr\/de\/wp-json\/wp\/v2\/types\/product"}],"replies":[{"embeddable":true,"href":"https:\/\/sigletos.gr\/de\/wp-json\/wp\/v2\/comments?post=29438"}],"version-history":[{"count":0,"href":"https:\/\/sigletos.gr\/de\/wp-json\/wp\/v2\/product\/29438\/revisions"}],"wp:featuredmedia":[{"embeddable":true,"href":"https:\/\/sigletos.gr\/de\/wp-json\/wp\/v2\/media\/29439"}],"wp:attachment":[{"href":"https:\/\/sigletos.gr\/de\/wp-json\/wp\/v2\/media?parent=29438"}],"wp:term":[{"taxonomy":"product_brand","embeddable":true,"href":"https:\/\/sigletos.gr\/de\/wp-json\/wp\/v2\/product_brand?post=29438"},{"taxonomy":"product_cat","embeddable":true,"href":"https:\/\/sigletos.gr\/de\/wp-json\/wp\/v2\/product_cat?post=29438"},{"taxonomy":"product_tag","embeddable":true,"href":"https:\/\/sigletos.gr\/de\/wp-json\/wp\/v2\/product_tag?post=29438"}],"curies":[{"name":"wp","href":"https:\/\/api.w.org\/{rel}","templated":true}]}}