{"id":29447,"date":"2022-08-08T11:38:38","date_gmt":"2022-08-08T09:38:38","guid":{"rendered":"https:\/\/sigletos.gr\/?post_type=product&#038;p=29447"},"modified":"2022-08-08T11:38:38","modified_gmt":"2022-08-08T09:38:38","slug":"%cf%80%ce%bf%ce%bb%cf%85%ce%bf%cf%85%cf%81%ce%b5%ce%b8%ce%b1%ce%bd%ce%b9%ce%ba%cf%8c-%ce%b2%ce%b5%cf%81%ce%bd%ce%af%ce%ba%ce%b9-%ce%be%cf%8d%ce%bb%ce%bf%cf%85-%ce%b8%ce%b1%ce%bb%ce%ac%cf%83%cf%83","status":"publish","type":"product","link":"https:\/\/sigletos.gr\/de\/produkt\/%cf%80%ce%bf%ce%bb%cf%85%ce%bf%cf%85%cf%81%ce%b5%ce%b8%ce%b1%ce%bd%ce%b9%ce%ba%cf%8c-%ce%b2%ce%b5%cf%81%ce%bd%ce%af%ce%ba%ce%b9-%ce%be%cf%8d%ce%bb%ce%bf%cf%85-%ce%b8%ce%b1%ce%bb%ce%ac%cf%83%cf%83\/","title":{"rendered":"1-Komponenten-Polyurethan-Bootsholzlack YACHT VARNISH"},"content":{"rendered":"<p>VORTEILE<br \/>\n\u2022 \u0399\u03c3\u03c7\u03c5\u03c1\u03cc \u03b1\u03bd\u03b8\u03b5\u03ba\u03c4\u03b9\u03ba\u03cc \u03c6\u03b9\u03bd\u03af\u03c1\u03b9\u03c3\u03bc\u03b1<br \/>\n\u2022 \u0391\u03bd\u03c4\u03bf\u03c7\u03ae \u03c3\u03c4\u03b1 \u03c7\u03c4\u03c5\u03c0\u03ae\u03bc\u03b1\u03c4\u03b1 \u03ba\u03b1\u03b9 \u03be\u03b5\u03c6\u03bb\u03bf\u03c5\u03b4\u03af\u03c3\u03bc\u03b1\u03c4\u03b1<br \/>\n\u2022 \u0391\u03bd\u03c4\u03bf\u03c7\u03ae \u03c3\u03c4\u03b9\u03c2 \u03b1\u03ba\u03c4\u03af\u03bd\u03b5\u03c2 UV<br \/>\n\u2022 \u039c\u03b1\u03ba\u03c1\u03bf\u03c7\u03c1\u03cc\u03bd\u03b9\u03b1 \u03c0\u03c1\u03bf\u03c3\u03c4\u03b1\u03c3\u03af\u03b1<br \/>\n\u2022 \u0394\u03b9\u03b1\u03c6\u03b1\u03bd\u03ad\u03c2 \u03c6\u03b9\u03bd\u03af\u03c1\u03b9\u03c3\u03bc\u03b1<br \/>\nANWENDUNGEN<br \/>\n\u2022 \u0399\u03b4\u03b1\u03bd\u03b9\u03ba\u03cc \u03b3\u03b9\u03b1 \u03be\u03cd\u03bb\u03b9\u03bd\u03b5\u03c2 \u03ba\u03b1\u03c4\u03b1\u03c3\u03ba\u03b5\u03c5\u03ad\u03c2 \u03b5\u03be\u03c9\u03c4\u03b5\u03c1\u03b9\u03ba\u03ce\u03bd \u03ba\u03b1\u03b9 \u03b5\u03c3\u03c9\u03c4\u03b5\u03c1\u03b9\u03ba\u03ce\u03bd \u03c7\u03ce\u03c1\u03c9\u03bd \u03cc\u03c0\u03c9\u03c2<br \/>\n\u03c0\u03cc\u03c1\u03c4\u03b5\u03c2, \u03c0\u03b1\u03c1\u03ac\u03b8\u03c5\u03c1\u03b1, \u03ba\u03bf\u03c5\u03c6\u03ce\u03bc\u03b1\u03c4\u03b1, \u03c4\u03b1\u03b2\u03ac\u03bd\u03b9\u03b1, \u03be\u03c5\u03bb\u03b5\u03c0\u03b5\u03bd\u03b4\u03cd\u03c3\u03b5\u03b9\u03c2, \u03ba\u03bf\u03c5\u03c0\u03b1\u03c3\u03c4\u03ad\u03c2 \u03ba\u03bb\u03c0.<br \/>\n\u2022 \u039d\u03b1\u03c5\u03c4\u03b9\u03bb\u03b9\u03b1\u03ba\u03ad\u03c2 \u03b5\u03c6\u03b1\u03c1\u03bc\u03bf\u03b3\u03ad\u03c2<br \/>\n\u2022 \u039e\u03cd\u03bb\u03b9\u03bd\u03b1 \u03b4\u03ac\u03c0\u03b5\u03b4\u03b1 \u03b5\u03c3\u03c9\u03c4\u03b5\u03c1\u03b9\u03ba\u03ce\u03bd \u03ba\u03b1\u03b9 \u03b5\u03be\u03c9\u03c4\u03b5\u03c1\u03b9\u03ba\u03ce\u03bd \u03c7\u03ce\u03c1\u03c9\u03bd<br \/>\n\u0391\u03a0\u039f\u0394\u039f\u03a3\u0397: 6 &#8211; 10 m2\/Lt \u03b1\u03bd\u03ac\u03bb\u03bf\u03b3\u03b1 \u03bc\u03b5 \u03c4\u03b7\u03bd \u03b1\u03c0\u03bf\u03c1\u03c1\u03bf\u03c6\u03b7\u03c4\u03b9\u03ba\u03cc\u03c4\u03b7\u03c4\u03b1 \u03c4\u03bf\u03c5 \u03be\u03cd\u03bb\u03bf\u03c5.<\/p>","protected":false},"excerpt":{"rendered":"<p>YACHT VARNISH ist ein 1-Komponenten-Alkyd-Polyurethan-Lack,<br \/>\nMarine-Spezifikationen, die Holz langfristig sch\u00fctzen<br \/>\nOberfl\u00e4chen f\u00fcr Au\u00dfen- und Innenanwendungen. Enth\u00e4lt UV-Filter f\u00fcr<br \/>\nwirksamen Schutz vor Sonneneinstrahlung. Das spezielle Polyurethan<br \/>\nSeine einzigartige Zusammensetzung bietet eine langlebige Oberfl\u00e4che, die Widerstandsf\u00e4higkeit gegen<br \/>\nBeulen, Abbl\u00e4ttern und das Zusammenziehen und Ausdehnen des Holzes.<br \/>\nDie hervorragende Kombination aus H\u00e4rte und Elastizit\u00e4t macht es ideal<br \/>\nund f\u00fcr Bodenlack.<\/p>","protected":false},"featured_media":29448,"comment_status":"closed","ping_status":"closed","template":"","meta":[],"product_brand":[],"product_cat":[203,86],"product_tag":[],"class_list":{"0":"post-29447","1":"product","2":"type-product","3":"status-publish","4":"has-post-thumbnail","6":"product_cat-203","7":"product_cat-xromata","8":"pa_brand-mercola","9":"pa_--25lt","10":"pa_--750ml","14":"first","15":"instock","16":"taxable","17":"shipping-taxable","18":"purchasable","19":"product-type-variable"},"_links":{"self":[{"href":"https:\/\/sigletos.gr\/de\/wp-json\/wp\/v2\/product\/29447","targetHints":{"allow":["GET"]}}],"collection":[{"href":"https:\/\/sigletos.gr\/de\/wp-json\/wp\/v2\/product"}],"about":[{"href":"https:\/\/sigletos.gr\/de\/wp-json\/wp\/v2\/types\/product"}],"replies":[{"embeddable":true,"href":"https:\/\/sigletos.gr\/de\/wp-json\/wp\/v2\/comments?post=29447"}],"version-history":[{"count":0,"href":"https:\/\/sigletos.gr\/de\/wp-json\/wp\/v2\/product\/29447\/revisions"}],"wp:featuredmedia":[{"embeddable":true,"href":"https:\/\/sigletos.gr\/de\/wp-json\/wp\/v2\/media\/29448"}],"wp:attachment":[{"href":"https:\/\/sigletos.gr\/de\/wp-json\/wp\/v2\/media?parent=29447"}],"wp:term":[{"taxonomy":"product_brand","embeddable":true,"href":"https:\/\/sigletos.gr\/de\/wp-json\/wp\/v2\/product_brand?post=29447"},{"taxonomy":"product_cat","embeddable":true,"href":"https:\/\/sigletos.gr\/de\/wp-json\/wp\/v2\/product_cat?post=29447"},{"taxonomy":"product_tag","embeddable":true,"href":"https:\/\/sigletos.gr\/de\/wp-json\/wp\/v2\/product_tag?post=29447"}],"curies":[{"name":"wp","href":"https:\/\/api.w.org\/{rel}","templated":true}]}}